{"id":122,"date":"2018-04-18T13:52:46","date_gmt":"2018-04-18T11:52:46","guid":{"rendered":"http:\/\/www.parsum.de\/en\/?page_id=122"},"modified":"2018-05-03T13:22:51","modified_gmt":"2018-05-03T11:22:51","slug":"pharmaceutical-industry","status":"publish","type":"page","link":"https:\/\/www.parsum.de\/en\/sectors\/pharmaceutical-industry\/","title":{"rendered":"Pharmaceutical industry"},"content":{"rendered":"<div class=\"wpb-content-wrapper\"><p>[vc_row css=&#8221;.vc_custom_1509697057563{padding-top: 70px !important;}&#8221;][vc_column width=&#8221;2\/3&#8243;][vc_column_text]Pharmaceutical products and processes are subject to extremely stringent requirements with regard to safety, reliability and quality. We offer innovative solutions for the inline measurement of particle size distributions in all processes involved in the production of granulates, powders and pellets for solid administration forms. From laboratory-scale to process-scale applications, for more than 10 years, Parsum probes have proved invaluable during product and process development, as well as in routine production. Our extensive expertise means that we can help support you in the implementation and qualification of our particle probes.<\/p>\n<p>In an extremely wide range of various fluidised bed, pellet coating, high shear, hot melt, spray drying, extrusion and other processes, Parsum probes can continuously track the particle size distribution inline, providing measured values in real time. Whether in batch or continuous processes, Parsum probes support the implementation of your PAT concepts for innovative production processes in accordance with the FDA\u2019s QbD guidelines.<\/p>\n<p>With our pharmaceutical software ParsumView, which meets the requirements set out in 21 CFR Part 11, we can realize both individual solutions and integrated holistic solutions with data transfer via OPC for process control or with central PAT software.[\/vc_column_text]<style type=\"text\/css\" data-type=\"the7_shortcodes-inline-css\">#default-btn-42d52195ce397a9493f08cde6ea774f8.ico-right-side > i {\n  margin-right: 0px;\n  margin-left: 8px;\n}\n#default-btn-42d52195ce397a9493f08cde6ea774f8 > i {\n  margin-right: 8px;\n}\n<\/style><div class=\"btn-align-center\"><a href=\"\/en\/particle-probes\/ipp-80-p-pharma-probe\/\" class=\"default-btn-shortcode dt-btn dt-btn-m link-hover-off \" id=\"default-btn-42d52195ce397a9493f08cde6ea774f8\"><span>IPP 80-P \u2013 pharma probe<\/span><\/a><\/div>[\/vc_column][vc_column width=&#8221;1\/3&#8243;][vc_single_image image=&#8221;123&#8243; img_size=&#8221;full&#8221; image_hovers=&#8221;false&#8221; lazy_loading=&#8221;true&#8221;][\/vc_column][\/vc_row][vc_row][vc_column][vc_empty_space][\/vc_column][\/vc_row]<\/p>\n<\/div>","protected":false},"excerpt":{"rendered":"<p>[vc_row css=&#8221;.vc_custom_1509697057563{padding-top: 70px !important;}&#8221;][vc_column width=&#8221;2\/3&#8243;][vc_column_text]Pharmaceutical products and processes are subject to extremely stringent requirements with regard to safety, reliability and quality. We offer innovative solutions for the inline measurement of particle size distributions in all processes involved in the production of granulates, powders and pellets for solid administration forms. From laboratory-scale to process-scale applications, for&hellip;<\/p>\n","protected":false},"author":1,"featured_media":0,"parent":41,"menu_order":0,"comment_status":"closed","ping_status":"closed","template":"","meta":{"footnotes":""},"class_list":["post-122","page","type-page","status-publish","hentry","description-off"],"yoast_head":"<!-- This site is optimized with the Yoast SEO plugin v25.1 - https:\/\/yoast.com\/wordpress\/plugins\/seo\/ -->\n<title>Pharmaceutical industry - Parsum EN<\/title>\n<meta name=\"robots\" content=\"index, follow, max-snippet:-1, max-image-preview:large, max-video-preview:-1\" \/>\n<link rel=\"canonical\" href=\"https:\/\/www.parsum.de\/en\/sectors\/pharmaceutical-industry\/\" \/>\n<meta property=\"og:locale\" content=\"en_GB\" \/>\n<meta property=\"og:type\" content=\"article\" \/>\n<meta property=\"og:title\" content=\"Pharmaceutical industry - Parsum EN\" \/>\n<meta property=\"og:description\" content=\"[vc_row css=&#8221;.vc_custom_1509697057563{padding-top: 70px !important;}&#8221;][vc_column width=&#8221;2\/3&#8243;][vc_column_text]Pharmaceutical products and processes are subject to extremely stringent requirements with regard to safety, reliability and quality. We offer innovative solutions for the inline measurement of particle size distributions in all processes involved in the production of granulates, powders and pellets for solid administration forms. From laboratory-scale to process-scale applications, for&hellip;\" \/>\n<meta property=\"og:url\" content=\"https:\/\/www.parsum.de\/en\/sectors\/pharmaceutical-industry\/\" \/>\n<meta property=\"og:site_name\" content=\"Parsum EN\" \/>\n<meta property=\"article:modified_time\" content=\"2018-05-03T11:22:51+00:00\" \/>\n<meta name=\"twitter:card\" content=\"summary_large_image\" \/>\n<meta name=\"twitter:label1\" content=\"Estimated reading time\" \/>\n\t<meta name=\"twitter:data1\" content=\"1 minute\" \/>\n<script type=\"application\/ld+json\" class=\"yoast-schema-graph\">{\"@context\":\"https:\/\/schema.org\",\"@graph\":[{\"@type\":\"WebPage\",\"@id\":\"https:\/\/www.parsum.de\/en\/sectors\/pharmaceutical-industry\/\",\"url\":\"https:\/\/www.parsum.de\/en\/sectors\/pharmaceutical-industry\/\",\"name\":\"Pharmaceutical industry - Parsum EN\",\"isPartOf\":{\"@id\":\"https:\/\/www.parsum.de\/en\/#website\"},\"datePublished\":\"2018-04-18T11:52:46+00:00\",\"dateModified\":\"2018-05-03T11:22:51+00:00\",\"breadcrumb\":{\"@id\":\"https:\/\/www.parsum.de\/en\/sectors\/pharmaceutical-industry\/#breadcrumb\"},\"inLanguage\":\"en-GB\",\"potentialAction\":[{\"@type\":\"ReadAction\",\"target\":[\"https:\/\/www.parsum.de\/en\/sectors\/pharmaceutical-industry\/\"]}]},{\"@type\":\"BreadcrumbList\",\"@id\":\"https:\/\/www.parsum.de\/en\/sectors\/pharmaceutical-industry\/#breadcrumb\",\"itemListElement\":[{\"@type\":\"ListItem\",\"position\":1,\"name\":\"Startseite\",\"item\":\"https:\/\/www.parsum.de\/en\/\"},{\"@type\":\"ListItem\",\"position\":2,\"name\":\"Sectors\",\"item\":\"https:\/\/www.parsum.de\/en\/sectors\/\"},{\"@type\":\"ListItem\",\"position\":3,\"name\":\"Pharmaceutical industry\"}]},{\"@type\":\"WebSite\",\"@id\":\"https:\/\/www.parsum.de\/en\/#website\",\"url\":\"https:\/\/www.parsum.de\/en\/\",\"name\":\"Parsum EN\",\"description\":\"Gesellschaft f\u00fcr Partikel-, Str\u00f6mungs- und Umweltme\u00dftechnik mbH\",\"potentialAction\":[{\"@type\":\"SearchAction\",\"target\":{\"@type\":\"EntryPoint\",\"urlTemplate\":\"https:\/\/www.parsum.de\/en\/?s={search_term_string}\"},\"query-input\":{\"@type\":\"PropertyValueSpecification\",\"valueRequired\":true,\"valueName\":\"search_term_string\"}}],\"inLanguage\":\"en-GB\"}]}<\/script>\n<!-- \/ Yoast SEO plugin. -->","yoast_head_json":{"title":"Pharmaceutical industry - Parsum EN","robots":{"index":"index","follow":"follow","max-snippet":"max-snippet:-1","max-image-preview":"max-image-preview:large","max-video-preview":"max-video-preview:-1"},"canonical":"https:\/\/www.parsum.de\/en\/sectors\/pharmaceutical-industry\/","og_locale":"en_GB","og_type":"article","og_title":"Pharmaceutical industry - Parsum EN","og_description":"[vc_row css=&#8221;.vc_custom_1509697057563{padding-top: 70px !important;}&#8221;][vc_column width=&#8221;2\/3&#8243;][vc_column_text]Pharmaceutical products and processes are subject to extremely stringent requirements with regard to safety, reliability and quality. We offer innovative solutions for the inline measurement of particle size distributions in all processes involved in the production of granulates, powders and pellets for solid administration forms. From laboratory-scale to process-scale applications, for&hellip;","og_url":"https:\/\/www.parsum.de\/en\/sectors\/pharmaceutical-industry\/","og_site_name":"Parsum EN","article_modified_time":"2018-05-03T11:22:51+00:00","twitter_card":"summary_large_image","twitter_misc":{"Estimated reading time":"1 minute"},"schema":{"@context":"https:\/\/schema.org","@graph":[{"@type":"WebPage","@id":"https:\/\/www.parsum.de\/en\/sectors\/pharmaceutical-industry\/","url":"https:\/\/www.parsum.de\/en\/sectors\/pharmaceutical-industry\/","name":"Pharmaceutical industry - Parsum EN","isPartOf":{"@id":"https:\/\/www.parsum.de\/en\/#website"},"datePublished":"2018-04-18T11:52:46+00:00","dateModified":"2018-05-03T11:22:51+00:00","breadcrumb":{"@id":"https:\/\/www.parsum.de\/en\/sectors\/pharmaceutical-industry\/#breadcrumb"},"inLanguage":"en-GB","potentialAction":[{"@type":"ReadAction","target":["https:\/\/www.parsum.de\/en\/sectors\/pharmaceutical-industry\/"]}]},{"@type":"BreadcrumbList","@id":"https:\/\/www.parsum.de\/en\/sectors\/pharmaceutical-industry\/#breadcrumb","itemListElement":[{"@type":"ListItem","position":1,"name":"Startseite","item":"https:\/\/www.parsum.de\/en\/"},{"@type":"ListItem","position":2,"name":"Sectors","item":"https:\/\/www.parsum.de\/en\/sectors\/"},{"@type":"ListItem","position":3,"name":"Pharmaceutical industry"}]},{"@type":"WebSite","@id":"https:\/\/www.parsum.de\/en\/#website","url":"https:\/\/www.parsum.de\/en\/","name":"Parsum EN","description":"Gesellschaft f\u00fcr Partikel-, Str\u00f6mungs- und Umweltme\u00dftechnik mbH","potentialAction":[{"@type":"SearchAction","target":{"@type":"EntryPoint","urlTemplate":"https:\/\/www.parsum.de\/en\/?s={search_term_string}"},"query-input":{"@type":"PropertyValueSpecification","valueRequired":true,"valueName":"search_term_string"}}],"inLanguage":"en-GB"}]}},"_links":{"self":[{"href":"https:\/\/www.parsum.de\/en\/wp-json\/wp\/v2\/pages\/122","targetHints":{"allow":["GET"]}}],"collection":[{"href":"https:\/\/www.parsum.de\/en\/wp-json\/wp\/v2\/pages"}],"about":[{"href":"https:\/\/www.parsum.de\/en\/wp-json\/wp\/v2\/types\/page"}],"author":[{"embeddable":true,"href":"https:\/\/www.parsum.de\/en\/wp-json\/wp\/v2\/users\/1"}],"replies":[{"embeddable":true,"href":"https:\/\/www.parsum.de\/en\/wp-json\/wp\/v2\/comments?post=122"}],"version-history":[{"count":3,"href":"https:\/\/www.parsum.de\/en\/wp-json\/wp\/v2\/pages\/122\/revisions"}],"predecessor-version":[{"id":323,"href":"https:\/\/www.parsum.de\/en\/wp-json\/wp\/v2\/pages\/122\/revisions\/323"}],"up":[{"embeddable":true,"href":"https:\/\/www.parsum.de\/en\/wp-json\/wp\/v2\/pages\/41"}],"wp:attachment":[{"href":"https:\/\/www.parsum.de\/en\/wp-json\/wp\/v2\/media?parent=122"}],"curies":[{"name":"wp","href":"https:\/\/api.w.org\/{rel}","templated":true}]}}