{"id":125,"date":"2018-04-18T13:54:51","date_gmt":"2018-04-18T11:54:51","guid":{"rendered":"http:\/\/www.parsum.de\/en\/?page_id=125"},"modified":"2018-04-18T14:40:12","modified_gmt":"2018-04-18T12:40:12","slug":"chemical-industry","status":"publish","type":"page","link":"https:\/\/www.parsum.de\/en\/sectors\/chemical-industry\/","title":{"rendered":"Chemical industry"},"content":{"rendered":"<div class=\"wpb-content-wrapper\"><p>[vc_row css=&#8221;.vc_custom_1509697057563{padding-top: 70px !important;}&#8221;][vc_column width=&#8221;2\/3&#8243;][vc_column_text]Parsum inline particle probes can be used in a wide range of application areas in the chemical industry, providing valuable measurements for the monitoring, control and optimisation of numerous processes. The continuous display of the particle size distribution makes it possible not only to significantly reduce the effort required for manual sampling and laboratory measurements, but it also helps generate a deeper process understanding, which in turn makes it possible to take new optimisation steps and to ensure maximum system utilisation, increased product quality, fewer defective batches, quicker product changeovers and much, much more.<\/p>\n<p>The probes can be used for a wide range of different applications, from mixing, grinding, granulation, agglomerating and drying processes through to the monitoring of sieving processes, both in batch-based and continuous production.<\/p>\n<p>All particles \u2013 whether powders, granulates, fibres or various granular materials \u2013 can be measured either when free-falling in pipelines, during conveyor-belt transfers, at a sieve outlet, during pneumatic conveying or in liquid streams. Solutions for use in potentially explosive environments are also available. The IPP 75 probe is suitable for use for very large process vessels and can be supplied in any length required.[\/vc_column_text]\n\t\t\t<div class=\"ult_dual_button  ult-adjust-bottom-margin to-center  \"  data-response=\"on\" id=\"ult_btn_917850831\">\n\n\t\t\t<div id=\"dualbtn-2318\" class=\"ulitmate_dual_buttons ult-dual-btn ult_main_dualbtn \" data-bcolor=\"#333333\"data-bhcolor=\"\">\n\n\t\t\t<div class=\"ult_dualbutton-wrapper btn-inline place-template bt1 \"><a href=\"\/en\/particle-probes\/ipp-70-s-standard-probe\/\"  class=\"ult_ivan_button round-square with-icon icon-before with-text place-template ult_dual1\" style=\";margin-right:px;;background-color:#009a9b !important;; border-color:#333333;border-style:;border-width:0px;border-radius:100px;;\">\n\t\t\t<span class=\"ult-dual-btn-1 Style 1\" style=\"\"  data-bgcolor=\"#009a9b\" data-bghovercolor=\"#27b99e\" data-icon_color=\"#333333\" data-icon_hover_color=\"#333333\" data-textcolor=\"#ffffff\" data-texthovercolor=\"#ffffff\" data-iconbgcolor=\"transperent\" data-iconbghovercolor=\"transperent\" data-iconborder=\"transperent\" data-iconhoverborder=\"transperent\" >\n\t\t\t<span class=\"icon-simple icon-left1 ult_btn1span ult-dual-btn-no-icon\"  style=\";padding-left:0px; \"><\/span>\n\t\t\t<span class=\"text-btn ult-dual-button-title ult-responsive\"  data-ultimate-target='#dualbtn-2318 .ult-dual-button-title'  data-responsive-json-new='{\"font-size\":\"desktop:15px;\",\"line-height\":\"desktop:15px;\"}'  style=\"font-family:Raleway;font-weight:700;color:#ffffff;\">IPP 70-S<\/span>\n\n\t\t\t<\/span>\n\t\t\t<\/a><span class=\"middle-text\" style=\"line-height: 1.8em;color:#ffffff;background-color:#333333;border-width:0px;\">\n\t\t\t<span class=\"middle-inner\"  >and<\/span>\n\t\t\t<\/span>\n\n\t\t\t<\/div>\n\n\t\t\t<div class=\"ult_dualbutton-wrapper btn-inline place-template btn2 \"><a href=\"\/en\/particle-probes\/ipp-75-s-individual-length\/\"  class=\"ult_ivan_button round-square with-icon icon-after with-text place-template ult_dual2\"  style=\";background-color:#009a9b !important;;margin-left:px;;border-color:#333333;border-style:;border-width:0px;border-radius:100px;\">\n\t\t\t<span class=\"ult-dual-btn-2 Style 1\"  data-bgcolor=\"#009a9b\" data-bghovercolor=\"#27b99e\" data-icon_color=\"#333333\" data-icon_hover_color=\"#333333\" data-textcolor=\"#ffffff\" data-texthovercolor=\"#ffffff\" data-iconbgcolor=\"transperent\" data-iconbghovercolor=\"transperent\" data-iconborder=\"transperent\" data-iconhoverborder=\"transperent\" >\n\t\t\t<span class=\"text-btn ult-dual-button-title\" style=\"font-family:Raleway;font-weight:700;color:#ffffff;\">IPP 75-S<\/span>\n\n\t\t\t<span class=\"icon-simple icon-right2 ult_btn1span ult-dual-btn-no-icon\"  style=\";padding-left:0px; \"><\/span>\n\t\t\t<\/span>\n\t\t\t<\/a><\/div>\n\t\t\t<\/div>\n\t\t\t<\/div>[\/vc_column][vc_column width=&#8221;1\/3&#8243;][vc_single_image image=&#8221;126&#8243; img_size=&#8221;full&#8221; image_hovers=&#8221;false&#8221; lazy_loading=&#8221;true&#8221;][\/vc_column][\/vc_row][vc_row][vc_column][vc_empty_space][\/vc_column][\/vc_row]<\/p>\n<\/div>","protected":false},"excerpt":{"rendered":"<p>[vc_row css=&#8221;.vc_custom_1509697057563{padding-top: 70px !important;}&#8221;][vc_column width=&#8221;2\/3&#8243;][vc_column_text]Parsum inline particle probes can be used in a wide range of application areas in the chemical industry, providing valuable measurements for the monitoring, control and optimisation of numerous processes. The continuous display of the particle size distribution makes it possible not only to significantly reduce the effort required for manual&hellip;<\/p>\n","protected":false},"author":1,"featured_media":0,"parent":41,"menu_order":0,"comment_status":"closed","ping_status":"closed","template":"","meta":{"footnotes":""},"class_list":["post-125","page","type-page","status-publish","hentry","description-off"],"yoast_head":"<!-- This site is optimized with the Yoast SEO plugin v25.1 - https:\/\/yoast.com\/wordpress\/plugins\/seo\/ -->\n<title>Chemical industry - Parsum EN<\/title>\n<meta name=\"robots\" content=\"index, follow, max-snippet:-1, max-image-preview:large, max-video-preview:-1\" \/>\n<link rel=\"canonical\" href=\"https:\/\/www.parsum.de\/en\/sectors\/chemical-industry\/\" \/>\n<meta property=\"og:locale\" content=\"en_GB\" \/>\n<meta property=\"og:type\" content=\"article\" \/>\n<meta property=\"og:title\" content=\"Chemical industry - Parsum EN\" \/>\n<meta property=\"og:description\" content=\"[vc_row css=&#8221;.vc_custom_1509697057563{padding-top: 70px !important;}&#8221;][vc_column width=&#8221;2\/3&#8243;][vc_column_text]Parsum inline particle probes can be used in a wide range of application areas in the chemical industry, providing valuable measurements for the monitoring, control and optimisation of numerous processes. The continuous display of the particle size distribution makes it possible not only to significantly reduce the effort required for manual&hellip;\" \/>\n<meta property=\"og:url\" content=\"https:\/\/www.parsum.de\/en\/sectors\/chemical-industry\/\" \/>\n<meta property=\"og:site_name\" content=\"Parsum EN\" \/>\n<meta property=\"article:modified_time\" content=\"2018-04-18T12:40:12+00:00\" \/>\n<meta name=\"twitter:card\" content=\"summary_large_image\" \/>\n<meta name=\"twitter:label1\" content=\"Estimated reading time\" \/>\n\t<meta name=\"twitter:data1\" content=\"2 minutes\" \/>\n<script type=\"application\/ld+json\" class=\"yoast-schema-graph\">{\"@context\":\"https:\/\/schema.org\",\"@graph\":[{\"@type\":\"WebPage\",\"@id\":\"https:\/\/www.parsum.de\/en\/sectors\/chemical-industry\/\",\"url\":\"https:\/\/www.parsum.de\/en\/sectors\/chemical-industry\/\",\"name\":\"Chemical industry - Parsum EN\",\"isPartOf\":{\"@id\":\"https:\/\/www.parsum.de\/en\/#website\"},\"datePublished\":\"2018-04-18T11:54:51+00:00\",\"dateModified\":\"2018-04-18T12:40:12+00:00\",\"breadcrumb\":{\"@id\":\"https:\/\/www.parsum.de\/en\/sectors\/chemical-industry\/#breadcrumb\"},\"inLanguage\":\"en-GB\",\"potentialAction\":[{\"@type\":\"ReadAction\",\"target\":[\"https:\/\/www.parsum.de\/en\/sectors\/chemical-industry\/\"]}]},{\"@type\":\"BreadcrumbList\",\"@id\":\"https:\/\/www.parsum.de\/en\/sectors\/chemical-industry\/#breadcrumb\",\"itemListElement\":[{\"@type\":\"ListItem\",\"position\":1,\"name\":\"Startseite\",\"item\":\"https:\/\/www.parsum.de\/en\/\"},{\"@type\":\"ListItem\",\"position\":2,\"name\":\"Sectors\",\"item\":\"https:\/\/www.parsum.de\/en\/sectors\/\"},{\"@type\":\"ListItem\",\"position\":3,\"name\":\"Chemical industry\"}]},{\"@type\":\"WebSite\",\"@id\":\"https:\/\/www.parsum.de\/en\/#website\",\"url\":\"https:\/\/www.parsum.de\/en\/\",\"name\":\"Parsum EN\",\"description\":\"Gesellschaft f\u00fcr Partikel-, Str\u00f6mungs- und Umweltme\u00dftechnik mbH\",\"potentialAction\":[{\"@type\":\"SearchAction\",\"target\":{\"@type\":\"EntryPoint\",\"urlTemplate\":\"https:\/\/www.parsum.de\/en\/?s={search_term_string}\"},\"query-input\":{\"@type\":\"PropertyValueSpecification\",\"valueRequired\":true,\"valueName\":\"search_term_string\"}}],\"inLanguage\":\"en-GB\"}]}<\/script>\n<!-- \/ Yoast SEO plugin. -->","yoast_head_json":{"title":"Chemical industry - Parsum EN","robots":{"index":"index","follow":"follow","max-snippet":"max-snippet:-1","max-image-preview":"max-image-preview:large","max-video-preview":"max-video-preview:-1"},"canonical":"https:\/\/www.parsum.de\/en\/sectors\/chemical-industry\/","og_locale":"en_GB","og_type":"article","og_title":"Chemical industry - Parsum EN","og_description":"[vc_row css=&#8221;.vc_custom_1509697057563{padding-top: 70px !important;}&#8221;][vc_column width=&#8221;2\/3&#8243;][vc_column_text]Parsum inline particle probes can be used in a wide range of application areas in the chemical industry, providing valuable measurements for the monitoring, control and optimisation of numerous processes. The continuous display of the particle size distribution makes it possible not only to significantly reduce the effort required for manual&hellip;","og_url":"https:\/\/www.parsum.de\/en\/sectors\/chemical-industry\/","og_site_name":"Parsum EN","article_modified_time":"2018-04-18T12:40:12+00:00","twitter_card":"summary_large_image","twitter_misc":{"Estimated reading time":"2 minutes"},"schema":{"@context":"https:\/\/schema.org","@graph":[{"@type":"WebPage","@id":"https:\/\/www.parsum.de\/en\/sectors\/chemical-industry\/","url":"https:\/\/www.parsum.de\/en\/sectors\/chemical-industry\/","name":"Chemical industry - Parsum EN","isPartOf":{"@id":"https:\/\/www.parsum.de\/en\/#website"},"datePublished":"2018-04-18T11:54:51+00:00","dateModified":"2018-04-18T12:40:12+00:00","breadcrumb":{"@id":"https:\/\/www.parsum.de\/en\/sectors\/chemical-industry\/#breadcrumb"},"inLanguage":"en-GB","potentialAction":[{"@type":"ReadAction","target":["https:\/\/www.parsum.de\/en\/sectors\/chemical-industry\/"]}]},{"@type":"BreadcrumbList","@id":"https:\/\/www.parsum.de\/en\/sectors\/chemical-industry\/#breadcrumb","itemListElement":[{"@type":"ListItem","position":1,"name":"Startseite","item":"https:\/\/www.parsum.de\/en\/"},{"@type":"ListItem","position":2,"name":"Sectors","item":"https:\/\/www.parsum.de\/en\/sectors\/"},{"@type":"ListItem","position":3,"name":"Chemical industry"}]},{"@type":"WebSite","@id":"https:\/\/www.parsum.de\/en\/#website","url":"https:\/\/www.parsum.de\/en\/","name":"Parsum EN","description":"Gesellschaft f\u00fcr Partikel-, Str\u00f6mungs- und Umweltme\u00dftechnik mbH","potentialAction":[{"@type":"SearchAction","target":{"@type":"EntryPoint","urlTemplate":"https:\/\/www.parsum.de\/en\/?s={search_term_string}"},"query-input":{"@type":"PropertyValueSpecification","valueRequired":true,"valueName":"search_term_string"}}],"inLanguage":"en-GB"}]}},"_links":{"self":[{"href":"https:\/\/www.parsum.de\/en\/wp-json\/wp\/v2\/pages\/125","targetHints":{"allow":["GET"]}}],"collection":[{"href":"https:\/\/www.parsum.de\/en\/wp-json\/wp\/v2\/pages"}],"about":[{"href":"https:\/\/www.parsum.de\/en\/wp-json\/wp\/v2\/types\/page"}],"author":[{"embeddable":true,"href":"https:\/\/www.parsum.de\/en\/wp-json\/wp\/v2\/users\/1"}],"replies":[{"embeddable":true,"href":"https:\/\/www.parsum.de\/en\/wp-json\/wp\/v2\/comments?post=125"}],"version-history":[{"count":3,"href":"https:\/\/www.parsum.de\/en\/wp-json\/wp\/v2\/pages\/125\/revisions"}],"predecessor-version":[{"id":173,"href":"https:\/\/www.parsum.de\/en\/wp-json\/wp\/v2\/pages\/125\/revisions\/173"}],"up":[{"embeddable":true,"href":"https:\/\/www.parsum.de\/en\/wp-json\/wp\/v2\/pages\/41"}],"wp:attachment":[{"href":"https:\/\/www.parsum.de\/en\/wp-json\/wp\/v2\/media?parent=125"}],"curies":[{"name":"wp","href":"https:\/\/api.w.org\/{rel}","templated":true}]}}