{"id":129,"date":"2018-04-18T13:56:39","date_gmt":"2018-04-18T11:56:39","guid":{"rendered":"http:\/\/www.parsum.de\/en\/?page_id=129"},"modified":"2018-04-18T14:40:41","modified_gmt":"2018-04-18T12:40:41","slug":"food-industry","status":"publish","type":"page","link":"https:\/\/www.parsum.de\/en\/sectors\/food-industry\/","title":{"rendered":"Food industry"},"content":{"rendered":"<div class=\"wpb-content-wrapper\"><p>[vc_row css=&#8221;.vc_custom_1509697057563{padding-top: 70px !important;}&#8221;][vc_column width=&#8221;2\/3&#8243;][vc_column_text]Parsum probes continuously provide reliable particle size measurements in numerous processes in the food industry. From grinding, spray drying, mixing, separation and drying, right through to the granulation or agglomeration of instant products, Parsum probes give you a new insight into your processes. The measured particle size distribution is provided without any time delay, and either significantly reduces or eliminates manual process control checks. This makes it possible to respond immediately to raw material quality fluctuations, process trends or deviations.<\/p>\n<p>Parsum probes are characterised by their food-grade hygienic design, stainless-steel construction, good cleanability and intrinsic safety for EX zones 0\/20. The comprehensive range of accessories makes it possible to take measurements even with materials considered difficult. Parsum inline dispersers mean that measurements can also be carried out on damp, sticky or dusty products. Various online data transfer options mean that you can transfer the measured particle size and any other measured value to your process control system and display the values in real time.[\/vc_column_text]\n\t\t\t<div class=\"ult_dual_button  ult-adjust-bottom-margin to-center  \"  data-response=\"on\" id=\"ult_btn_3008802705\">\n\n\t\t\t<div id=\"dualbtn-1608\" class=\"ulitmate_dual_buttons ult-dual-btn ult_main_dualbtn \" data-bcolor=\"#333333\"data-bhcolor=\"\">\n\n\t\t\t<div class=\"ult_dualbutton-wrapper btn-inline place-template bt1 \"><a href=\"\/en\/particle-probes\/ipp-70-s-standard-probe\/\"  class=\"ult_ivan_button round-square with-icon icon-before with-text place-template ult_dual1\" style=\";margin-right:px;;background-color:#009a9b !important;; border-color:#333333;border-style:;border-width:0px;border-radius:100px;;\">\n\t\t\t<span class=\"ult-dual-btn-1 Style 1\" style=\"\"  data-bgcolor=\"#009a9b\" data-bghovercolor=\"#27b99e\" data-icon_color=\"#333333\" data-icon_hover_color=\"#333333\" data-textcolor=\"#ffffff\" data-texthovercolor=\"#ffffff\" data-iconbgcolor=\"transperent\" data-iconbghovercolor=\"transperent\" data-iconborder=\"transperent\" data-iconhoverborder=\"transperent\" >\n\t\t\t<span class=\"icon-simple icon-left1 ult_btn1span ult-dual-btn-no-icon\"  style=\";padding-left:0px; \"><\/span>\n\t\t\t<span class=\"text-btn ult-dual-button-title ult-responsive\"  data-ultimate-target='#dualbtn-1608 .ult-dual-button-title'  data-responsive-json-new='{\"font-size\":\"desktop:15px;\",\"line-height\":\"desktop:15px;\"}'  style=\"font-family:Raleway;font-weight:700;color:#ffffff;\">IPP 70-S<\/span>\n\n\t\t\t<\/span>\n\t\t\t<\/a><span class=\"middle-text\" style=\"line-height: 1.8em;color:#ffffff;background-color:#333333;border-width:0px;\">\n\t\t\t<span class=\"middle-inner\"  >and<\/span>\n\t\t\t<\/span>\n\n\t\t\t<\/div>\n\n\t\t\t<div class=\"ult_dualbutton-wrapper btn-inline place-template btn2 \"><a href=\"\/en\/particle-probes\/ipp-75-s-individual-length\/\"  class=\"ult_ivan_button round-square with-icon icon-after with-text place-template ult_dual2\"  style=\";background-color:#009a9b !important;;margin-left:px;;border-color:#333333;border-style:;border-width:0px;border-radius:100px;\">\n\t\t\t<span class=\"ult-dual-btn-2 Style 1\"  data-bgcolor=\"#009a9b\" data-bghovercolor=\"#27b99e\" data-icon_color=\"#333333\" data-icon_hover_color=\"#333333\" data-textcolor=\"#ffffff\" data-texthovercolor=\"#ffffff\" data-iconbgcolor=\"transperent\" data-iconbghovercolor=\"transperent\" data-iconborder=\"transperent\" data-iconhoverborder=\"transperent\" >\n\t\t\t<span class=\"text-btn ult-dual-button-title\" style=\"font-family:Raleway;font-weight:700;color:#ffffff;\">IPP 75-S<\/span>\n\n\t\t\t<span class=\"icon-simple icon-right2 ult_btn1span ult-dual-btn-no-icon\"  style=\";padding-left:0px; \"><\/span>\n\t\t\t<\/span>\n\t\t\t<\/a><\/div>\n\t\t\t<\/div>\n\t\t\t<\/div>[\/vc_column][vc_column width=&#8221;1\/3&#8243;][vc_single_image image=&#8221;130&#8243; img_size=&#8221;full&#8221; image_hovers=&#8221;false&#8221; lazy_loading=&#8221;true&#8221;][\/vc_column][\/vc_row][vc_row][vc_column][vc_empty_space][\/vc_column][\/vc_row]<\/p>\n<\/div>","protected":false},"excerpt":{"rendered":"<p>[vc_row css=&#8221;.vc_custom_1509697057563{padding-top: 70px !important;}&#8221;][vc_column width=&#8221;2\/3&#8243;][vc_column_text]Parsum probes continuously provide reliable particle size measurements in numerous processes in the food industry. From grinding, spray drying, mixing, separation and drying, right through to the granulation or agglomeration of instant products, Parsum probes give you a new insight into your processes. The measured particle size distribution is provided without&hellip;<\/p>\n","protected":false},"author":1,"featured_media":0,"parent":41,"menu_order":0,"comment_status":"closed","ping_status":"closed","template":"","meta":{"footnotes":""},"class_list":["post-129","page","type-page","status-publish","hentry","description-off"],"yoast_head":"<!-- This site is optimized with the Yoast SEO plugin v25.1 - https:\/\/yoast.com\/wordpress\/plugins\/seo\/ -->\n<title>Food industry - Parsum EN<\/title>\n<meta name=\"robots\" content=\"index, follow, max-snippet:-1, max-image-preview:large, max-video-preview:-1\" \/>\n<link rel=\"canonical\" href=\"https:\/\/www.parsum.de\/en\/sectors\/food-industry\/\" \/>\n<meta property=\"og:locale\" content=\"en_GB\" \/>\n<meta property=\"og:type\" content=\"article\" \/>\n<meta property=\"og:title\" content=\"Food industry - Parsum EN\" \/>\n<meta property=\"og:description\" content=\"[vc_row css=&#8221;.vc_custom_1509697057563{padding-top: 70px !important;}&#8221;][vc_column width=&#8221;2\/3&#8243;][vc_column_text]Parsum probes continuously provide reliable particle size measurements in numerous processes in the food industry. From grinding, spray drying, mixing, separation and drying, right through to the granulation or agglomeration of instant products, Parsum probes give you a new insight into your processes. The measured particle size distribution is provided without&hellip;\" \/>\n<meta property=\"og:url\" content=\"https:\/\/www.parsum.de\/en\/sectors\/food-industry\/\" \/>\n<meta property=\"og:site_name\" content=\"Parsum EN\" \/>\n<meta property=\"article:modified_time\" content=\"2018-04-18T12:40:41+00:00\" \/>\n<meta name=\"twitter:card\" content=\"summary_large_image\" \/>\n<meta name=\"twitter:label1\" content=\"Estimated reading time\" \/>\n\t<meta name=\"twitter:data1\" content=\"2 minutes\" \/>\n<script type=\"application\/ld+json\" class=\"yoast-schema-graph\">{\"@context\":\"https:\/\/schema.org\",\"@graph\":[{\"@type\":\"WebPage\",\"@id\":\"https:\/\/www.parsum.de\/en\/sectors\/food-industry\/\",\"url\":\"https:\/\/www.parsum.de\/en\/sectors\/food-industry\/\",\"name\":\"Food industry - Parsum EN\",\"isPartOf\":{\"@id\":\"https:\/\/www.parsum.de\/en\/#website\"},\"datePublished\":\"2018-04-18T11:56:39+00:00\",\"dateModified\":\"2018-04-18T12:40:41+00:00\",\"breadcrumb\":{\"@id\":\"https:\/\/www.parsum.de\/en\/sectors\/food-industry\/#breadcrumb\"},\"inLanguage\":\"en-GB\",\"potentialAction\":[{\"@type\":\"ReadAction\",\"target\":[\"https:\/\/www.parsum.de\/en\/sectors\/food-industry\/\"]}]},{\"@type\":\"BreadcrumbList\",\"@id\":\"https:\/\/www.parsum.de\/en\/sectors\/food-industry\/#breadcrumb\",\"itemListElement\":[{\"@type\":\"ListItem\",\"position\":1,\"name\":\"Startseite\",\"item\":\"https:\/\/www.parsum.de\/en\/\"},{\"@type\":\"ListItem\",\"position\":2,\"name\":\"Sectors\",\"item\":\"https:\/\/www.parsum.de\/en\/sectors\/\"},{\"@type\":\"ListItem\",\"position\":3,\"name\":\"Food industry\"}]},{\"@type\":\"WebSite\",\"@id\":\"https:\/\/www.parsum.de\/en\/#website\",\"url\":\"https:\/\/www.parsum.de\/en\/\",\"name\":\"Parsum EN\",\"description\":\"Gesellschaft f\u00fcr Partikel-, Str\u00f6mungs- und Umweltme\u00dftechnik mbH\",\"potentialAction\":[{\"@type\":\"SearchAction\",\"target\":{\"@type\":\"EntryPoint\",\"urlTemplate\":\"https:\/\/www.parsum.de\/en\/?s={search_term_string}\"},\"query-input\":{\"@type\":\"PropertyValueSpecification\",\"valueRequired\":true,\"valueName\":\"search_term_string\"}}],\"inLanguage\":\"en-GB\"}]}<\/script>\n<!-- \/ Yoast SEO plugin. -->","yoast_head_json":{"title":"Food industry - Parsum EN","robots":{"index":"index","follow":"follow","max-snippet":"max-snippet:-1","max-image-preview":"max-image-preview:large","max-video-preview":"max-video-preview:-1"},"canonical":"https:\/\/www.parsum.de\/en\/sectors\/food-industry\/","og_locale":"en_GB","og_type":"article","og_title":"Food industry - Parsum EN","og_description":"[vc_row css=&#8221;.vc_custom_1509697057563{padding-top: 70px !important;}&#8221;][vc_column width=&#8221;2\/3&#8243;][vc_column_text]Parsum probes continuously provide reliable particle size measurements in numerous processes in the food industry. From grinding, spray drying, mixing, separation and drying, right through to the granulation or agglomeration of instant products, Parsum probes give you a new insight into your processes. The measured particle size distribution is provided without&hellip;","og_url":"https:\/\/www.parsum.de\/en\/sectors\/food-industry\/","og_site_name":"Parsum EN","article_modified_time":"2018-04-18T12:40:41+00:00","twitter_card":"summary_large_image","twitter_misc":{"Estimated reading time":"2 minutes"},"schema":{"@context":"https:\/\/schema.org","@graph":[{"@type":"WebPage","@id":"https:\/\/www.parsum.de\/en\/sectors\/food-industry\/","url":"https:\/\/www.parsum.de\/en\/sectors\/food-industry\/","name":"Food industry - Parsum EN","isPartOf":{"@id":"https:\/\/www.parsum.de\/en\/#website"},"datePublished":"2018-04-18T11:56:39+00:00","dateModified":"2018-04-18T12:40:41+00:00","breadcrumb":{"@id":"https:\/\/www.parsum.de\/en\/sectors\/food-industry\/#breadcrumb"},"inLanguage":"en-GB","potentialAction":[{"@type":"ReadAction","target":["https:\/\/www.parsum.de\/en\/sectors\/food-industry\/"]}]},{"@type":"BreadcrumbList","@id":"https:\/\/www.parsum.de\/en\/sectors\/food-industry\/#breadcrumb","itemListElement":[{"@type":"ListItem","position":1,"name":"Startseite","item":"https:\/\/www.parsum.de\/en\/"},{"@type":"ListItem","position":2,"name":"Sectors","item":"https:\/\/www.parsum.de\/en\/sectors\/"},{"@type":"ListItem","position":3,"name":"Food industry"}]},{"@type":"WebSite","@id":"https:\/\/www.parsum.de\/en\/#website","url":"https:\/\/www.parsum.de\/en\/","name":"Parsum EN","description":"Gesellschaft f\u00fcr Partikel-, Str\u00f6mungs- und Umweltme\u00dftechnik mbH","potentialAction":[{"@type":"SearchAction","target":{"@type":"EntryPoint","urlTemplate":"https:\/\/www.parsum.de\/en\/?s={search_term_string}"},"query-input":{"@type":"PropertyValueSpecification","valueRequired":true,"valueName":"search_term_string"}}],"inLanguage":"en-GB"}]}},"_links":{"self":[{"href":"https:\/\/www.parsum.de\/en\/wp-json\/wp\/v2\/pages\/129","targetHints":{"allow":["GET"]}}],"collection":[{"href":"https:\/\/www.parsum.de\/en\/wp-json\/wp\/v2\/pages"}],"about":[{"href":"https:\/\/www.parsum.de\/en\/wp-json\/wp\/v2\/types\/page"}],"author":[{"embeddable":true,"href":"https:\/\/www.parsum.de\/en\/wp-json\/wp\/v2\/users\/1"}],"replies":[{"embeddable":true,"href":"https:\/\/www.parsum.de\/en\/wp-json\/wp\/v2\/comments?post=129"}],"version-history":[{"count":2,"href":"https:\/\/www.parsum.de\/en\/wp-json\/wp\/v2\/pages\/129\/revisions"}],"predecessor-version":[{"id":174,"href":"https:\/\/www.parsum.de\/en\/wp-json\/wp\/v2\/pages\/129\/revisions\/174"}],"up":[{"embeddable":true,"href":"https:\/\/www.parsum.de\/en\/wp-json\/wp\/v2\/pages\/41"}],"wp:attachment":[{"href":"https:\/\/www.parsum.de\/en\/wp-json\/wp\/v2\/media?parent=129"}],"curies":[{"name":"wp","href":"https:\/\/api.w.org\/{rel}","templated":true}]}}