{"id":132,"date":"2018-04-18T13:58:08","date_gmt":"2018-04-18T11:58:08","guid":{"rendered":"http:\/\/www.parsum.de\/en\/?page_id=132"},"modified":"2018-04-18T14:41:06","modified_gmt":"2018-04-18T12:41:06","slug":"raw-materials-minerals-ceramics","status":"publish","type":"page","link":"https:\/\/www.parsum.de\/en\/sectors\/raw-materials-minerals-ceramics\/","title":{"rendered":"Raw materials \/ minerals \/ ceramics"},"content":{"rendered":"<div class=\"wpb-content-wrapper\"><p>[vc_row css=&#8221;.vc_custom_1509697057563{padding-top: 70px !important;}&#8221;][vc_column width=&#8221;2\/3&#8243;][vc_column_text]Particle size distribution is an important quality characteristic for ceramic materials as well as materials such as coal, sand, metal powder, mineral blends, granulations and similar products. These materials are often abrasive and rapidly cause wear to normal metal surfaces. We offer special abrasion protection solutions for our standard particle probes in order to provide inline measurements during the processing of these particles despite adverse conditions. These usually consist of a hard-chrome layer with a thickness of up to 0.8 mm, permitting service lives of several months, even in pneumatic feed lines.<\/p>\n<p>This makes it possible to measure even these \u201ccomplicated\u201d materials without much installation effort.[\/vc_column_text]\n\t\t\t<div class=\"ult_dual_button  ult-adjust-bottom-margin to-center  \"  data-response=\"on\" id=\"ult_btn_53427158\">\n\n\t\t\t<div id=\"dualbtn-2828\" class=\"ulitmate_dual_buttons ult-dual-btn ult_main_dualbtn \" data-bcolor=\"#333333\"data-bhcolor=\"\">\n\n\t\t\t<div class=\"ult_dualbutton-wrapper btn-inline place-template bt1 \"><a href=\"\/en\/particle-probes\/ipp-70-s-standard-probe\/\"  class=\"ult_ivan_button round-square with-icon icon-before with-text place-template ult_dual1\" style=\";margin-right:px;;background-color:#009a9b !important;; border-color:#333333;border-style:;border-width:0px;border-radius:100px;;\">\n\t\t\t<span class=\"ult-dual-btn-1 Style 1\" style=\"\"  data-bgcolor=\"#009a9b\" data-bghovercolor=\"#27b99e\" data-icon_color=\"#333333\" data-icon_hover_color=\"#333333\" data-textcolor=\"#ffffff\" data-texthovercolor=\"#ffffff\" data-iconbgcolor=\"transperent\" data-iconbghovercolor=\"transperent\" data-iconborder=\"transperent\" data-iconhoverborder=\"transperent\" >\n\t\t\t<span class=\"icon-simple icon-left1 ult_btn1span ult-dual-btn-no-icon\"  style=\";padding-left:0px; \"><\/span>\n\t\t\t<span class=\"text-btn ult-dual-button-title ult-responsive\"  data-ultimate-target='#dualbtn-2828 .ult-dual-button-title'  data-responsive-json-new='{\"font-size\":\"desktop:15px;\",\"line-height\":\"desktop:15px;\"}'  style=\"font-family:Raleway;font-weight:700;color:#ffffff;\">IPP 70-S<\/span>\n\n\t\t\t<\/span>\n\t\t\t<\/a><span class=\"middle-text\" style=\"line-height: 1.8em;color:#ffffff;background-color:#333333;border-width:0px;\">\n\t\t\t<span class=\"middle-inner\"  >and<\/span>\n\t\t\t<\/span>\n\n\t\t\t<\/div>\n\n\t\t\t<div class=\"ult_dualbutton-wrapper btn-inline place-template btn2 \"><a href=\"\/en\/particle-probes\/ipp-75-s-individual-length\/\"  class=\"ult_ivan_button round-square with-icon icon-after with-text place-template ult_dual2\"  style=\";background-color:#009a9b !important;;margin-left:px;;border-color:#333333;border-style:;border-width:0px;border-radius:100px;\">\n\t\t\t<span class=\"ult-dual-btn-2 Style 1\"  data-bgcolor=\"#009a9b\" data-bghovercolor=\"#27b99e\" data-icon_color=\"#333333\" data-icon_hover_color=\"#333333\" data-textcolor=\"#ffffff\" data-texthovercolor=\"#ffffff\" data-iconbgcolor=\"transperent\" data-iconbghovercolor=\"transperent\" data-iconborder=\"transperent\" data-iconhoverborder=\"transperent\" >\n\t\t\t<span class=\"text-btn ult-dual-button-title\" style=\"font-family:Raleway;font-weight:700;color:#ffffff;\">IPP 75-S<\/span>\n\n\t\t\t<span class=\"icon-simple icon-right2 ult_btn1span ult-dual-btn-no-icon\"  style=\";padding-left:0px; \"><\/span>\n\t\t\t<\/span>\n\t\t\t<\/a><\/div>\n\t\t\t<\/div>\n\t\t\t<\/div>[\/vc_column][vc_column width=&#8221;1\/3&#8243;][vc_single_image image=&#8221;133&#8243; img_size=&#8221;full&#8221; image_hovers=&#8221;false&#8221; lazy_loading=&#8221;true&#8221;][\/vc_column][\/vc_row][vc_row][vc_column][vc_empty_space][\/vc_column][\/vc_row]<\/p>\n<\/div>","protected":false},"excerpt":{"rendered":"<p>[vc_row css=&#8221;.vc_custom_1509697057563{padding-top: 70px !important;}&#8221;][vc_column width=&#8221;2\/3&#8243;][vc_column_text]Particle size distribution is an important quality characteristic for ceramic materials as well as materials such as coal, sand, metal powder, mineral blends, granulations and similar products. These materials are often abrasive and rapidly cause wear to normal metal surfaces. We offer special abrasion protection solutions for our standard particle probes&hellip;<\/p>\n","protected":false},"author":1,"featured_media":0,"parent":41,"menu_order":0,"comment_status":"closed","ping_status":"closed","template":"","meta":{"footnotes":""},"class_list":["post-132","page","type-page","status-publish","hentry","description-off"],"yoast_head":"<!-- This site is optimized with the Yoast SEO plugin v25.1 - https:\/\/yoast.com\/wordpress\/plugins\/seo\/ -->\n<title>Raw materials \/ minerals \/ ceramics - Parsum EN<\/title>\n<meta name=\"robots\" content=\"index, follow, max-snippet:-1, max-image-preview:large, max-video-preview:-1\" \/>\n<link rel=\"canonical\" href=\"https:\/\/www.parsum.de\/en\/sectors\/raw-materials-minerals-ceramics\/\" \/>\n<meta property=\"og:locale\" content=\"en_GB\" \/>\n<meta property=\"og:type\" content=\"article\" \/>\n<meta property=\"og:title\" content=\"Raw materials \/ minerals \/ ceramics - Parsum EN\" \/>\n<meta property=\"og:description\" content=\"[vc_row css=&#8221;.vc_custom_1509697057563{padding-top: 70px !important;}&#8221;][vc_column width=&#8221;2\/3&#8243;][vc_column_text]Particle size distribution is an important quality characteristic for ceramic materials as well as materials such as coal, sand, metal powder, mineral blends, granulations and similar products. These materials are often abrasive and rapidly cause wear to normal metal surfaces. We offer special abrasion protection solutions for our standard particle probes&hellip;\" \/>\n<meta property=\"og:url\" content=\"https:\/\/www.parsum.de\/en\/sectors\/raw-materials-minerals-ceramics\/\" \/>\n<meta property=\"og:site_name\" content=\"Parsum EN\" \/>\n<meta property=\"article:modified_time\" content=\"2018-04-18T12:41:06+00:00\" \/>\n<meta name=\"twitter:card\" content=\"summary_large_image\" \/>\n<meta name=\"twitter:label1\" content=\"Estimated reading time\" \/>\n\t<meta name=\"twitter:data1\" content=\"1 minute\" \/>\n<script type=\"application\/ld+json\" class=\"yoast-schema-graph\">{\"@context\":\"https:\/\/schema.org\",\"@graph\":[{\"@type\":\"WebPage\",\"@id\":\"https:\/\/www.parsum.de\/en\/sectors\/raw-materials-minerals-ceramics\/\",\"url\":\"https:\/\/www.parsum.de\/en\/sectors\/raw-materials-minerals-ceramics\/\",\"name\":\"Raw materials \/ minerals \/ ceramics - Parsum EN\",\"isPartOf\":{\"@id\":\"https:\/\/www.parsum.de\/en\/#website\"},\"datePublished\":\"2018-04-18T11:58:08+00:00\",\"dateModified\":\"2018-04-18T12:41:06+00:00\",\"breadcrumb\":{\"@id\":\"https:\/\/www.parsum.de\/en\/sectors\/raw-materials-minerals-ceramics\/#breadcrumb\"},\"inLanguage\":\"en-GB\",\"potentialAction\":[{\"@type\":\"ReadAction\",\"target\":[\"https:\/\/www.parsum.de\/en\/sectors\/raw-materials-minerals-ceramics\/\"]}]},{\"@type\":\"BreadcrumbList\",\"@id\":\"https:\/\/www.parsum.de\/en\/sectors\/raw-materials-minerals-ceramics\/#breadcrumb\",\"itemListElement\":[{\"@type\":\"ListItem\",\"position\":1,\"name\":\"Startseite\",\"item\":\"https:\/\/www.parsum.de\/en\/\"},{\"@type\":\"ListItem\",\"position\":2,\"name\":\"Sectors\",\"item\":\"https:\/\/www.parsum.de\/en\/sectors\/\"},{\"@type\":\"ListItem\",\"position\":3,\"name\":\"Raw materials \/ minerals \/ ceramics\"}]},{\"@type\":\"WebSite\",\"@id\":\"https:\/\/www.parsum.de\/en\/#website\",\"url\":\"https:\/\/www.parsum.de\/en\/\",\"name\":\"Parsum EN\",\"description\":\"Gesellschaft f\u00fcr Partikel-, Str\u00f6mungs- und Umweltme\u00dftechnik mbH\",\"potentialAction\":[{\"@type\":\"SearchAction\",\"target\":{\"@type\":\"EntryPoint\",\"urlTemplate\":\"https:\/\/www.parsum.de\/en\/?s={search_term_string}\"},\"query-input\":{\"@type\":\"PropertyValueSpecification\",\"valueRequired\":true,\"valueName\":\"search_term_string\"}}],\"inLanguage\":\"en-GB\"}]}<\/script>\n<!-- \/ Yoast SEO plugin. -->","yoast_head_json":{"title":"Raw materials \/ minerals \/ ceramics - Parsum EN","robots":{"index":"index","follow":"follow","max-snippet":"max-snippet:-1","max-image-preview":"max-image-preview:large","max-video-preview":"max-video-preview:-1"},"canonical":"https:\/\/www.parsum.de\/en\/sectors\/raw-materials-minerals-ceramics\/","og_locale":"en_GB","og_type":"article","og_title":"Raw materials \/ minerals \/ ceramics - Parsum EN","og_description":"[vc_row css=&#8221;.vc_custom_1509697057563{padding-top: 70px !important;}&#8221;][vc_column width=&#8221;2\/3&#8243;][vc_column_text]Particle size distribution is an important quality characteristic for ceramic materials as well as materials such as coal, sand, metal powder, mineral blends, granulations and similar products. These materials are often abrasive and rapidly cause wear to normal metal surfaces. We offer special abrasion protection solutions for our standard particle probes&hellip;","og_url":"https:\/\/www.parsum.de\/en\/sectors\/raw-materials-minerals-ceramics\/","og_site_name":"Parsum EN","article_modified_time":"2018-04-18T12:41:06+00:00","twitter_card":"summary_large_image","twitter_misc":{"Estimated reading time":"1 minute"},"schema":{"@context":"https:\/\/schema.org","@graph":[{"@type":"WebPage","@id":"https:\/\/www.parsum.de\/en\/sectors\/raw-materials-minerals-ceramics\/","url":"https:\/\/www.parsum.de\/en\/sectors\/raw-materials-minerals-ceramics\/","name":"Raw materials \/ minerals \/ ceramics - Parsum EN","isPartOf":{"@id":"https:\/\/www.parsum.de\/en\/#website"},"datePublished":"2018-04-18T11:58:08+00:00","dateModified":"2018-04-18T12:41:06+00:00","breadcrumb":{"@id":"https:\/\/www.parsum.de\/en\/sectors\/raw-materials-minerals-ceramics\/#breadcrumb"},"inLanguage":"en-GB","potentialAction":[{"@type":"ReadAction","target":["https:\/\/www.parsum.de\/en\/sectors\/raw-materials-minerals-ceramics\/"]}]},{"@type":"BreadcrumbList","@id":"https:\/\/www.parsum.de\/en\/sectors\/raw-materials-minerals-ceramics\/#breadcrumb","itemListElement":[{"@type":"ListItem","position":1,"name":"Startseite","item":"https:\/\/www.parsum.de\/en\/"},{"@type":"ListItem","position":2,"name":"Sectors","item":"https:\/\/www.parsum.de\/en\/sectors\/"},{"@type":"ListItem","position":3,"name":"Raw materials \/ minerals \/ ceramics"}]},{"@type":"WebSite","@id":"https:\/\/www.parsum.de\/en\/#website","url":"https:\/\/www.parsum.de\/en\/","name":"Parsum EN","description":"Gesellschaft f\u00fcr Partikel-, Str\u00f6mungs- und Umweltme\u00dftechnik mbH","potentialAction":[{"@type":"SearchAction","target":{"@type":"EntryPoint","urlTemplate":"https:\/\/www.parsum.de\/en\/?s={search_term_string}"},"query-input":{"@type":"PropertyValueSpecification","valueRequired":true,"valueName":"search_term_string"}}],"inLanguage":"en-GB"}]}},"_links":{"self":[{"href":"https:\/\/www.parsum.de\/en\/wp-json\/wp\/v2\/pages\/132","targetHints":{"allow":["GET"]}}],"collection":[{"href":"https:\/\/www.parsum.de\/en\/wp-json\/wp\/v2\/pages"}],"about":[{"href":"https:\/\/www.parsum.de\/en\/wp-json\/wp\/v2\/types\/page"}],"author":[{"embeddable":true,"href":"https:\/\/www.parsum.de\/en\/wp-json\/wp\/v2\/users\/1"}],"replies":[{"embeddable":true,"href":"https:\/\/www.parsum.de\/en\/wp-json\/wp\/v2\/comments?post=132"}],"version-history":[{"count":2,"href":"https:\/\/www.parsum.de\/en\/wp-json\/wp\/v2\/pages\/132\/revisions"}],"predecessor-version":[{"id":175,"href":"https:\/\/www.parsum.de\/en\/wp-json\/wp\/v2\/pages\/132\/revisions\/175"}],"up":[{"embeddable":true,"href":"https:\/\/www.parsum.de\/en\/wp-json\/wp\/v2\/pages\/41"}],"wp:attachment":[{"href":"https:\/\/www.parsum.de\/en\/wp-json\/wp\/v2\/media?parent=132"}],"curies":[{"name":"wp","href":"https:\/\/api.w.org\/{rel}","templated":true}]}}