{"id":153,"date":"2018-04-18T14:35:13","date_gmt":"2018-04-18T12:35:13","guid":{"rendered":"http:\/\/www.parsum.de\/en\/?page_id=153"},"modified":"2018-06-05T11:42:37","modified_gmt":"2018-06-05T09:42:37","slug":"ipp-70-s-standard-probe","status":"publish","type":"page","link":"https:\/\/www.parsum.de\/en\/particle-probes\/ipp-70-s-standard-probe\/","title":{"rendered":"IPP 70-S \u2013 standard probe"},"content":{"rendered":"<div class=\"wpb-content-wrapper\"><p>[vc_row content_placement=&#8221;top&#8221; type=&#8221;vc_default&#8221; margin_top=&#8221;10&#8243; margin_bottom=&#8221;25&#8243; css=&#8221;.vc_custom_1508243052006{padding-top: 70px !important;}&#8221;][vc_column width=&#8221;1\/2&#8243; css=&#8221;.vc_custom_1508243083034{padding-bottom: 30px !important;}&#8221; offset=&#8221;vc_col-lg-offset-0 vc_col-lg-6 vc_col-md-offset-0 vc_col-md-6 vc_col-sm-offset-2 vc_col-xs-12&#8243;][vc_column_text]The IPP 70-S is the standard version of the particle probe for universal use in sectors without ATEX requirements.<\/p>\n<p>When used in conjunction with a measuring PC, it allows for the determination of particle size distribution (e.g., Q0, Q3) as well as the attributes of the distribution (x10, x50, x90, etc.) directly within the process.<\/p>\n<p>It consists of a robust stainless-steel construction with sapphire windows to protect the optics from wear.[\/vc_column_text][vc_single_image image=&#8221;154&#8243; img_size=&#8221;full&#8221; onclick=&#8221;zoom&#8221; image_hovers=&#8221;false&#8221; lazy_loading=&#8221;true&#8221;][\/vc_column][vc_column width=&#8221;1\/2&#8243; css=&#8221;.vc_custom_1508243072531{padding-bottom: 30px !important;}&#8221; offset=&#8221;vc_col-lg-offset-0 vc_col-lg-6 vc_col-md-offset-0 vc_col-md-6 vc_col-sm-offset-2 vc_col-xs-12&#8243;][vc_column_text]Its dimensions, measuring ranges and accessories make it compatible with all other probe models, so all of the accessories for process adaptation can also be used with the IPP 70-S.<\/p>\n<p>Compressed-air-driven accessories, such as dispersers, ensure that the measuring volume and measurement optics are kept permanently free from contamination while also guaranteeing optimal adaptation to process and particle attributes. The probe is therefore also suitable for use in processes with damp and sticky particles. Using a disperser means that measurements can also be taken in processes with irregular particle movement, such as in fluidised beds, or processes with high particle loads, such as high-shear processes.<\/p>\n<p>LEDs in the electronics housing and signals in the measuring software provide the user with information regarding the reliable functioning and operating status of the probe.<\/p>\n<p>A complete measuring system consists of the IPP 70-S with accessories for process adaptation, and a measuring PC with measuring program for particle searching and the calculation of all distributions. The measured results can then be made available to a higher-level control system via optional interfaces.[\/vc_column_text]\n\t\t\t<div class=\"ult_dual_button  vc_custom_1525702579433 ult-adjust-bottom-margin to-left  \"  data-response=\"on\" id=\"ult_btn_885298172\">\n\n\t\t\t<div id=\"dualbtn-1999\" class=\"ulitmate_dual_buttons ult-dual-btn ult_main_dualbtn \" data-bcolor=\"#333333\"data-bhcolor=\"\">\n\n\t\t\t<div class=\"ult_dualbutton-wrapper btn-inline place-template bt1 \"><a href=\"\/en\/company\/contact\/\"  class=\"ult_ivan_button round-square with-icon icon-before with-text place-template ult_dual1\" style=\";margin-right:px;;background-color:#009a9b !important;; border-color:#333333;border-style:;border-width:0px;border-radius:100px;;\">\n\t\t\t<span class=\"ult-dual-btn-1 Style 1\" style=\"\"  data-bgcolor=\"#009a9b\" data-bghovercolor=\"#000000\" data-icon_color=\"#333333\" data-icon_hover_color=\"#333333\" data-textcolor=\"#ffffff\" data-texthovercolor=\"#ffffff\" data-iconbgcolor=\"transperent\" data-iconbghovercolor=\"transperent\" data-iconborder=\"transperent\" data-iconhoverborder=\"transperent\" >\n\t\t\t<span class=\"icon-simple icon-left1 ult_btn1span ult-dual-btn-no-icon\"  style=\";padding-left:0px; \"><\/span>\n\t\t\t<span class=\"text-btn ult-dual-button-title ult-responsive\"  data-ultimate-target='#dualbtn-1999 .ult-dual-button-title'  data-responsive-json-new='{\"font-size\":\"desktop:15px;\",\"line-height\":\"desktop:15px;\"}'  style=\"font-family:Raleway;font-weight:700;color:#ffffff;\">Get in touch<\/span>\n\n\t\t\t<\/span>\n\t\t\t<\/a><span class=\"middle-text\" style=\"line-height: 1.8em;color:#009a9b;background-color:#ffffff;border-width:0px;\">\n\t\t\t<span class=\"middle-inner\"  >or<\/span>\n\t\t\t<\/span>\n\n\t\t\t<\/div>\n\n\t\t\t<div class=\"ult_dualbutton-wrapper btn-inline place-template btn2 \"><a href=\"\/en\/company\/contact\/\"  class=\"ult_ivan_button round-square with-icon icon-after with-text place-template ult_dual2\"  style=\";background-color:#009a9b !important;;margin-left:px;;border-color:#333333;border-style:;border-width:0px;border-radius:100px;\">\n\t\t\t<span class=\"ult-dual-btn-2 Style 1\"  data-bgcolor=\"#009a9b\" data-bghovercolor=\"#000000\" data-icon_color=\"#333333\" data-icon_hover_color=\"#333333\" data-textcolor=\"#ffffff\" data-texthovercolor=\"#ffffff\" data-iconbgcolor=\"transperent\" data-iconbghovercolor=\"transperent\" data-iconborder=\"transperent\" data-iconhoverborder=\"transperent\" >\n\t\t\t<span class=\"text-btn ult-dual-button-title\" style=\"font-family:Raleway;font-weight:700;color:#ffffff;\">request a test device<\/span>\n\n\t\t\t<span class=\"icon-simple icon-right2 ult_btn1span ult-dual-btn-no-icon\"  style=\";padding-left:0px; \"><\/span>\n\t\t\t<\/span>\n\t\t\t<\/a><\/div>\n\t\t\t<\/div>\n\t\t\t<\/div>[\/vc_column][\/vc_row][vc_row bg_type=&#8221;bg_color&#8221; bg_override=&#8221;full&#8221; bg_color_value=&#8221;#f5f5f5&#8243; css=&#8221;.vc_custom_1507725484438{padding-top: 30px !important;padding-bottom: 50px !important;}&#8221;][vc_column]<div id=\"ultimate-heading-142469f4e3a61e7f3\" class=\"uvc-heading ult-adjust-bottom-margin ultimate-heading-142469f4e3a61e7f3 uvc-3402 accent-border-color\" data-hspacer=\"line_only\"  data-halign=\"center\" style=\"text-align:center\"><div class=\"uvc-main-heading ult-responsive\"  data-ultimate-target='.uvc-heading.ultimate-heading-142469f4e3a61e7f3 h2'  data-responsive-json-new='{\"font-size\":\"desktop:30px;\",\"line-height\":\"desktop:36px;\"}' ><h2 style=\"font-weight:bold;margin-bottom:5px;\">Areas of application<\/h2><\/div><div class=\"uvc-heading-spacer line_only\" style=\"margin-bottom:30px;height:5px;\"><span class=\"uvc-headings-line\" style=\"border-style:solid;border-bottom-width:5px;border-color:;width:200px;\"><\/span><\/div><\/div>[vc_row_inner][vc_column_inner][vc_column_text]The IPP 70-S is the standard probe for all processes without ATEX requirements in the fields of chemistry, foodstuffs and construction materials, etc., for fluidised beds, granulation, agglomeration, coating, spray drying, sieving, grinding and transport.[\/vc_column_text][\/vc_column_inner][\/vc_row_inner][\/vc_column][\/vc_row][vc_row css=&#8221;.vc_custom_1507725501394{padding-top: 30px !important;padding-bottom: 50px !important;}&#8221;][vc_column][vc_row_inner][vc_column_inner width=&#8221;1\/2&#8243;]<div id=\"ultimate-heading-507669f4e3a61e84d\" class=\"uvc-heading ult-adjust-bottom-margin ultimate-heading-507669f4e3a61e84d uvc-9567 accent-border-color\" data-hspacer=\"line_only\"  data-halign=\"center\" style=\"text-align:center\"><div class=\"uvc-main-heading ult-responsive\"  data-ultimate-target='.uvc-heading.ultimate-heading-507669f4e3a61e84d h2'  data-responsive-json-new='{\"font-size\":\"desktop:30px;\",\"line-height\":\"desktop:36px;\"}' ><h2 style=\"font-weight:bold;margin-bottom:5px;\">Technical details<\/h2><\/div><div class=\"uvc-heading-spacer line_only\" style=\"margin-bottom:30px;height:5px;\"><span class=\"uvc-headings-line\" style=\"border-style:solid;border-bottom-width:5px;border-color:;width:200px;\"><\/span><\/div><\/div>[vc_table vc_table_theme=&#8221;simple&#8221; allow_html=&#8221;1&#8243;][bg#f5f5f5]IPP%2070-S%20inline%20particle-measuring%20probe,[bg#f5f5f5]|Particle%20size%20measurement%20range%3A,50%20%C2%B5m%20%E2%80%A6%206000%20%C2%B5m|[bg#f5f5f5]Particle%20velocity%20measurement%20range%3A,[bg#f5f5f5]0%2C01%20m%2Fs%20&#8230;%2050%20m%2Fs|Particle%20volume%20concentration%3A,for%20particles%20%3C1%20mm%2C%20up%20to%20approx.%2012%20vol.%25%3Cbr%3Efor%20larger%20particles%2C%20up%20to%20approx.%2030%20vol.%25|[bg#f5f5f5]Measuring%20rate%3A,[bg#f5f5f5]up%20to%2020%2C000%20particles%2Fs|Products%3A,Powder%2C%20pellets%2C%20granulates%2C%20sprays%2C%20etc.|[bg#f5f5f5]Process%20temperature%2Fpressure%3A,[bg#f5f5f5]%E2%80%9320%C2%B0C%20to%20%2B100%C2%B0C%20%2F%20%3C4%20bar|Material%2C%20in%20contact%20with%20product%3A,stainless%20steel%20(L316)%2C%20sapphire%2C%20epoxy%20resin|[bg#f5f5f5]Probe%20tube%20dimensions%20(L%2FD)%3A,[bg#f5f5f5]280%20x%2025%20mm|Electronics%20housing%20dimensions%20(W%2FH%2FD)%3A,120%20x%2090%20x%2060%20mm|[bg#f5f5f5]Electronics%20housing%20temperature%3A,[bg#f5f5f5]-10%E2%80%A660%C2%B0C|Housing%20protection%20class%3A,IP65|[bg#f5f5f5]Light%20source%3A,[bg#f5f5f5]Laser%20(laser%20class%201)|Power%20consumption%3A,2W%20(typ.)|[bg#f5f5f5]Interfaces%3A,[bg#f5f5f5]Particle%20distributions%20and%20attributes%20as%20an%20ASCII%20file%20(Excel%20compatible)%2C%20optional%3A%204%E2%80%9320%20mA%2C%20TCP%2FIP%2C%20OPC[\/vc_table][\/vc_column_inner][vc_column_inner width=&#8221;1\/2&#8243;]<div id=\"ultimate-heading-530069f4e3a61e894\" class=\"uvc-heading ult-adjust-bottom-margin ultimate-heading-530069f4e3a61e894 uvc-4657 accent-border-color\" data-hspacer=\"line_only\"  data-halign=\"center\" style=\"text-align:center\"><div class=\"uvc-main-heading ult-responsive\"  data-ultimate-target='.uvc-heading.ultimate-heading-530069f4e3a61e894 h2'  data-responsive-json-new='{\"font-size\":\"desktop:30px;\",\"line-height\":\"desktop:36px;\"}' ><h2 style=\"font-weight:bold;margin-bottom:5px;\">Accessories<\/h2><\/div><div class=\"uvc-heading-spacer line_only\" style=\"margin-bottom:30px;height:5px;\"><span class=\"uvc-headings-line\" style=\"border-style:solid;border-bottom-width:5px;border-color:;width:200px;\"><\/span><\/div><\/div>[vc_table vc_table_theme=&#8221;simple&#8221; allow_html=&#8221;1&#8243;][bg#f5f5f5]Process%20interface,[bg#f5f5f5]|[bg#ffffff]D24%20disperser,[bg#ffffff]For%20high%20load%20%2F%20high%20fine%20content%20%E2%80%93%20particles%20up%20to%202000%20%C2%B5m%2C%20clearance%203.8%20mm|[bg#f5f5f5]D12%20disperser,[bg#f5f5f5]As%20for%20D24%2C%20but%20also%20for%20larger%20particles%20%3E2000%20%C2%B5m%2C%20clearance%207.5%20mm|[bg#ffffff]SZ11%2C%20SZ20%20cleaning%20cells,[bg#ffffff]With%20low%20load%20for%20cleaning%20the%20probe%20optics%20without%20diluting%20the%20flow%20of%20particles|[bg#f5f5f5]Compressed-air%20unit,[bg#f5f5f5]Compressed-air%20supply%20for%20the%20probe%20when%20using%20dispersers%20or%20cleaning%20cells|[bg#ffffff]VS28%20anti-wear%20guard,[bg#ffffff]Tube%20sleeve%20with%20a%20reinforced%20hard-chrome%20coating%20with%20a%20hardness%20of%2068%E2%80%9372%20Rockwell[\/vc_table]<div id=\"ultimate-heading-191769f4e3a61e8db\" class=\"uvc-heading ult-adjust-bottom-margin ultimate-heading-191769f4e3a61e8db uvc-4592 accent-border-color\" data-hspacer=\"line_only\"  data-halign=\"center\" style=\"text-align:center\"><div class=\"uvc-main-heading ult-responsive\"  data-ultimate-target='.uvc-heading.ultimate-heading-191769f4e3a61e8db h2'  data-responsive-json-new='{\"font-size\":\"desktop:30px;\",\"line-height\":\"desktop:36px;\"}' ><h2 style=\"font-weight:bold;margin-bottom:5px;\">Downloads<\/h2><\/div><div class=\"uvc-heading-spacer line_only\" style=\"margin-bottom:30px;height:5px;\"><span class=\"uvc-headings-line\" style=\"border-style:solid;border-bottom-width:5px;border-color:;width:200px;\"><\/span><\/div><\/div><div class=\"standard-arrow bullet-top\"><ul>\n<li><a href=\"https:\/\/www.parsum.de\/wp-content\/uploads\/2017\/12\/IPP-70-S.pdf\" target=\"_blank\" rel=\"noopener\">IPP 70-S drawing<\/a><\/li>\n<li><a href=\"https:\/\/www.parsum.de\/wp-content\/uploads\/2017\/12\/IPP-70-S-System.pdf\" target=\"_blank\" rel=\"noopener\">IPP 70-S system drawing<\/a><\/li>\n<li><a href=\"https:\/\/www.parsum.de\/wp-content\/uploads\/2018\/06\/Parsum-data-sheet-IPP70-S-En-05-18.pdf\" target=\"_blank\" rel=\"noopener\">IPP 70-S datasheet<\/a><\/li>\n<\/ul>\n<\/div>[\/vc_column_inner][\/vc_row_inner][\/vc_column][\/vc_row][vc_row bg_type=&#8221;bg_color&#8221; bg_override=&#8221;full&#8221; css=&#8221;.vc_custom_1513005262867{padding-top: 30px !important;padding-bottom: 50px !important;}&#8221; bg_color_value=&#8221;#f5f5f5&#8243;][vc_column]<div id=\"ultimate-heading-899669f4e3a61e9d3\" class=\"uvc-heading ult-adjust-bottom-margin ultimate-heading-899669f4e3a61e9d3 uvc-4866 accent-border-color\" data-hspacer=\"line_only\"  data-halign=\"center\" style=\"text-align:center\"><div class=\"uvc-main-heading ult-responsive\"  data-ultimate-target='.uvc-heading.ultimate-heading-899669f4e3a61e9d3 h2'  data-responsive-json-new='{\"font-size\":\"desktop:30px;\",\"line-height\":\"desktop:36px;\"}' ><h2 style=\"font-weight:bold;margin-bottom:5px;\">Displays<\/h2><\/div><div class=\"uvc-heading-spacer line_only\" style=\"margin-bottom:30px;height:5px;\"><span class=\"uvc-headings-line\" style=\"border-style:solid;border-bottom-width:5px;border-color:;width:200px;\"><\/span><\/div><\/div>[vc_row_inner][vc_column_inner][vc_media_grid element_width=&#8221;2&#8243; gap=&#8221;15&#8243; grid_id=&#8221;vc_gid:1528191611274-ac93ee5d-c7cf-7&#8243; include=&#8221;156,157,158,159,160&#8243;][\/vc_column_inner][\/vc_row_inner][\/vc_column][\/vc_row]<\/p>\n<\/div>","protected":false},"excerpt":{"rendered":"<p>[vc_row content_placement=&#8221;top&#8221; type=&#8221;vc_default&#8221; margin_top=&#8221;10&#8243; margin_bottom=&#8221;25&#8243; css=&#8221;.vc_custom_1508243052006{padding-top: 70px !important;}&#8221;][vc_column width=&#8221;1\/2&#8243; css=&#8221;.vc_custom_1508243083034{padding-bottom: 30px !important;}&#8221; offset=&#8221;vc_col-lg-offset-0 vc_col-lg-6 vc_col-md-offset-0 vc_col-md-6 vc_col-sm-offset-2 vc_col-xs-12&#8243;][vc_column_text]The IPP 70-S is the standard version of the particle probe for universal use in sectors without ATEX requirements. When used in conjunction with a measuring PC, it allows for the determination of particle size distribution (e.g., Q0,&hellip;<\/p>\n","protected":false},"author":1,"featured_media":0,"parent":45,"menu_order":0,"comment_status":"closed","ping_status":"closed","template":"","meta":{"footnotes":""},"class_list":["post-153","page","type-page","status-publish","hentry","description-off"],"yoast_head":"<!-- This site is optimized with the Yoast SEO plugin v25.1 - https:\/\/yoast.com\/wordpress\/plugins\/seo\/ -->\n<title>IPP 70-S \u2013 standard probe - Parsum EN<\/title>\n<meta name=\"robots\" content=\"index, follow, max-snippet:-1, max-image-preview:large, max-video-preview:-1\" \/>\n<link rel=\"canonical\" href=\"https:\/\/www.parsum.de\/en\/particle-probes\/ipp-70-s-standard-probe\/\" \/>\n<meta property=\"og:locale\" content=\"en_GB\" \/>\n<meta property=\"og:type\" content=\"article\" \/>\n<meta property=\"og:title\" content=\"IPP 70-S \u2013 standard probe - Parsum EN\" \/>\n<meta property=\"og:description\" content=\"[vc_row content_placement=&#8221;top&#8221; type=&#8221;vc_default&#8221; margin_top=&#8221;10&#8243; margin_bottom=&#8221;25&#8243; css=&#8221;.vc_custom_1508243052006{padding-top: 70px !important;}&#8221;][vc_column width=&#8221;1\/2&#8243; css=&#8221;.vc_custom_1508243083034{padding-bottom: 30px !important;}&#8221; offset=&#8221;vc_col-lg-offset-0 vc_col-lg-6 vc_col-md-offset-0 vc_col-md-6 vc_col-sm-offset-2 vc_col-xs-12&#8243;][vc_column_text]The IPP 70-S is the standard version of the particle probe for universal use in sectors without ATEX requirements. When used in conjunction with a measuring PC, it allows for the determination of particle size distribution (e.g., Q0,&hellip;\" \/>\n<meta property=\"og:url\" content=\"https:\/\/www.parsum.de\/en\/particle-probes\/ipp-70-s-standard-probe\/\" \/>\n<meta property=\"og:site_name\" content=\"Parsum EN\" \/>\n<meta property=\"article:modified_time\" content=\"2018-06-05T09:42:37+00:00\" \/>\n<meta name=\"twitter:card\" content=\"summary_large_image\" \/>\n<meta name=\"twitter:label1\" content=\"Estimated reading time\" \/>\n\t<meta name=\"twitter:data1\" content=\"7 minutes\" \/>\n<script type=\"application\/ld+json\" class=\"yoast-schema-graph\">{\"@context\":\"https:\/\/schema.org\",\"@graph\":[{\"@type\":\"WebPage\",\"@id\":\"https:\/\/www.parsum.de\/en\/particle-probes\/ipp-70-s-standard-probe\/\",\"url\":\"https:\/\/www.parsum.de\/en\/particle-probes\/ipp-70-s-standard-probe\/\",\"name\":\"IPP 70-S \u2013 standard probe - Parsum EN\",\"isPartOf\":{\"@id\":\"https:\/\/www.parsum.de\/en\/#website\"},\"datePublished\":\"2018-04-18T12:35:13+00:00\",\"dateModified\":\"2018-06-05T09:42:37+00:00\",\"breadcrumb\":{\"@id\":\"https:\/\/www.parsum.de\/en\/particle-probes\/ipp-70-s-standard-probe\/#breadcrumb\"},\"inLanguage\":\"en-GB\",\"potentialAction\":[{\"@type\":\"ReadAction\",\"target\":[\"https:\/\/www.parsum.de\/en\/particle-probes\/ipp-70-s-standard-probe\/\"]}]},{\"@type\":\"BreadcrumbList\",\"@id\":\"https:\/\/www.parsum.de\/en\/particle-probes\/ipp-70-s-standard-probe\/#breadcrumb\",\"itemListElement\":[{\"@type\":\"ListItem\",\"position\":1,\"name\":\"Startseite\",\"item\":\"https:\/\/www.parsum.de\/en\/\"},{\"@type\":\"ListItem\",\"position\":2,\"name\":\"Particle probes\",\"item\":\"https:\/\/www.parsum.de\/en\/particle-probes\/\"},{\"@type\":\"ListItem\",\"position\":3,\"name\":\"IPP 70-S \u2013 standard probe\"}]},{\"@type\":\"WebSite\",\"@id\":\"https:\/\/www.parsum.de\/en\/#website\",\"url\":\"https:\/\/www.parsum.de\/en\/\",\"name\":\"Parsum EN\",\"description\":\"Gesellschaft f\u00fcr Partikel-, Str\u00f6mungs- und Umweltme\u00dftechnik mbH\",\"potentialAction\":[{\"@type\":\"SearchAction\",\"target\":{\"@type\":\"EntryPoint\",\"urlTemplate\":\"https:\/\/www.parsum.de\/en\/?s={search_term_string}\"},\"query-input\":{\"@type\":\"PropertyValueSpecification\",\"valueRequired\":true,\"valueName\":\"search_term_string\"}}],\"inLanguage\":\"en-GB\"}]}<\/script>\n<!-- \/ Yoast SEO plugin. -->","yoast_head_json":{"title":"IPP 70-S \u2013 standard probe - Parsum EN","robots":{"index":"index","follow":"follow","max-snippet":"max-snippet:-1","max-image-preview":"max-image-preview:large","max-video-preview":"max-video-preview:-1"},"canonical":"https:\/\/www.parsum.de\/en\/particle-probes\/ipp-70-s-standard-probe\/","og_locale":"en_GB","og_type":"article","og_title":"IPP 70-S \u2013 standard probe - Parsum EN","og_description":"[vc_row content_placement=&#8221;top&#8221; type=&#8221;vc_default&#8221; margin_top=&#8221;10&#8243; margin_bottom=&#8221;25&#8243; css=&#8221;.vc_custom_1508243052006{padding-top: 70px !important;}&#8221;][vc_column width=&#8221;1\/2&#8243; css=&#8221;.vc_custom_1508243083034{padding-bottom: 30px !important;}&#8221; offset=&#8221;vc_col-lg-offset-0 vc_col-lg-6 vc_col-md-offset-0 vc_col-md-6 vc_col-sm-offset-2 vc_col-xs-12&#8243;][vc_column_text]The IPP 70-S is the standard version of the particle probe for universal use in sectors without ATEX requirements. When used in conjunction with a measuring PC, it allows for the determination of particle size distribution (e.g., Q0,&hellip;","og_url":"https:\/\/www.parsum.de\/en\/particle-probes\/ipp-70-s-standard-probe\/","og_site_name":"Parsum EN","article_modified_time":"2018-06-05T09:42:37+00:00","twitter_card":"summary_large_image","twitter_misc":{"Estimated reading time":"7 minutes"},"schema":{"@context":"https:\/\/schema.org","@graph":[{"@type":"WebPage","@id":"https:\/\/www.parsum.de\/en\/particle-probes\/ipp-70-s-standard-probe\/","url":"https:\/\/www.parsum.de\/en\/particle-probes\/ipp-70-s-standard-probe\/","name":"IPP 70-S \u2013 standard probe - Parsum EN","isPartOf":{"@id":"https:\/\/www.parsum.de\/en\/#website"},"datePublished":"2018-04-18T12:35:13+00:00","dateModified":"2018-06-05T09:42:37+00:00","breadcrumb":{"@id":"https:\/\/www.parsum.de\/en\/particle-probes\/ipp-70-s-standard-probe\/#breadcrumb"},"inLanguage":"en-GB","potentialAction":[{"@type":"ReadAction","target":["https:\/\/www.parsum.de\/en\/particle-probes\/ipp-70-s-standard-probe\/"]}]},{"@type":"BreadcrumbList","@id":"https:\/\/www.parsum.de\/en\/particle-probes\/ipp-70-s-standard-probe\/#breadcrumb","itemListElement":[{"@type":"ListItem","position":1,"name":"Startseite","item":"https:\/\/www.parsum.de\/en\/"},{"@type":"ListItem","position":2,"name":"Particle probes","item":"https:\/\/www.parsum.de\/en\/particle-probes\/"},{"@type":"ListItem","position":3,"name":"IPP 70-S \u2013 standard probe"}]},{"@type":"WebSite","@id":"https:\/\/www.parsum.de\/en\/#website","url":"https:\/\/www.parsum.de\/en\/","name":"Parsum EN","description":"Gesellschaft f\u00fcr Partikel-, Str\u00f6mungs- und Umweltme\u00dftechnik mbH","potentialAction":[{"@type":"SearchAction","target":{"@type":"EntryPoint","urlTemplate":"https:\/\/www.parsum.de\/en\/?s={search_term_string}"},"query-input":{"@type":"PropertyValueSpecification","valueRequired":true,"valueName":"search_term_string"}}],"inLanguage":"en-GB"}]}},"_links":{"self":[{"href":"https:\/\/www.parsum.de\/en\/wp-json\/wp\/v2\/pages\/153","targetHints":{"allow":["GET"]}}],"collection":[{"href":"https:\/\/www.parsum.de\/en\/wp-json\/wp\/v2\/pages"}],"about":[{"href":"https:\/\/www.parsum.de\/en\/wp-json\/wp\/v2\/types\/page"}],"author":[{"embeddable":true,"href":"https:\/\/www.parsum.de\/en\/wp-json\/wp\/v2\/users\/1"}],"replies":[{"embeddable":true,"href":"https:\/\/www.parsum.de\/en\/wp-json\/wp\/v2\/comments?post=153"}],"version-history":[{"count":7,"href":"https:\/\/www.parsum.de\/en\/wp-json\/wp\/v2\/pages\/153\/revisions"}],"predecessor-version":[{"id":340,"href":"https:\/\/www.parsum.de\/en\/wp-json\/wp\/v2\/pages\/153\/revisions\/340"}],"up":[{"embeddable":true,"href":"https:\/\/www.parsum.de\/en\/wp-json\/wp\/v2\/pages\/45"}],"wp:attachment":[{"href":"https:\/\/www.parsum.de\/en\/wp-json\/wp\/v2\/media?parent=153"}],"curies":[{"name":"wp","href":"https:\/\/api.w.org\/{rel}","templated":true}]}}