{"id":16,"date":"2018-04-16T14:29:01","date_gmt":"2018-04-16T12:29:01","guid":{"rendered":"http:\/\/www.parsum.de\/en\/?page_id=16"},"modified":"2018-05-07T16:05:31","modified_gmt":"2018-05-07T14:05:31","slug":"legal-notice","status":"publish","type":"page","link":"https:\/\/www.parsum.de\/en\/legal-notice\/","title":{"rendered":"Legal notice"},"content":{"rendered":"<div class=\"wpb-content-wrapper\"><p>[vc_row content_placement=&#8221;top&#8221; type=&#8221;vc_default&#8221; margin_top=&#8221;10&#8243; margin_bottom=&#8221;25&#8243; css=&#8221;.vc_custom_1508243052006{padding-top: 70px !important;}&#8221;][vc_column width=&#8221;1\/2&#8243; css=&#8221;.vc_custom_1508243083034{padding-bottom: 30px !important;}&#8221; offset=&#8221;vc_col-lg-offset-0 vc_col-lg-6 vc_col-md-offset-0 vc_col-md-6 vc_col-sm-offset-2 vc_col-xs-12&#8243;][vc_column_text]<strong>Information in accordance with \u00a75 of the TMG (<em>Telemediengesetz<\/em> [German Telecommunications Act]):<br \/>\n<\/strong>Parsum \u2013 Gesellschaft f\u00fcr Partikel-, Str\u00f6mungs- und Umweltmesstechnik mbH<br \/>\nReichenhainer Strasse 34\u201336<br \/>\n09126 Chemnitz, Germany<\/p>\n<p><strong>Represented by:<\/strong><\/p>\n<ul>\n<li>Mr. Stefan Dietrich, Managing Director<\/li>\n<li>Dr. Michael K\u00f6hler, Managing Director<\/li>\n<\/ul>\n<p><strong>Contact:<br \/>\n<\/strong>Telephone: +49 (0) 371 2675869-0<br \/>\nFax: +49 (0) 371 2675869-9<br \/>\nEmail: <a href=\"mailto:info@parsum.de\">info@parsum.de<\/a>[\/vc_column_text][\/vc_column][vc_column width=&#8221;1\/2&#8243; css=&#8221;.vc_custom_1508243072531{padding-bottom: 30px !important;}&#8221; offset=&#8221;vc_col-lg-offset-0 vc_col-lg-6 vc_col-md-offset-0 vc_col-md-6 vc_col-sm-offset-2 vc_col-xs-12&#8243;][vc_column_text]<strong>Company registration:<\/strong><br \/>\nEntry in the Commercial Register.<br \/>\nCourt of Registration: Chemnitz<br \/>\nRegister number: 14379<\/p>\n<p><strong>VAT no.<\/strong><br \/>\nVAT registration number in accordance with \u00a727a of the Umsatzsteuergesetz [German VAT Act]:<br \/>\nDE 188221182<\/p>\n<p><strong>Responsible for the content in accordance with \u00a755, Para. 2 of the RStV [German Interstate Broadcasting Agreement]:<\/strong><br \/>\nManaging Directors:<br \/>\nMr. Stefan Dietrich<br \/>\nDr. Michael K\u00f6hler<\/p>\n<p><strong>Source:<\/strong><br \/>\nLegal-notice generator of <a href=\"http:\/\/www.e-recht24.de\" target=\"_blank\" rel=\"noopener\">www.e-recht24.de<\/a>[\/vc_column_text][\/vc_column][\/vc_row][vc_row bg_type=&#8221;bg_color&#8221; bg_override=&#8221;full&#8221; bg_color_value=&#8221;#f5f5f5&#8243; css=&#8221;.vc_custom_1507725484438{padding-top: 30px !important;padding-bottom: 50px !important;}&#8221;][vc_column]<div id=\"ultimate-heading-677769da0f780c3d3\" class=\"uvc-heading ult-adjust-bottom-margin ultimate-heading-677769da0f780c3d3 uvc-688 accent-border-color\" data-hspacer=\"line_only\"  data-halign=\"center\" style=\"text-align:center\"><div class=\"uvc-main-heading ult-responsive\"  data-ultimate-target='.uvc-heading.ultimate-heading-677769da0f780c3d3 h2'  data-responsive-json-new='{\"font-size\":\"desktop:30px;\",\"line-height\":\"desktop:36px;\"}' ><h2 style=\"font-weight:bold;margin-bottom:5px;\">Disclaimer<\/h2><\/div><div class=\"uvc-heading-spacer line_only\" style=\"margin-bottom:30px;height:5px;\"><span class=\"uvc-headings-line\" style=\"border-style:solid;border-bottom-width:5px;border-color:;width:200px;\"><\/span><\/div><\/div>[vc_row_inner][vc_column_inner width=&#8221;1\/2&#8243;][vc_column_text]<strong>Liability for content<\/strong><br \/>\nThe content of our pages has been prepared with the utmost care. However, we cannot accept any liability for the accuracy, completeness or currency of the content. As a service provider, pursuant to \u00a77, Para. 1 of the German Telemedia Act, we are responsible for our own content on these pages in accordance with general law. However, pursuant to \u00a7\u00a78\u201310 of the German Telemedia Act, as a service provider we are not obliged to monitor communicated or stored third-party information or to research circumstances that suggest illegal activity. Obligations to remove or block the use of information pursuant to general law shall remain unaffected hereby. Any liability in this respect shall nevertheless only be possible from the point of knowledge of a specific breach of law. If such infringements of law become known, we shall remove such content immediately.<\/p>\n<p><strong>Liability for links<\/strong><br \/>\nOur website includes links to third-party external websites, over whose content we have no influence. Therefore, we cannot accept any responsibility for this external content. Individual providers or operators of the linked pages are always responsible for their own content. The linked sites are checked for any legal violations at the time they are linked. Illegal content was not detected at the time of the linking. However, continuous monitoring of the content of linked pages is not reasonable without concrete evidence of legal violations. Should any legal violation come to our attention, we will remove such links immediately.<\/p>\n<p>[\/vc_column_text][\/vc_column_inner][vc_column_inner width=&#8221;1\/2&#8243;][vc_column_text]<\/p>\n<p><strong>Copyright<\/strong><br \/>\nThe content and works on these pages, compiled by the operators of this website, are subject to German copyright law. The copying, editing, distribution and any use of the content outside the limits of the copyright law require the written consent of the author or creator. Downloading or copying these pages is only permitted for private, non-commercial use. Third-party copyrights must be respected to the extent that the contents of this site were not created by the operator. In particular, third-party content will be identified as such. Should you nevertheless become aware of any copyright infringement, we request that you notify us accordingly. Should any legal violation come to our attention, we will remove such content immediately.<\/p>\n<p><strong>Sources:<\/strong> <em><a href=\"http:\/\/www.e-recht24.de\/muster-disclaimer.htm\" target=\"_blank\" rel=\"noopener\">Disclaimer<\/a> by eRecht24, the Internet portal of lawyer S\u00f6ren Siebert, <a href=\"http:\/\/www.e-recht24.de\/artikel\/datenschutz\/6590-facebook-like-button-datenschutz-disclaimer.html\" target=\"_blank\" rel=\"noopener\">Facebook Privacy Policy<\/a>, <a href=\"http:\/\/www.google.com\/intl\/de_ALL\/analytics\/tos.html\" target=\"_blank\" rel=\"noopener\">Google Analytics Privacy Policy<\/a>, <a href=\"http:\/\/www.e-recht24.de\/artikel\/datenschutz\/6635-datenschutz-rechtliche-risiken-bei-der-nutzung-von-google-analytics-und-googleadsense.html\" target=\"_blank\" rel=\"noopener\">eRecht24 Privacy Policy Google Adsense<\/a>, <a href=\"http:\/\/www.google.com\/intl\/de\/+\/policy\/+1button.html\" target=\"_blank\" rel=\"noopener\">Google +1\u00a0Privacy Policy<\/a>, <a href=\"http:\/\/twitter.com\/privacy\" target=\"_blank\" rel=\"noopener\">Twitter conditions<\/a><\/em>[\/vc_column_text][\/vc_column_inner][\/vc_row_inner][\/vc_column][\/vc_row]<\/p>\n<\/div>","protected":false},"excerpt":{"rendered":"<p>[vc_row content_placement=&#8221;top&#8221; type=&#8221;vc_default&#8221; margin_top=&#8221;10&#8243; margin_bottom=&#8221;25&#8243; css=&#8221;.vc_custom_1508243052006{padding-top: 70px !important;}&#8221;][vc_column width=&#8221;1\/2&#8243; css=&#8221;.vc_custom_1508243083034{padding-bottom: 30px !important;}&#8221; offset=&#8221;vc_col-lg-offset-0 vc_col-lg-6 vc_col-md-offset-0 vc_col-md-6 vc_col-sm-offset-2 vc_col-xs-12&#8243;][vc_column_text]Information in accordance with \u00a75 of the TMG (Telemediengesetz [German Telecommunications Act]): Parsum \u2013 Gesellschaft f\u00fcr Partikel-, Str\u00f6mungs- und Umweltmesstechnik mbH Reichenhainer Strasse 34\u201336 09126 Chemnitz, Germany Represented by: Mr. Stefan Dietrich, Managing Director Dr. Michael K\u00f6hler, Managing&hellip;<\/p>\n","protected":false},"author":1,"featured_media":0,"parent":0,"menu_order":0,"comment_status":"closed","ping_status":"closed","template":"","meta":{"footnotes":""},"class_list":["post-16","page","type-page","status-publish","hentry","description-off"],"yoast_head":"<!-- This site is optimized with the Yoast SEO plugin v25.1 - https:\/\/yoast.com\/wordpress\/plugins\/seo\/ -->\n<title>Legal notice - Parsum EN<\/title>\n<meta name=\"robots\" content=\"index, follow, max-snippet:-1, max-image-preview:large, max-video-preview:-1\" \/>\n<link rel=\"canonical\" href=\"https:\/\/www.parsum.de\/en\/legal-notice\/\" \/>\n<meta property=\"og:locale\" content=\"en_GB\" \/>\n<meta property=\"og:type\" content=\"article\" \/>\n<meta property=\"og:title\" content=\"Legal notice - Parsum EN\" \/>\n<meta property=\"og:description\" content=\"[vc_row content_placement=&#8221;top&#8221; type=&#8221;vc_default&#8221; margin_top=&#8221;10&#8243; margin_bottom=&#8221;25&#8243; css=&#8221;.vc_custom_1508243052006{padding-top: 70px !important;}&#8221;][vc_column width=&#8221;1\/2&#8243; css=&#8221;.vc_custom_1508243083034{padding-bottom: 30px !important;}&#8221; offset=&#8221;vc_col-lg-offset-0 vc_col-lg-6 vc_col-md-offset-0 vc_col-md-6 vc_col-sm-offset-2 vc_col-xs-12&#8243;][vc_column_text]Information in accordance with \u00a75 of the TMG (Telemediengesetz [German Telecommunications Act]): Parsum \u2013 Gesellschaft f\u00fcr Partikel-, Str\u00f6mungs- und Umweltmesstechnik mbH Reichenhainer Strasse 34\u201336 09126 Chemnitz, Germany Represented by: Mr. Stefan Dietrich, Managing Director Dr. Michael K\u00f6hler, Managing&hellip;\" \/>\n<meta property=\"og:url\" content=\"https:\/\/www.parsum.de\/en\/legal-notice\/\" \/>\n<meta property=\"og:site_name\" content=\"Parsum EN\" \/>\n<meta property=\"article:modified_time\" content=\"2018-05-07T14:05:31+00:00\" \/>\n<meta name=\"twitter:card\" content=\"summary_large_image\" \/>\n<meta name=\"twitter:label1\" content=\"Estimated reading time\" \/>\n\t<meta name=\"twitter:data1\" content=\"3 minutes\" \/>\n<script type=\"application\/ld+json\" class=\"yoast-schema-graph\">{\"@context\":\"https:\/\/schema.org\",\"@graph\":[{\"@type\":\"WebPage\",\"@id\":\"https:\/\/www.parsum.de\/en\/legal-notice\/\",\"url\":\"https:\/\/www.parsum.de\/en\/legal-notice\/\",\"name\":\"Legal notice - Parsum EN\",\"isPartOf\":{\"@id\":\"https:\/\/www.parsum.de\/en\/#website\"},\"datePublished\":\"2018-04-16T12:29:01+00:00\",\"dateModified\":\"2018-05-07T14:05:31+00:00\",\"breadcrumb\":{\"@id\":\"https:\/\/www.parsum.de\/en\/legal-notice\/#breadcrumb\"},\"inLanguage\":\"en-GB\",\"potentialAction\":[{\"@type\":\"ReadAction\",\"target\":[\"https:\/\/www.parsum.de\/en\/legal-notice\/\"]}]},{\"@type\":\"BreadcrumbList\",\"@id\":\"https:\/\/www.parsum.de\/en\/legal-notice\/#breadcrumb\",\"itemListElement\":[{\"@type\":\"ListItem\",\"position\":1,\"name\":\"Startseite\",\"item\":\"https:\/\/www.parsum.de\/en\/\"},{\"@type\":\"ListItem\",\"position\":2,\"name\":\"Legal notice\"}]},{\"@type\":\"WebSite\",\"@id\":\"https:\/\/www.parsum.de\/en\/#website\",\"url\":\"https:\/\/www.parsum.de\/en\/\",\"name\":\"Parsum EN\",\"description\":\"Gesellschaft f\u00fcr Partikel-, Str\u00f6mungs- und Umweltme\u00dftechnik mbH\",\"potentialAction\":[{\"@type\":\"SearchAction\",\"target\":{\"@type\":\"EntryPoint\",\"urlTemplate\":\"https:\/\/www.parsum.de\/en\/?s={search_term_string}\"},\"query-input\":{\"@type\":\"PropertyValueSpecification\",\"valueRequired\":true,\"valueName\":\"search_term_string\"}}],\"inLanguage\":\"en-GB\"}]}<\/script>\n<!-- \/ Yoast SEO plugin. -->","yoast_head_json":{"title":"Legal notice - Parsum EN","robots":{"index":"index","follow":"follow","max-snippet":"max-snippet:-1","max-image-preview":"max-image-preview:large","max-video-preview":"max-video-preview:-1"},"canonical":"https:\/\/www.parsum.de\/en\/legal-notice\/","og_locale":"en_GB","og_type":"article","og_title":"Legal notice - Parsum EN","og_description":"[vc_row content_placement=&#8221;top&#8221; type=&#8221;vc_default&#8221; margin_top=&#8221;10&#8243; margin_bottom=&#8221;25&#8243; css=&#8221;.vc_custom_1508243052006{padding-top: 70px !important;}&#8221;][vc_column width=&#8221;1\/2&#8243; css=&#8221;.vc_custom_1508243083034{padding-bottom: 30px !important;}&#8221; offset=&#8221;vc_col-lg-offset-0 vc_col-lg-6 vc_col-md-offset-0 vc_col-md-6 vc_col-sm-offset-2 vc_col-xs-12&#8243;][vc_column_text]Information in accordance with \u00a75 of the TMG (Telemediengesetz [German Telecommunications Act]): Parsum \u2013 Gesellschaft f\u00fcr Partikel-, Str\u00f6mungs- und Umweltmesstechnik mbH Reichenhainer Strasse 34\u201336 09126 Chemnitz, Germany Represented by: Mr. Stefan Dietrich, Managing Director Dr. Michael K\u00f6hler, Managing&hellip;","og_url":"https:\/\/www.parsum.de\/en\/legal-notice\/","og_site_name":"Parsum EN","article_modified_time":"2018-05-07T14:05:31+00:00","twitter_card":"summary_large_image","twitter_misc":{"Estimated reading time":"3 minutes"},"schema":{"@context":"https:\/\/schema.org","@graph":[{"@type":"WebPage","@id":"https:\/\/www.parsum.de\/en\/legal-notice\/","url":"https:\/\/www.parsum.de\/en\/legal-notice\/","name":"Legal notice - Parsum EN","isPartOf":{"@id":"https:\/\/www.parsum.de\/en\/#website"},"datePublished":"2018-04-16T12:29:01+00:00","dateModified":"2018-05-07T14:05:31+00:00","breadcrumb":{"@id":"https:\/\/www.parsum.de\/en\/legal-notice\/#breadcrumb"},"inLanguage":"en-GB","potentialAction":[{"@type":"ReadAction","target":["https:\/\/www.parsum.de\/en\/legal-notice\/"]}]},{"@type":"BreadcrumbList","@id":"https:\/\/www.parsum.de\/en\/legal-notice\/#breadcrumb","itemListElement":[{"@type":"ListItem","position":1,"name":"Startseite","item":"https:\/\/www.parsum.de\/en\/"},{"@type":"ListItem","position":2,"name":"Legal notice"}]},{"@type":"WebSite","@id":"https:\/\/www.parsum.de\/en\/#website","url":"https:\/\/www.parsum.de\/en\/","name":"Parsum EN","description":"Gesellschaft f\u00fcr Partikel-, Str\u00f6mungs- und Umweltme\u00dftechnik mbH","potentialAction":[{"@type":"SearchAction","target":{"@type":"EntryPoint","urlTemplate":"https:\/\/www.parsum.de\/en\/?s={search_term_string}"},"query-input":{"@type":"PropertyValueSpecification","valueRequired":true,"valueName":"search_term_string"}}],"inLanguage":"en-GB"}]}},"_links":{"self":[{"href":"https:\/\/www.parsum.de\/en\/wp-json\/wp\/v2\/pages\/16","targetHints":{"allow":["GET"]}}],"collection":[{"href":"https:\/\/www.parsum.de\/en\/wp-json\/wp\/v2\/pages"}],"about":[{"href":"https:\/\/www.parsum.de\/en\/wp-json\/wp\/v2\/types\/page"}],"author":[{"embeddable":true,"href":"https:\/\/www.parsum.de\/en\/wp-json\/wp\/v2\/users\/1"}],"replies":[{"embeddable":true,"href":"https:\/\/www.parsum.de\/en\/wp-json\/wp\/v2\/comments?post=16"}],"version-history":[{"count":5,"href":"https:\/\/www.parsum.de\/en\/wp-json\/wp\/v2\/pages\/16\/revisions"}],"predecessor-version":[{"id":333,"href":"https:\/\/www.parsum.de\/en\/wp-json\/wp\/v2\/pages\/16\/revisions\/333"}],"wp:attachment":[{"href":"https:\/\/www.parsum.de\/en\/wp-json\/wp\/v2\/media?parent=16"}],"curies":[{"name":"wp","href":"https:\/\/api.w.org\/{rel}","templated":true}]}}