{"id":191,"date":"2018-04-18T15:25:18","date_gmt":"2018-04-18T13:25:18","guid":{"rendered":"http:\/\/www.parsum.de\/en\/?page_id=191"},"modified":"2018-04-18T15:31:10","modified_gmt":"2018-04-18T13:31:10","slug":"measuring-principle-fibre-optic-spatial-filter-method","status":"publish","type":"page","link":"https:\/\/www.parsum.de\/en\/particle-probes\/measuring-principle-fibre-optic-spatial-filter-method\/","title":{"rendered":"Measuring principle: Fibre-optic spatial filter method"},"content":{"rendered":"<div class=\"wpb-content-wrapper\"><p>[vc_row content_placement=&#8221;top&#8221; type=&#8221;vc_default&#8221; margin_top=&#8221;10&#8243; margin_bottom=&#8221;25&#8243; css=&#8221;.vc_custom_1508243052006{padding-top: 70px !important;}&#8221;][vc_column width=&#8221;2\/3&#8243; css=&#8221;.vc_custom_1508243083034{padding-bottom: 30px !important;}&#8221; offset=&#8221;vc_col-lg-offset-0 vc_col-lg-6 vc_col-md-offset-0 vc_col-md-6 vc_col-sm-offset-2 vc_col-xs-12&#8243;][vc_column_text]Parsum probes use an optical method to measure the shadows of particles moving through a measuring gap at the tip of the probe.<\/p>\n<p>To this end, a collimated laser beam is shone through the measuring gap. Moving particles then create moving shadows on the opposite side of the measuring gap, on which there are two fibre-optic receivers for detecting the velocities and times of flight of the individual particles.<\/p>\n<p>The velocity sensor is a spatial frequency filter consisting of a linear grating arrangement of optical fibres, and the time-of-flight detector is a single optical fibre located after it. The geometric length of each individual particle shadow is then determined by combining the individual particle velocity with the individual time of flight of the particle, and is then stored in a dynamic ring buffer on an ongoing basis. The content of this adjustable-length buffer forms the basis for calculating the particle size and velocity distributions as well as the particle attributes \u2013 continuously, online and directly within the process.[\/vc_column_text][\/vc_column][vc_column width=&#8221;1\/3&#8243; css=&#8221;.vc_custom_1508243072531{padding-bottom: 30px !important;}&#8221; offset=&#8221;vc_col-lg-offset-0 vc_col-lg-6 vc_col-md-offset-0 vc_col-md-6 vc_col-sm-offset-2 vc_col-xs-12&#8243;][vc_single_image image=&#8221;194&#8243; img_size=&#8221;full&#8221; add_caption=&#8221;yes&#8221; onclick=&#8221;zoom&#8221; image_hovers=&#8221;false&#8221; lazy_loading=&#8221;true&#8221;][\/vc_column][\/vc_row][vc_row][vc_column][vc_separator style=&#8221;dashed&#8221; border_width=&#8221;3&#8243;][\/vc_column][\/vc_row][vc_row][vc_column]<div id=\"ultimate-heading-86469d76a29062d6\" class=\"uvc-heading ult-adjust-bottom-margin ultimate-heading-86469d76a29062d6 uvc-9902 accent-border-color\" data-hspacer=\"line_only\"  data-halign=\"center\" style=\"text-align:center\"><div class=\"uvc-main-heading ult-responsive\"  data-ultimate-target='.uvc-heading.ultimate-heading-86469d76a29062d6 h2'  data-responsive-json-new='{\"font-size\":\"desktop:30px;\",\"line-height\":\"desktop:36px;\"}' ><h2 style=\"font-weight:bold;margin-bottom:5px;\">Extended spatial frequency filter technique<\/h2><\/div><div class=\"uvc-heading-spacer line_only\" style=\"margin-bottom:30px;height:5px;\"><span class=\"uvc-headings-line\" style=\"border-style:solid;border-bottom-width:5px;border-color:;width:200px;\"><\/span><\/div><\/div>[vc_single_image image=&#8221;195&#8243; img_size=&#8221;full&#8221; add_caption=&#8221;yes&#8221; alignment=&#8221;center&#8221; onclick=&#8221;zoom&#8221; image_hovers=&#8221;false&#8221; lazy_loading=&#8221;true&#8221;][\/vc_column][\/vc_row][vc_row][vc_column][vc_separator style=&#8221;dashed&#8221; border_width=&#8221;3&#8243;][\/vc_column][\/vc_row][vc_row content_placement=&#8221;top&#8221; type=&#8221;vc_default&#8221; margin_top=&#8221;10&#8243; margin_bottom=&#8221;25&#8243;][vc_column width=&#8221;2\/3&#8243; css=&#8221;.vc_custom_1508243083034{padding-bottom: 30px !important;}&#8221; offset=&#8221;vc_col-lg-offset-0 vc_col-lg-6 vc_col-md-offset-0 vc_col-md-6 vc_col-sm-offset-2 vc_col-xs-12&#8243;]<div id=\"ultimate-heading-461069d76a2906357\" class=\"uvc-heading ult-adjust-bottom-margin ultimate-heading-461069d76a2906357 uvc-3076 accent-border-color\" data-hspacer=\"line_only\"  data-halign=\"center\" style=\"text-align:center\"><div class=\"uvc-main-heading ult-responsive\"  data-ultimate-target='.uvc-heading.ultimate-heading-461069d76a2906357 h2'  data-responsive-json-new='{\"font-size\":\"desktop:30px;\",\"line-height\":\"desktop:36px;\"}' ><h2 style=\"font-weight:bold;margin-bottom:5px;\">Particle velocity determination<\/h2><\/div><div class=\"uvc-heading-spacer line_only\" style=\"margin-bottom:30px;height:5px;\"><span class=\"uvc-headings-line\" style=\"border-style:solid;border-bottom-width:5px;border-color:;width:200px;\"><\/span><\/div><\/div>[vc_column_text]The fibre-optic spatial filtering method is a specific version of a spatial frequency filter in the form of a probe. It consists of a lattice arrangement of optical fibres on one side of the measuring volume, and a light source on the other side.<\/p>\n<p class=\"Pa6\">This determines the time frequency of individual moving particles during the measuring operation. This is performed by projecting the particle movement onto the optical array, with a subsequent frequency analysis of the resulting signal. The velocity of the individual particle is calculated from the measured frequency and the known lattice constant of the array.<\/p>\n<p>[\/vc_column_text][\/vc_column][vc_column width=&#8221;1\/3&#8243; css=&#8221;.vc_custom_1508243072531{padding-bottom: 30px !important;}&#8221; offset=&#8221;vc_col-lg-offset-0 vc_col-lg-6 vc_col-md-offset-0 vc_col-md-6 vc_col-sm-offset-2 vc_col-xs-12&#8243;][vc_single_image image=&#8221;65&#8243; img_size=&#8221;full&#8221; add_caption=&#8221;yes&#8221; image_hovers=&#8221;false&#8221; lazy_loading=&#8221;true&#8221;][\/vc_column][\/vc_row][vc_row][vc_column][vc_separator style=&#8221;dashed&#8221; border_width=&#8221;3&#8243;][\/vc_column][\/vc_row][vc_row content_placement=&#8221;top&#8221; type=&#8221;vc_default&#8221; margin_top=&#8221;10&#8243; margin_bottom=&#8221;25&#8243; css=&#8221;.vc_custom_1508243052006{padding-top: 70px !important;}&#8221;][vc_column width=&#8221;2\/3&#8243; css=&#8221;.vc_custom_1508243083034{padding-bottom: 30px !important;}&#8221; offset=&#8221;vc_col-lg-offset-0 vc_col-lg-6 vc_col-md-offset-0 vc_col-md-6 vc_col-sm-offset-2 vc_col-xs-12&#8243;]<div id=\"ultimate-heading-393369d76a29063b6\" class=\"uvc-heading ult-adjust-bottom-margin ultimate-heading-393369d76a29063b6 uvc-8222 accent-border-color\" data-hspacer=\"line_only\"  data-halign=\"center\" style=\"text-align:center\"><div class=\"uvc-main-heading ult-responsive\"  data-ultimate-target='.uvc-heading.ultimate-heading-393369d76a29063b6 h2'  data-responsive-json-new='{\"font-size\":\"desktop:30px;\",\"line-height\":\"desktop:36px;\"}' ><h2 style=\"font-weight:bold;margin-bottom:5px;\">Determining the particle time of flight<\/h2><\/div><div class=\"uvc-heading-spacer line_only\" style=\"margin-bottom:30px;height:5px;\"><span class=\"uvc-headings-line\" style=\"border-style:solid;border-bottom-width:5px;border-color:;width:200px;\"><\/span><\/div><\/div>[vc_column_text]<\/p>\n<p class=\"Pa6\">Adding an optical pulse channel to the spatial filter makes it possible to determine the time of flight of a particle. The particle size in the direction of movement is obtained directly from the time of flight and the velocity.<\/p>\n<p>[\/vc_column_text][\/vc_column][vc_column width=&#8221;1\/3&#8243; css=&#8221;.vc_custom_1508243072531{padding-bottom: 30px !important;}&#8221; offset=&#8221;vc_col-lg-offset-0 vc_col-lg-6 vc_col-md-offset-0 vc_col-md-6 vc_col-sm-offset-2 vc_col-xs-12&#8243;][vc_single_image image=&#8221;66&#8243; img_size=&#8221;full&#8221; add_caption=&#8221;yes&#8221; image_hovers=&#8221;false&#8221; lazy_loading=&#8221;true&#8221;][\/vc_column][\/vc_row][vc_row][vc_column][vc_empty_space][\/vc_column][\/vc_row]<\/p>\n<\/div>","protected":false},"excerpt":{"rendered":"<p>[vc_row content_placement=&#8221;top&#8221; type=&#8221;vc_default&#8221; margin_top=&#8221;10&#8243; margin_bottom=&#8221;25&#8243; css=&#8221;.vc_custom_1508243052006{padding-top: 70px !important;}&#8221;][vc_column width=&#8221;2\/3&#8243; css=&#8221;.vc_custom_1508243083034{padding-bottom: 30px !important;}&#8221; offset=&#8221;vc_col-lg-offset-0 vc_col-lg-6 vc_col-md-offset-0 vc_col-md-6 vc_col-sm-offset-2 vc_col-xs-12&#8243;][vc_column_text]Parsum probes use an optical method to measure the shadows of particles moving through a measuring gap at the tip of the probe. To this end, a collimated laser beam is shone through the measuring gap. Moving particles&hellip;<\/p>\n","protected":false},"author":1,"featured_media":0,"parent":45,"menu_order":0,"comment_status":"closed","ping_status":"closed","template":"","meta":{"footnotes":""},"class_list":["post-191","page","type-page","status-publish","hentry","description-off"],"yoast_head":"<!-- This site is optimized with the Yoast SEO plugin v25.1 - https:\/\/yoast.com\/wordpress\/plugins\/seo\/ -->\n<title>Measuring principle: Fibre-optic spatial filter method - Parsum EN<\/title>\n<meta name=\"robots\" content=\"index, follow, max-snippet:-1, max-image-preview:large, max-video-preview:-1\" \/>\n<link rel=\"canonical\" href=\"https:\/\/www.parsum.de\/en\/particle-probes\/measuring-principle-fibre-optic-spatial-filter-method\/\" \/>\n<meta property=\"og:locale\" content=\"en_GB\" \/>\n<meta property=\"og:type\" content=\"article\" \/>\n<meta property=\"og:title\" content=\"Measuring principle: Fibre-optic spatial filter method - Parsum EN\" \/>\n<meta property=\"og:description\" content=\"[vc_row content_placement=&#8221;top&#8221; type=&#8221;vc_default&#8221; margin_top=&#8221;10&#8243; margin_bottom=&#8221;25&#8243; css=&#8221;.vc_custom_1508243052006{padding-top: 70px !important;}&#8221;][vc_column width=&#8221;2\/3&#8243; css=&#8221;.vc_custom_1508243083034{padding-bottom: 30px !important;}&#8221; offset=&#8221;vc_col-lg-offset-0 vc_col-lg-6 vc_col-md-offset-0 vc_col-md-6 vc_col-sm-offset-2 vc_col-xs-12&#8243;][vc_column_text]Parsum probes use an optical method to measure the shadows of particles moving through a measuring gap at the tip of the probe. To this end, a collimated laser beam is shone through the measuring gap. Moving particles&hellip;\" \/>\n<meta property=\"og:url\" content=\"https:\/\/www.parsum.de\/en\/particle-probes\/measuring-principle-fibre-optic-spatial-filter-method\/\" \/>\n<meta property=\"og:site_name\" content=\"Parsum EN\" \/>\n<meta property=\"article:modified_time\" content=\"2018-04-18T13:31:10+00:00\" \/>\n<meta name=\"twitter:card\" content=\"summary_large_image\" \/>\n<meta name=\"twitter:label1\" content=\"Estimated reading time\" \/>\n\t<meta name=\"twitter:data1\" content=\"4 minutes\" \/>\n<script type=\"application\/ld+json\" class=\"yoast-schema-graph\">{\"@context\":\"https:\/\/schema.org\",\"@graph\":[{\"@type\":\"WebPage\",\"@id\":\"https:\/\/www.parsum.de\/en\/particle-probes\/measuring-principle-fibre-optic-spatial-filter-method\/\",\"url\":\"https:\/\/www.parsum.de\/en\/particle-probes\/measuring-principle-fibre-optic-spatial-filter-method\/\",\"name\":\"Measuring principle: Fibre-optic spatial filter method - Parsum EN\",\"isPartOf\":{\"@id\":\"https:\/\/www.parsum.de\/en\/#website\"},\"datePublished\":\"2018-04-18T13:25:18+00:00\",\"dateModified\":\"2018-04-18T13:31:10+00:00\",\"breadcrumb\":{\"@id\":\"https:\/\/www.parsum.de\/en\/particle-probes\/measuring-principle-fibre-optic-spatial-filter-method\/#breadcrumb\"},\"inLanguage\":\"en-GB\",\"potentialAction\":[{\"@type\":\"ReadAction\",\"target\":[\"https:\/\/www.parsum.de\/en\/particle-probes\/measuring-principle-fibre-optic-spatial-filter-method\/\"]}]},{\"@type\":\"BreadcrumbList\",\"@id\":\"https:\/\/www.parsum.de\/en\/particle-probes\/measuring-principle-fibre-optic-spatial-filter-method\/#breadcrumb\",\"itemListElement\":[{\"@type\":\"ListItem\",\"position\":1,\"name\":\"Startseite\",\"item\":\"https:\/\/www.parsum.de\/en\/\"},{\"@type\":\"ListItem\",\"position\":2,\"name\":\"Particle probes\",\"item\":\"https:\/\/www.parsum.de\/en\/particle-probes\/\"},{\"@type\":\"ListItem\",\"position\":3,\"name\":\"Measuring principle: Fibre-optic spatial filter method\"}]},{\"@type\":\"WebSite\",\"@id\":\"https:\/\/www.parsum.de\/en\/#website\",\"url\":\"https:\/\/www.parsum.de\/en\/\",\"name\":\"Parsum EN\",\"description\":\"Gesellschaft f\u00fcr Partikel-, Str\u00f6mungs- und Umweltme\u00dftechnik mbH\",\"potentialAction\":[{\"@type\":\"SearchAction\",\"target\":{\"@type\":\"EntryPoint\",\"urlTemplate\":\"https:\/\/www.parsum.de\/en\/?s={search_term_string}\"},\"query-input\":{\"@type\":\"PropertyValueSpecification\",\"valueRequired\":true,\"valueName\":\"search_term_string\"}}],\"inLanguage\":\"en-GB\"}]}<\/script>\n<!-- \/ Yoast SEO plugin. -->","yoast_head_json":{"title":"Measuring principle: Fibre-optic spatial filter method - Parsum EN","robots":{"index":"index","follow":"follow","max-snippet":"max-snippet:-1","max-image-preview":"max-image-preview:large","max-video-preview":"max-video-preview:-1"},"canonical":"https:\/\/www.parsum.de\/en\/particle-probes\/measuring-principle-fibre-optic-spatial-filter-method\/","og_locale":"en_GB","og_type":"article","og_title":"Measuring principle: Fibre-optic spatial filter method - Parsum EN","og_description":"[vc_row content_placement=&#8221;top&#8221; type=&#8221;vc_default&#8221; margin_top=&#8221;10&#8243; margin_bottom=&#8221;25&#8243; css=&#8221;.vc_custom_1508243052006{padding-top: 70px !important;}&#8221;][vc_column width=&#8221;2\/3&#8243; css=&#8221;.vc_custom_1508243083034{padding-bottom: 30px !important;}&#8221; offset=&#8221;vc_col-lg-offset-0 vc_col-lg-6 vc_col-md-offset-0 vc_col-md-6 vc_col-sm-offset-2 vc_col-xs-12&#8243;][vc_column_text]Parsum probes use an optical method to measure the shadows of particles moving through a measuring gap at the tip of the probe. To this end, a collimated laser beam is shone through the measuring gap. Moving particles&hellip;","og_url":"https:\/\/www.parsum.de\/en\/particle-probes\/measuring-principle-fibre-optic-spatial-filter-method\/","og_site_name":"Parsum EN","article_modified_time":"2018-04-18T13:31:10+00:00","twitter_card":"summary_large_image","twitter_misc":{"Estimated reading time":"4 minutes"},"schema":{"@context":"https:\/\/schema.org","@graph":[{"@type":"WebPage","@id":"https:\/\/www.parsum.de\/en\/particle-probes\/measuring-principle-fibre-optic-spatial-filter-method\/","url":"https:\/\/www.parsum.de\/en\/particle-probes\/measuring-principle-fibre-optic-spatial-filter-method\/","name":"Measuring principle: Fibre-optic spatial filter method - Parsum EN","isPartOf":{"@id":"https:\/\/www.parsum.de\/en\/#website"},"datePublished":"2018-04-18T13:25:18+00:00","dateModified":"2018-04-18T13:31:10+00:00","breadcrumb":{"@id":"https:\/\/www.parsum.de\/en\/particle-probes\/measuring-principle-fibre-optic-spatial-filter-method\/#breadcrumb"},"inLanguage":"en-GB","potentialAction":[{"@type":"ReadAction","target":["https:\/\/www.parsum.de\/en\/particle-probes\/measuring-principle-fibre-optic-spatial-filter-method\/"]}]},{"@type":"BreadcrumbList","@id":"https:\/\/www.parsum.de\/en\/particle-probes\/measuring-principle-fibre-optic-spatial-filter-method\/#breadcrumb","itemListElement":[{"@type":"ListItem","position":1,"name":"Startseite","item":"https:\/\/www.parsum.de\/en\/"},{"@type":"ListItem","position":2,"name":"Particle probes","item":"https:\/\/www.parsum.de\/en\/particle-probes\/"},{"@type":"ListItem","position":3,"name":"Measuring principle: Fibre-optic spatial filter method"}]},{"@type":"WebSite","@id":"https:\/\/www.parsum.de\/en\/#website","url":"https:\/\/www.parsum.de\/en\/","name":"Parsum EN","description":"Gesellschaft f\u00fcr Partikel-, Str\u00f6mungs- und Umweltme\u00dftechnik mbH","potentialAction":[{"@type":"SearchAction","target":{"@type":"EntryPoint","urlTemplate":"https:\/\/www.parsum.de\/en\/?s={search_term_string}"},"query-input":{"@type":"PropertyValueSpecification","valueRequired":true,"valueName":"search_term_string"}}],"inLanguage":"en-GB"}]}},"_links":{"self":[{"href":"https:\/\/www.parsum.de\/en\/wp-json\/wp\/v2\/pages\/191","targetHints":{"allow":["GET"]}}],"collection":[{"href":"https:\/\/www.parsum.de\/en\/wp-json\/wp\/v2\/pages"}],"about":[{"href":"https:\/\/www.parsum.de\/en\/wp-json\/wp\/v2\/types\/page"}],"author":[{"embeddable":true,"href":"https:\/\/www.parsum.de\/en\/wp-json\/wp\/v2\/users\/1"}],"replies":[{"embeddable":true,"href":"https:\/\/www.parsum.de\/en\/wp-json\/wp\/v2\/comments?post=191"}],"version-history":[{"count":3,"href":"https:\/\/www.parsum.de\/en\/wp-json\/wp\/v2\/pages\/191\/revisions"}],"predecessor-version":[{"id":196,"href":"https:\/\/www.parsum.de\/en\/wp-json\/wp\/v2\/pages\/191\/revisions\/196"}],"up":[{"embeddable":true,"href":"https:\/\/www.parsum.de\/en\/wp-json\/wp\/v2\/pages\/45"}],"wp:attachment":[{"href":"https:\/\/www.parsum.de\/en\/wp-json\/wp\/v2\/media?parent=191"}],"curies":[{"name":"wp","href":"https:\/\/api.w.org\/{rel}","templated":true}]}}