{"id":197,"date":"2018-04-18T15:32:16","date_gmt":"2018-04-18T13:32:16","guid":{"rendered":"http:\/\/www.parsum.de\/en\/?page_id=197"},"modified":"2018-04-18T15:37:37","modified_gmt":"2018-04-18T13:37:37","slug":"measuring-software","status":"publish","type":"page","link":"https:\/\/www.parsum.de\/en\/particle-probes\/measuring-software\/","title":{"rendered":"Measuring software"},"content":{"rendered":"<div class=\"wpb-content-wrapper\"><p>[vc_row css=&#8221;.vc_custom_1508315877245{padding-top: 70px !important;}&#8221;][vc_column width=&#8221;1\/2&#8243;][vc_column_text]The Parsum measuring software is a flexible and adaptable system of programmes and interfaces. The IPP measuring program itself is the heart of the system. IPP controls the measurement and guarantees a clear presentation of results. The interface can be customised to show only relevant results from a multitude of information.<\/p>\n<p>In addition to the particle size distributions (number and volume distributions Q0, Q3 and q0, q3, as well as sieve fractions), special attention is given to the representation of the progression of attributes such as X10\/X50\/X90 over time. The display of auxiliary values, such as the particle rate (number of particles measured per second), loading (particle concentration) and particle velocity, provides additional valuable information about the process.[\/vc_column_text][vc_column_text]The overview shows the entire measuring system with all additional modules and options for data transfer and evaluation.[\/vc_column_text][\/vc_column][vc_column width=&#8221;1\/2&#8243;][vc_single_image image=&#8221;200&#8243; img_size=&#8221;full&#8221; onclick=&#8221;zoom&#8221; lazy_loading=&#8221;true&#8221;][\/vc_column][\/vc_row][vc_row bg_type=&#8221;bg_color&#8221; bg_override=&#8221;full&#8221; css=&#8221;.vc_custom_1508317161152{margin-top: 30px !important;margin-bottom: 30px !important;padding-top: 30px !important;padding-bottom: 50px !important;}&#8221; bg_color_value=&#8221;#f5f5f5&#8243;][vc_column]<div id=\"ultimate-heading-527069fc4b574b45f\" class=\"uvc-heading ult-adjust-bottom-margin ultimate-heading-527069fc4b574b45f uvc-3412 accent-border-color\" data-hspacer=\"line_only\"  data-halign=\"center\" style=\"text-align:center\"><div class=\"uvc-main-heading ult-responsive\"  data-ultimate-target='.uvc-heading.ultimate-heading-527069fc4b574b45f h2'  data-responsive-json-new='{\"font-size\":\"desktop:30px;\",\"line-height\":\"desktop:36px;\"}' ><h2 style=\"font-weight:bold;margin-bottom:5px;\">IPP measuring software, properties<\/h2><\/div><div class=\"uvc-heading-spacer line_only\" style=\"margin-bottom:30px;height:5px;\"><span class=\"uvc-headings-line\" style=\"border-style:solid;border-bottom-width:5px;border-color:;width:200px;\"><\/span><\/div><\/div>[vc_row_inner][vc_column_inner width=&#8221;1\/2&#8243;]<div class=\"standard-arrow bullet-top\"><ul>\n<li>Can be run on Windows XP, Windows 7, Windows 8 or Windows 10<\/li>\n<li>Up to four measuring probes can be connected to a PC at the same time<\/li>\n<li>Freely configurable screen display for routine measurements or R&amp;D tasks<\/li>\n<li>Measurement of the chord lengths of moving particles and their display as:<\/li>\n<li>Particle size number distribution q0(x); Q0(x) logarithmic and linear, particle size volume distribution q3 (x), Q3 (x) logarithmic and linear, sieve fractions\/throughputs as a bar charts with freely selectable sieve sizes<\/li>\n<li>Particle velocity number distribution<\/li>\n<li>Numerical display of various parameters and status information (data rate, particle load, signal level, etc.)<\/li>\n<li>The class width and class number (linear and logarithmic) are individually adjustable<\/li>\n<\/ul>\n<\/div>[\/vc_column_inner][vc_column_inner width=&#8221;1\/2&#8243;]<div class=\"standard-arrow bullet-top\"><ul>\n<li>Display of characteristic parameters over time as a time chart, e.g., X10, X25, X50, X75, X90 of the volume or number distribution, and much more<\/li>\n<li>Automatic data-logging function with adjustable storage intervals of 10 seconds to 24 hours for logging and subsequent offline evaluation<\/li>\n<li>Saving of snapshots of the process as ASCII text files<\/li>\n<li>Printing of the measured results as a log file<\/li>\n<li>Customised saving of measuring configurations for quick and convenient adaptation to changing process conditions (e.g., different products)<\/li>\n<li>Recording of simulation data: Short-term recordings of original measuring-probe signals for subsequent offline evaluation and optimisation of system settings for a specific process situation<\/li>\n<\/ul>\n<\/div>[\/vc_column_inner][\/vc_row_inner][\/vc_column][\/vc_row][vc_row][vc_column width=&#8221;1\/2&#8243;]<div id=\"ultimate-heading-413569fc4b574b57a\" class=\"uvc-heading ult-adjust-bottom-margin ultimate-heading-413569fc4b574b57a uvc-7025 accent-border-color\" data-hspacer=\"line_only\"  data-halign=\"center\" style=\"text-align:center\"><div class=\"uvc-main-heading ult-responsive\"  data-ultimate-target='.uvc-heading.ultimate-heading-413569fc4b574b57a h2'  data-responsive-json-new='{\"font-size\":\"desktop:30px;\",\"line-height\":\"desktop:36px;\"}' ><h2 style=\"font-weight:bold;margin-bottom:5px;\">LogAnalyzer<\/h2><\/div><div class=\"uvc-heading-spacer line_only\" style=\"margin-bottom:30px;height:5px;\"><span class=\"uvc-headings-line\" style=\"border-style:solid;border-bottom-width:5px;border-color:;width:200px;\"><\/span><\/div><\/div>[vc_column_text]The Excel macro LogAnalyzer is used for the quick and intuitive offline evaluation and graphic depiction of measuring processes that have been saved in the measuring software\u2019s automatically generated logger files.[\/vc_column_text][vc_separator style=&#8221;dashed&#8221; border_width=&#8221;3&#8243;]<div id=\"ultimate-heading-782169fc4b574b5b4\" class=\"uvc-heading ult-adjust-bottom-margin ultimate-heading-782169fc4b574b5b4 uvc-6773 accent-border-color\" data-hspacer=\"line_only\"  data-halign=\"center\" style=\"text-align:center\"><div class=\"uvc-main-heading ult-responsive\"  data-ultimate-target='.uvc-heading.ultimate-heading-782169fc4b574b5b4 h2'  data-responsive-json-new='{\"font-size\":\"desktop:30px;\",\"line-height\":\"desktop:36px;\"}' ><h2 style=\"font-weight:bold;margin-bottom:5px;\">ExcelConnect<\/h2><\/div><div class=\"uvc-heading-spacer line_only\" style=\"margin-bottom:30px;height:5px;\"><span class=\"uvc-headings-line\" style=\"border-style:solid;border-bottom-width:5px;border-color:;width:200px;\"><\/span><\/div><\/div>[vc_column_text]The Excel macro ExcelConnect makes it possible to integrate all measurement data online into a designated Excel table. Using the available Excel options makes it really easy to perform your own calculations in real time or to create customised reports without any programming knowledge.[\/vc_column_text][\/vc_column][vc_column width=&#8221;1\/2&#8243;]<div id=\"ultimate-heading-757169fc4b574b5e5\" class=\"uvc-heading ult-adjust-bottom-margin ultimate-heading-757169fc4b574b5e5 uvc-2757 accent-border-color\" data-hspacer=\"line_only\"  data-halign=\"center\" style=\"text-align:center\"><div class=\"uvc-main-heading ult-responsive\"  data-ultimate-target='.uvc-heading.ultimate-heading-757169fc4b574b5e5 h2'  data-responsive-json-new='{\"font-size\":\"desktop:30px;\",\"line-height\":\"desktop:36px;\"}' ><h2 style=\"font-weight:bold;margin-bottom:5px;\">ParsumVIEW<\/h2><\/div><div class=\"uvc-heading-spacer line_only\" style=\"margin-bottom:30px;height:5px;\"><span class=\"uvc-headings-line\" style=\"border-style:solid;border-bottom-width:5px;border-color:;width:200px;\"><\/span><\/div><\/div>[vc_column_text]\u201eParsumVIEW\u201c was specifically designed for use in the pharmaceutical industry and for applications with increased safety requirements. It meets the requirements of 21 CFR Part 11. This module takes control of measurement and its results as well as the display of those results. ParsumView also features password-protected access control and monitoring, configurable rights and user management, audit trail and data archiving. All data and settings are stored either locally in a protected SQL database or in a network.[\/vc_column_text][vc_separator style=&#8221;dashed&#8221; border_width=&#8221;3&#8243;]<div id=\"ultimate-heading-752969fc4b574b613\" class=\"uvc-heading ult-adjust-bottom-margin ultimate-heading-752969fc4b574b613 uvc-9997 accent-border-color\" data-hspacer=\"line_only\"  data-halign=\"center\" style=\"text-align:center\"><div class=\"uvc-main-heading ult-responsive\"  data-ultimate-target='.uvc-heading.ultimate-heading-752969fc4b574b613 h2'  data-responsive-json-new='{\"font-size\":\"desktop:30px;\",\"line-height\":\"desktop:36px;\"}' ><h2 style=\"font-weight:bold;margin-bottom:5px;\">LabView-VIs<\/h2><\/div><div class=\"uvc-heading-spacer line_only\" style=\"margin-bottom:30px;height:5px;\"><span class=\"uvc-headings-line\" style=\"border-style:solid;border-bottom-width:5px;border-color:;width:200px;\"><\/span><\/div><\/div>[vc_column_text]With LabVIEW-Vis, the measurement and the measured results can be easily integrated into the customer\u2019s programs in LabVIEW as required.[\/vc_column_text][\/vc_column][\/vc_row][vc_row bg_type=&#8221;bg_color&#8221; bg_override=&#8221;full&#8221; css=&#8221;.vc_custom_1508754659784{margin-top: 30px !important;padding-top: 30px !important;padding-bottom: 50px !important;}&#8221; bg_color_value=&#8221;#f5f5f5&#8243;][vc_column]<div id=\"ultimate-heading-328469fc4b574b640\" class=\"uvc-heading ult-adjust-bottom-margin ultimate-heading-328469fc4b574b640 uvc-2324 accent-border-color\" data-hspacer=\"line_only\"  data-halign=\"center\" style=\"text-align:center\"><div class=\"uvc-main-heading ult-responsive\"  data-ultimate-target='.uvc-heading.ultimate-heading-328469fc4b574b640 h2'  data-responsive-json-new='{\"font-size\":\"desktop:30px;\",\"line-height\":\"desktop:36px;\"}' ><h2 style=\"font-weight:bold;margin-bottom:5px;\">Data interfaces<\/h2><\/div><div class=\"uvc-heading-spacer line_only\" style=\"margin-bottom:30px;height:5px;\"><span class=\"uvc-headings-line\" style=\"border-style:solid;border-bottom-width:5px;border-color:;width:200px;\"><\/span><\/div><\/div>[vc_column_text]<\/p>\n<p style=\"text-align: center;\">The measuring systems can be integrated into the process-control technology via various standardised data interfaces.<\/p>\n<p>[\/vc_column_text][vc_row_inner equal_height=&#8221;yes&#8221; gap=&#8221;25&#8243;][vc_column_inner width=&#8221;1\/3&#8243; css=&#8221;.vc_custom_1508754687452{padding-top: 35px !important;padding-right: 15px !important;padding-bottom: 15px !important;padding-left: 15px !important;background-color: #ffffff !important;}&#8221;]<div id=\"ultimate-heading-718669fc4b574b66c\" class=\"uvc-heading ult-adjust-bottom-margin ultimate-heading-718669fc4b574b66c uvc-4042 accent-border-color\" data-hspacer=\"line_only\"  data-halign=\"center\" style=\"text-align:center\"><div class=\"uvc-main-heading ult-responsive\"  data-ultimate-target='.uvc-heading.ultimate-heading-718669fc4b574b66c h2'  data-responsive-json-new='{\"font-size\":\"desktop:30px;\",\"line-height\":\"desktop:36px;\"}' ><h2 style=\"font-weight:bold;margin-bottom:5px;\">TCP server (integrated)<\/h2><\/div><div class=\"uvc-heading-spacer line_only\" style=\"margin-bottom:30px;height:5px;\"><span class=\"uvc-headings-line\" style=\"border-style:solid;border-bottom-width:5px;border-color:;width:200px;\"><\/span><\/div><\/div><div class=\"standard-arrow bullet-top\"><ul>\n<li>The TCP server is a component of the standard measuring software for each measuring probe.<\/li>\n<li>Possibility of an individual TCP-client program to retrieve measured results and control the entire measurement<\/li>\n<li>Coupling of individual program modules (clients) with additional, adapted evaluations and displays based on customer-specific requirements<\/li>\n<\/ul>\n<\/div>[\/vc_column_inner][vc_column_inner width=&#8221;1\/3&#8243; css=&#8221;.vc_custom_1508754700446{padding-top: 35px !important;padding-right: 15px !important;padding-bottom: 15px !important;padding-left: 15px !important;background-color: #ffffff !important;}&#8221;]<div id=\"ultimate-heading-647569fc4b574b6d4\" class=\"uvc-heading ult-adjust-bottom-margin ultimate-heading-647569fc4b574b6d4 uvc-3561 accent-border-color\" data-hspacer=\"line_only\"  data-halign=\"center\" style=\"text-align:center\"><div class=\"uvc-main-heading ult-responsive\"  data-ultimate-target='.uvc-heading.ultimate-heading-647569fc4b574b6d4 h2'  data-responsive-json-new='{\"font-size\":\"desktop:30px;\",\"line-height\":\"desktop:36px;\"}' ><h2 style=\"font-weight:bold;margin-bottom:5px;\">Measurement software \u2013 OPC DA\/UA server (optional)<\/h2><\/div><div class=\"uvc-heading-spacer line_only\" style=\"margin-bottom:30px;height:5px;\"><span class=\"uvc-headings-line\" style=\"border-style:solid;border-bottom-width:5px;border-color:;width:200px;\"><\/span><\/div><\/div><div class=\"standard-arrow bullet-top\"><ul>\n<li>Additional program module for coupling up to 24 measuring probes in an Ethernet network for data retrieval and for controlling the measurement<\/li>\n<li>Transmission of all measurement information: calculated distributions, fraction displays, attributes, auxiliary and status values, and many more, plus control of the measurement<\/li>\n<li>The OPC server can be installed on the measuring PC or on any computer within the Ethernet network<\/li>\n<li>The OPC server is available as OPC DA or OPC UA.<\/li>\n<\/ul>\n<\/div>[\/vc_column_inner][vc_column_inner width=&#8221;1\/3&#8243; css=&#8221;.vc_custom_1508754711830{padding-top: 35px !important;padding-right: 15px !important;padding-bottom: 15px !important;padding-left: 15px !important;background-color: #ffffff !important;}&#8221;]<div id=\"ultimate-heading-392769fc4b574b73e\" class=\"uvc-heading ult-adjust-bottom-margin ultimate-heading-392769fc4b574b73e uvc-3685 accent-border-color\" data-hspacer=\"line_only\"  data-halign=\"center\" style=\"text-align:center\"><div class=\"uvc-main-heading ult-responsive\"  data-ultimate-target='.uvc-heading.ultimate-heading-392769fc4b574b73e h2'  data-responsive-json-new='{\"font-size\":\"desktop:30px;\",\"line-height\":\"desktop:36px;\"}' ><h2 style=\"font-weight:bold;margin-bottom:5px;\">Analogue interface (optional)<\/h2><\/div><div class=\"uvc-heading-spacer line_only\" style=\"margin-bottom:30px;height:5px;\"><span class=\"uvc-headings-line\" style=\"border-style:solid;border-bottom-width:5px;border-color:;width:200px;\"><\/span><\/div><\/div><div class=\"standard-arrow bullet-top\"><ul>\n<li>Separate interface card with 4\u201320-mA interface with 8 channels, max. 2 cards per PC<\/li>\n<li>Option of variable allocation of measurement results per channel, e.g., X50, X10, X90, Xxx, throughput, fractions, system level<\/li>\n<li>Option of measurement start\/stop control via digital inputs<\/li>\n<\/ul>\n<\/div>[\/vc_column_inner][\/vc_row_inner][\/vc_column][\/vc_row]<\/p>\n<\/div>","protected":false},"excerpt":{"rendered":"<p>[vc_row css=&#8221;.vc_custom_1508315877245{padding-top: 70px !important;}&#8221;][vc_column width=&#8221;1\/2&#8243;][vc_column_text]The Parsum measuring software is a flexible and adaptable system of programmes and interfaces. The IPP measuring program itself is the heart of the system. IPP controls the measurement and guarantees a clear presentation of results. The interface can be customised to show only relevant results from a multitude of information.&hellip;<\/p>\n","protected":false},"author":1,"featured_media":0,"parent":45,"menu_order":0,"comment_status":"closed","ping_status":"closed","template":"","meta":{"footnotes":""},"class_list":["post-197","page","type-page","status-publish","hentry","description-off"],"yoast_head":"<!-- This site is optimized with the Yoast SEO plugin v25.1 - https:\/\/yoast.com\/wordpress\/plugins\/seo\/ -->\n<title>Measuring software - Parsum EN<\/title>\n<meta name=\"robots\" content=\"index, follow, max-snippet:-1, max-image-preview:large, max-video-preview:-1\" \/>\n<link rel=\"canonical\" href=\"https:\/\/www.parsum.de\/en\/particle-probes\/measuring-software\/\" \/>\n<meta property=\"og:locale\" content=\"en_GB\" \/>\n<meta property=\"og:type\" content=\"article\" \/>\n<meta property=\"og:title\" content=\"Measuring software - Parsum EN\" \/>\n<meta property=\"og:description\" content=\"[vc_row css=&#8221;.vc_custom_1508315877245{padding-top: 70px !important;}&#8221;][vc_column width=&#8221;1\/2&#8243;][vc_column_text]The Parsum measuring software is a flexible and adaptable system of programmes and interfaces. The IPP measuring program itself is the heart of the system. IPP controls the measurement and guarantees a clear presentation of results. The interface can be customised to show only relevant results from a multitude of information.&hellip;\" \/>\n<meta property=\"og:url\" content=\"https:\/\/www.parsum.de\/en\/particle-probes\/measuring-software\/\" \/>\n<meta property=\"og:site_name\" content=\"Parsum EN\" \/>\n<meta property=\"article:modified_time\" content=\"2018-04-18T13:37:37+00:00\" \/>\n<meta name=\"twitter:card\" content=\"summary_large_image\" \/>\n<meta name=\"twitter:label1\" content=\"Estimated reading time\" \/>\n\t<meta name=\"twitter:data1\" content=\"8 minutes\" \/>\n<script type=\"application\/ld+json\" class=\"yoast-schema-graph\">{\"@context\":\"https:\/\/schema.org\",\"@graph\":[{\"@type\":\"WebPage\",\"@id\":\"https:\/\/www.parsum.de\/en\/particle-probes\/measuring-software\/\",\"url\":\"https:\/\/www.parsum.de\/en\/particle-probes\/measuring-software\/\",\"name\":\"Measuring software - Parsum EN\",\"isPartOf\":{\"@id\":\"https:\/\/www.parsum.de\/en\/#website\"},\"datePublished\":\"2018-04-18T13:32:16+00:00\",\"dateModified\":\"2018-04-18T13:37:37+00:00\",\"breadcrumb\":{\"@id\":\"https:\/\/www.parsum.de\/en\/particle-probes\/measuring-software\/#breadcrumb\"},\"inLanguage\":\"en-GB\",\"potentialAction\":[{\"@type\":\"ReadAction\",\"target\":[\"https:\/\/www.parsum.de\/en\/particle-probes\/measuring-software\/\"]}]},{\"@type\":\"BreadcrumbList\",\"@id\":\"https:\/\/www.parsum.de\/en\/particle-probes\/measuring-software\/#breadcrumb\",\"itemListElement\":[{\"@type\":\"ListItem\",\"position\":1,\"name\":\"Startseite\",\"item\":\"https:\/\/www.parsum.de\/en\/\"},{\"@type\":\"ListItem\",\"position\":2,\"name\":\"Particle probes\",\"item\":\"https:\/\/www.parsum.de\/en\/particle-probes\/\"},{\"@type\":\"ListItem\",\"position\":3,\"name\":\"Measuring software\"}]},{\"@type\":\"WebSite\",\"@id\":\"https:\/\/www.parsum.de\/en\/#website\",\"url\":\"https:\/\/www.parsum.de\/en\/\",\"name\":\"Parsum EN\",\"description\":\"Gesellschaft f\u00fcr Partikel-, Str\u00f6mungs- und Umweltme\u00dftechnik mbH\",\"potentialAction\":[{\"@type\":\"SearchAction\",\"target\":{\"@type\":\"EntryPoint\",\"urlTemplate\":\"https:\/\/www.parsum.de\/en\/?s={search_term_string}\"},\"query-input\":{\"@type\":\"PropertyValueSpecification\",\"valueRequired\":true,\"valueName\":\"search_term_string\"}}],\"inLanguage\":\"en-GB\"}]}<\/script>\n<!-- \/ Yoast SEO plugin. -->","yoast_head_json":{"title":"Measuring software - Parsum EN","robots":{"index":"index","follow":"follow","max-snippet":"max-snippet:-1","max-image-preview":"max-image-preview:large","max-video-preview":"max-video-preview:-1"},"canonical":"https:\/\/www.parsum.de\/en\/particle-probes\/measuring-software\/","og_locale":"en_GB","og_type":"article","og_title":"Measuring software - Parsum EN","og_description":"[vc_row css=&#8221;.vc_custom_1508315877245{padding-top: 70px !important;}&#8221;][vc_column width=&#8221;1\/2&#8243;][vc_column_text]The Parsum measuring software is a flexible and adaptable system of programmes and interfaces. The IPP measuring program itself is the heart of the system. IPP controls the measurement and guarantees a clear presentation of results. The interface can be customised to show only relevant results from a multitude of information.&hellip;","og_url":"https:\/\/www.parsum.de\/en\/particle-probes\/measuring-software\/","og_site_name":"Parsum EN","article_modified_time":"2018-04-18T13:37:37+00:00","twitter_card":"summary_large_image","twitter_misc":{"Estimated reading time":"8 minutes"},"schema":{"@context":"https:\/\/schema.org","@graph":[{"@type":"WebPage","@id":"https:\/\/www.parsum.de\/en\/particle-probes\/measuring-software\/","url":"https:\/\/www.parsum.de\/en\/particle-probes\/measuring-software\/","name":"Measuring software - Parsum EN","isPartOf":{"@id":"https:\/\/www.parsum.de\/en\/#website"},"datePublished":"2018-04-18T13:32:16+00:00","dateModified":"2018-04-18T13:37:37+00:00","breadcrumb":{"@id":"https:\/\/www.parsum.de\/en\/particle-probes\/measuring-software\/#breadcrumb"},"inLanguage":"en-GB","potentialAction":[{"@type":"ReadAction","target":["https:\/\/www.parsum.de\/en\/particle-probes\/measuring-software\/"]}]},{"@type":"BreadcrumbList","@id":"https:\/\/www.parsum.de\/en\/particle-probes\/measuring-software\/#breadcrumb","itemListElement":[{"@type":"ListItem","position":1,"name":"Startseite","item":"https:\/\/www.parsum.de\/en\/"},{"@type":"ListItem","position":2,"name":"Particle probes","item":"https:\/\/www.parsum.de\/en\/particle-probes\/"},{"@type":"ListItem","position":3,"name":"Measuring software"}]},{"@type":"WebSite","@id":"https:\/\/www.parsum.de\/en\/#website","url":"https:\/\/www.parsum.de\/en\/","name":"Parsum EN","description":"Gesellschaft f\u00fcr Partikel-, Str\u00f6mungs- und Umweltme\u00dftechnik mbH","potentialAction":[{"@type":"SearchAction","target":{"@type":"EntryPoint","urlTemplate":"https:\/\/www.parsum.de\/en\/?s={search_term_string}"},"query-input":{"@type":"PropertyValueSpecification","valueRequired":true,"valueName":"search_term_string"}}],"inLanguage":"en-GB"}]}},"_links":{"self":[{"href":"https:\/\/www.parsum.de\/en\/wp-json\/wp\/v2\/pages\/197","targetHints":{"allow":["GET"]}}],"collection":[{"href":"https:\/\/www.parsum.de\/en\/wp-json\/wp\/v2\/pages"}],"about":[{"href":"https:\/\/www.parsum.de\/en\/wp-json\/wp\/v2\/types\/page"}],"author":[{"embeddable":true,"href":"https:\/\/www.parsum.de\/en\/wp-json\/wp\/v2\/users\/1"}],"replies":[{"embeddable":true,"href":"https:\/\/www.parsum.de\/en\/wp-json\/wp\/v2\/comments?post=197"}],"version-history":[{"count":3,"href":"https:\/\/www.parsum.de\/en\/wp-json\/wp\/v2\/pages\/197\/revisions"}],"predecessor-version":[{"id":201,"href":"https:\/\/www.parsum.de\/en\/wp-json\/wp\/v2\/pages\/197\/revisions\/201"}],"up":[{"embeddable":true,"href":"https:\/\/www.parsum.de\/en\/wp-json\/wp\/v2\/pages\/45"}],"wp:attachment":[{"href":"https:\/\/www.parsum.de\/en\/wp-json\/wp\/v2\/media?parent=197"}],"curies":[{"name":"wp","href":"https:\/\/api.w.org\/{rel}","templated":true}]}}