{"id":202,"date":"2018-04-18T15:38:19","date_gmt":"2018-04-18T13:38:19","guid":{"rendered":"http:\/\/www.parsum.de\/en\/?page_id=202"},"modified":"2018-06-05T12:31:48","modified_gmt":"2018-06-05T10:31:48","slug":"pharma-options","status":"publish","type":"page","link":"https:\/\/www.parsum.de\/en\/particle-probes\/pharma-options\/","title":{"rendered":"Pharma options"},"content":{"rendered":"<div class=\"wpb-content-wrapper\"><p>[vc_row css=&#8221;.vc_custom_1513088472591{padding-top: 70px !important;}&#8221;][vc_column][vc_column_text]The pharma options can be downloaded <a href=\"https:\/\/www.parsum.de\/wp-content\/uploads\/2018\/06\/Parsum-data-sheet-pharma-options-En-05-18.pdf\" target=\"_blank\" rel=\"noopener\">here as a datasheet PDF<\/a>.[\/vc_column_text][\/vc_column][\/vc_row][vc_row bg_type=&#8221;bg_color&#8221; bg_override=&#8221;full&#8221; css=&#8221;.vc_custom_1508754659784{margin-top: 30px !important;padding-top: 30px !important;padding-bottom: 50px !important;}&#8221; bg_color_value=&#8221;#f5f5f5&#8243;][vc_column][vc_row_inner equal_height=&#8221;yes&#8221; gap=&#8221;25&#8243;][vc_column_inner width=&#8221;1\/2&#8243; css=&#8221;.vc_custom_1508754687452{padding-top: 35px !important;padding-right: 15px !important;padding-bottom: 15px !important;padding-left: 15px !important;background-color: #ffffff !important;}&#8221;]<div id=\"ultimate-heading-862369e5f1a967e7c\" class=\"uvc-heading ult-adjust-bottom-margin ultimate-heading-862369e5f1a967e7c uvc-5737 accent-border-color\" data-hspacer=\"line_only\"  data-halign=\"center\" style=\"text-align:center\"><div class=\"uvc-main-heading ult-responsive\"  data-ultimate-target='.uvc-heading.ultimate-heading-862369e5f1a967e7c h2'  data-responsive-json-new='{\"font-size\":\"desktop:30px;\",\"line-height\":\"desktop:36px;\"}' ><h2 style=\"font-weight:bold;margin-bottom:5px;\">Option 1: Verification Kit<\/h2><\/div><div class=\"uvc-heading-spacer line_only\" style=\"margin-bottom:30px;height:5px;\"><span class=\"uvc-headings-line\" style=\"border-style:solid;border-bottom-width:5px;border-color:;width:200px;\"><\/span><\/div><\/div>[vc_column_text]<img loading=\"lazy\" decoding=\"async\" class=\"aligncenter size-full wp-image-205\" src=\"https:\/\/www.parsum.de\/en\/wp-content\/uploads\/sites\/2\/2018\/04\/verificationkit.jpg\" alt=\"\" width=\"284\" height=\"284\" srcset=\"https:\/\/www.parsum.de\/en\/wp-content\/uploads\/sites\/2\/2018\/04\/verificationkit.jpg 284w, https:\/\/www.parsum.de\/en\/wp-content\/uploads\/sites\/2\/2018\/04\/verificationkit-150x150.jpg 150w\" sizes=\"auto, (max-width: 284px) 100vw, 284px\" \/><\/p>\n<p>Used for the regular monitoring of the measuring accuracy of the IPP probe. To this end, the probe is clamped to the verification kit and 3 calibration pins rotate through the measuring volume. The calibration pins correspond precisely to particle sizes 150, 1000 and 2000 \u00b5m.<\/p>\n<p>All necessary documents for the installation qualification (IQ) and operational qualification (OQ) of the IPP probes are provided.[\/vc_column_text][\/vc_column_inner][vc_column_inner width=&#8221;1\/2&#8243; css=&#8221;.vc_custom_1508754700446{padding-top: 35px !important;padding-right: 15px !important;padding-bottom: 15px !important;padding-left: 15px !important;background-color: #ffffff !important;}&#8221;]<div id=\"ultimate-heading-387869e5f1a967ef2\" class=\"uvc-heading ult-adjust-bottom-margin ultimate-heading-387869e5f1a967ef2 uvc-3352 accent-border-color\" data-hspacer=\"line_only\"  data-halign=\"center\" style=\"text-align:center\"><div class=\"uvc-main-heading ult-responsive\"  data-ultimate-target='.uvc-heading.ultimate-heading-387869e5f1a967ef2 h2'  data-responsive-json-new='{\"font-size\":\"desktop:30px;\",\"line-height\":\"desktop:36px;\"}' ><h2 style=\"font-weight:bold;margin-bottom:5px;\">Option 2: polished contact surfaces<\/h2><\/div><div class=\"uvc-heading-spacer line_only\" style=\"margin-bottom:30px;height:5px;\"><span class=\"uvc-headings-line\" style=\"border-style:solid;border-bottom-width:5px;border-color:;width:200px;\"><\/span><\/div><\/div>[vc_column_text]<img loading=\"lazy\" decoding=\"async\" class=\"aligncenter size-full wp-image-206\" src=\"https:\/\/www.parsum.de\/en\/wp-content\/uploads\/sites\/2\/2018\/04\/poliert.jpg\" alt=\"\" width=\"284\" height=\"284\" srcset=\"https:\/\/www.parsum.de\/en\/wp-content\/uploads\/sites\/2\/2018\/04\/poliert.jpg 284w, https:\/\/www.parsum.de\/en\/wp-content\/uploads\/sites\/2\/2018\/04\/poliert-150x150.jpg 150w\" sizes=\"auto, (max-width: 284px) 100vw, 284px\" \/><\/p>\n<p>Contains polished stainless steel surfaces (316L) for all of the surfaces of IPP probes that will come into contact with the product as well as of all auxiliary parts, such as the disperser, including comprehensive documentation and 3.1 certificates that ensure the traceability of the materials used.[\/vc_column_text][\/vc_column_inner][\/vc_row_inner][vc_row_inner equal_height=&#8221;yes&#8221; gap=&#8221;25&#8243;][vc_column_inner css=&#8221;.vc_custom_1508754711830{padding-top: 35px !important;padding-right: 15px !important;padding-bottom: 15px !important;padding-left: 15px !important;background-color: #ffffff !important;}&#8221;]<div id=\"ultimate-heading-749469e5f1a967f4a\" class=\"uvc-heading ult-adjust-bottom-margin ultimate-heading-749469e5f1a967f4a uvc-3423 accent-border-color\" data-hspacer=\"line_only\"  data-halign=\"center\" style=\"text-align:center\"><div class=\"uvc-main-heading ult-responsive\"  data-ultimate-target='.uvc-heading.ultimate-heading-749469e5f1a967f4a h2'  data-responsive-json-new='{\"font-size\":\"desktop:30px;\",\"line-height\":\"desktop:36px;\"}' ><h2 style=\"font-weight:bold;margin-bottom:5px;\">Option 3: Parsum View<\/h2><\/div><div class=\"uvc-heading-spacer line_only\" style=\"margin-bottom:30px;height:5px;\"><span class=\"uvc-headings-line\" style=\"border-style:solid;border-bottom-width:5px;border-color:;width:200px;\"><\/span><\/div><\/div>[vc_column_text]<img loading=\"lazy\" decoding=\"async\" class=\"alignright size-full wp-image-207\" src=\"https:\/\/www.parsum.de\/en\/wp-content\/uploads\/sites\/2\/2018\/04\/parsumview.jpg\" alt=\"\" width=\"284\" height=\"284\" srcset=\"https:\/\/www.parsum.de\/en\/wp-content\/uploads\/sites\/2\/2018\/04\/parsumview.jpg 284w, https:\/\/www.parsum.de\/en\/wp-content\/uploads\/sites\/2\/2018\/04\/parsumview-150x150.jpg 150w\" sizes=\"auto, (max-width: 284px) 100vw, 284px\" \/>This is a fully independent user interface for the monitoring, control and measured-data handling of IPP probes. Thanks to the measuring software communication via TCP\/IP protocol, the interface can be used locally or within a network. Operation is quick and intuitive thanks to ergonomic menus and a large and variable data display.<\/p>\n<p>This software was specifically designed for areas with pharmaceutical requirements (e.g., with regard to 21 CFR Part 11). Standard software packages (Microsoft SQL server) and Parsum software ensure that this is an efficient and reliable solution.[\/vc_column_text][vc_separator style=&#8221;dashed&#8221; border_width=&#8221;3&#8243;][vc_column_text]<strong>The software has the following features:<\/strong>[\/vc_column_text]<div class=\"standard-arrow bullet-top\"><ul>\n<li>Detailed access monitoring<\/li>\n<li>User management<\/li>\n<li>Audit trail for monitoring and saving all accesses and changes<\/li>\n<li>Secure storage of all data and settings in an SQL database<\/li>\n<\/ul>\n<\/div>[\/vc_column_inner][\/vc_row_inner][vc_empty_space][\/vc_column][\/vc_row]<\/p>\n<\/div>","protected":false},"excerpt":{"rendered":"<p>[vc_row css=&#8221;.vc_custom_1513088472591{padding-top: 70px !important;}&#8221;][vc_column][vc_column_text]The pharma options can be downloaded here as a datasheet PDF.[\/vc_column_text][\/vc_column][\/vc_row][vc_row bg_type=&#8221;bg_color&#8221; bg_override=&#8221;full&#8221; css=&#8221;.vc_custom_1508754659784{margin-top: 30px !important;padding-top: 30px !important;padding-bottom: 50px !important;}&#8221; bg_color_value=&#8221;#f5f5f5&#8243;][vc_column][vc_row_inner equal_height=&#8221;yes&#8221; gap=&#8221;25&#8243;][vc_column_inner width=&#8221;1\/2&#8243; css=&#8221;.vc_custom_1508754687452{padding-top: 35px !important;padding-right: 15px !important;padding-bottom: 15px !important;padding-left: 15px !important;background-color: #ffffff !important;}&#8221;][vc_column_text] Used for the regular monitoring of the measuring accuracy of the IPP probe. To this end, the&hellip;<\/p>\n","protected":false},"author":1,"featured_media":0,"parent":45,"menu_order":0,"comment_status":"closed","ping_status":"closed","template":"","meta":{"footnotes":""},"class_list":["post-202","page","type-page","status-publish","hentry","description-off"],"yoast_head":"<!-- This site is optimized with the Yoast SEO plugin v25.1 - https:\/\/yoast.com\/wordpress\/plugins\/seo\/ -->\n<title>Pharma options - Parsum EN<\/title>\n<meta name=\"robots\" content=\"index, follow, max-snippet:-1, max-image-preview:large, max-video-preview:-1\" \/>\n<link rel=\"canonical\" href=\"https:\/\/www.parsum.de\/en\/particle-probes\/pharma-options\/\" \/>\n<meta property=\"og:locale\" content=\"en_GB\" \/>\n<meta property=\"og:type\" content=\"article\" \/>\n<meta property=\"og:title\" content=\"Pharma options - Parsum EN\" \/>\n<meta property=\"og:description\" content=\"[vc_row css=&#8221;.vc_custom_1513088472591{padding-top: 70px !important;}&#8221;][vc_column][vc_column_text]The pharma options can be downloaded here as a datasheet PDF.[\/vc_column_text][\/vc_column][\/vc_row][vc_row bg_type=&#8221;bg_color&#8221; bg_override=&#8221;full&#8221; css=&#8221;.vc_custom_1508754659784{margin-top: 30px !important;padding-top: 30px !important;padding-bottom: 50px !important;}&#8221; bg_color_value=&#8221;#f5f5f5&#8243;][vc_column][vc_row_inner equal_height=&#8221;yes&#8221; gap=&#8221;25&#8243;][vc_column_inner width=&#8221;1\/2&#8243; css=&#8221;.vc_custom_1508754687452{padding-top: 35px !important;padding-right: 15px !important;padding-bottom: 15px !important;padding-left: 15px !important;background-color: #ffffff !important;}&#8221;][vc_column_text] Used for the regular monitoring of the measuring accuracy of the IPP probe. To this end, the&hellip;\" \/>\n<meta property=\"og:url\" content=\"https:\/\/www.parsum.de\/en\/particle-probes\/pharma-options\/\" \/>\n<meta property=\"og:site_name\" content=\"Parsum EN\" \/>\n<meta property=\"article:modified_time\" content=\"2018-06-05T10:31:48+00:00\" \/>\n<meta property=\"og:image\" content=\"https:\/\/www.parsum.de\/en\/wp-content\/uploads\/sites\/2\/2018\/04\/verificationkit.jpg\" \/>\n<meta name=\"twitter:card\" content=\"summary_large_image\" \/>\n<meta name=\"twitter:label1\" content=\"Estimated reading time\" \/>\n\t<meta name=\"twitter:data1\" content=\"3 minutes\" \/>\n<script type=\"application\/ld+json\" class=\"yoast-schema-graph\">{\"@context\":\"https:\/\/schema.org\",\"@graph\":[{\"@type\":\"WebPage\",\"@id\":\"https:\/\/www.parsum.de\/en\/particle-probes\/pharma-options\/\",\"url\":\"https:\/\/www.parsum.de\/en\/particle-probes\/pharma-options\/\",\"name\":\"Pharma options - Parsum EN\",\"isPartOf\":{\"@id\":\"https:\/\/www.parsum.de\/en\/#website\"},\"primaryImageOfPage\":{\"@id\":\"https:\/\/www.parsum.de\/en\/particle-probes\/pharma-options\/#primaryimage\"},\"image\":{\"@id\":\"https:\/\/www.parsum.de\/en\/particle-probes\/pharma-options\/#primaryimage\"},\"thumbnailUrl\":\"https:\/\/www.parsum.de\/en\/wp-content\/uploads\/sites\/2\/2018\/04\/verificationkit.jpg\",\"datePublished\":\"2018-04-18T13:38:19+00:00\",\"dateModified\":\"2018-06-05T10:31:48+00:00\",\"breadcrumb\":{\"@id\":\"https:\/\/www.parsum.de\/en\/particle-probes\/pharma-options\/#breadcrumb\"},\"inLanguage\":\"en-GB\",\"potentialAction\":[{\"@type\":\"ReadAction\",\"target\":[\"https:\/\/www.parsum.de\/en\/particle-probes\/pharma-options\/\"]}]},{\"@type\":\"ImageObject\",\"inLanguage\":\"en-GB\",\"@id\":\"https:\/\/www.parsum.de\/en\/particle-probes\/pharma-options\/#primaryimage\",\"url\":\"https:\/\/www.parsum.de\/en\/wp-content\/uploads\/sites\/2\/2018\/04\/verificationkit.jpg\",\"contentUrl\":\"https:\/\/www.parsum.de\/en\/wp-content\/uploads\/sites\/2\/2018\/04\/verificationkit.jpg\",\"width\":284,\"height\":284},{\"@type\":\"BreadcrumbList\",\"@id\":\"https:\/\/www.parsum.de\/en\/particle-probes\/pharma-options\/#breadcrumb\",\"itemListElement\":[{\"@type\":\"ListItem\",\"position\":1,\"name\":\"Startseite\",\"item\":\"https:\/\/www.parsum.de\/en\/\"},{\"@type\":\"ListItem\",\"position\":2,\"name\":\"Particle probes\",\"item\":\"https:\/\/www.parsum.de\/en\/particle-probes\/\"},{\"@type\":\"ListItem\",\"position\":3,\"name\":\"Pharma options\"}]},{\"@type\":\"WebSite\",\"@id\":\"https:\/\/www.parsum.de\/en\/#website\",\"url\":\"https:\/\/www.parsum.de\/en\/\",\"name\":\"Parsum EN\",\"description\":\"Gesellschaft f\u00fcr Partikel-, Str\u00f6mungs- und Umweltme\u00dftechnik mbH\",\"potentialAction\":[{\"@type\":\"SearchAction\",\"target\":{\"@type\":\"EntryPoint\",\"urlTemplate\":\"https:\/\/www.parsum.de\/en\/?s={search_term_string}\"},\"query-input\":{\"@type\":\"PropertyValueSpecification\",\"valueRequired\":true,\"valueName\":\"search_term_string\"}}],\"inLanguage\":\"en-GB\"}]}<\/script>\n<!-- \/ Yoast SEO plugin. -->","yoast_head_json":{"title":"Pharma options - Parsum EN","robots":{"index":"index","follow":"follow","max-snippet":"max-snippet:-1","max-image-preview":"max-image-preview:large","max-video-preview":"max-video-preview:-1"},"canonical":"https:\/\/www.parsum.de\/en\/particle-probes\/pharma-options\/","og_locale":"en_GB","og_type":"article","og_title":"Pharma options - Parsum EN","og_description":"[vc_row css=&#8221;.vc_custom_1513088472591{padding-top: 70px !important;}&#8221;][vc_column][vc_column_text]The pharma options can be downloaded here as a datasheet PDF.[\/vc_column_text][\/vc_column][\/vc_row][vc_row bg_type=&#8221;bg_color&#8221; bg_override=&#8221;full&#8221; css=&#8221;.vc_custom_1508754659784{margin-top: 30px !important;padding-top: 30px !important;padding-bottom: 50px !important;}&#8221; bg_color_value=&#8221;#f5f5f5&#8243;][vc_column][vc_row_inner equal_height=&#8221;yes&#8221; gap=&#8221;25&#8243;][vc_column_inner width=&#8221;1\/2&#8243; css=&#8221;.vc_custom_1508754687452{padding-top: 35px !important;padding-right: 15px !important;padding-bottom: 15px !important;padding-left: 15px !important;background-color: #ffffff !important;}&#8221;][vc_column_text] Used for the regular monitoring of the measuring accuracy of the IPP probe. To this end, the&hellip;","og_url":"https:\/\/www.parsum.de\/en\/particle-probes\/pharma-options\/","og_site_name":"Parsum EN","article_modified_time":"2018-06-05T10:31:48+00:00","og_image":[{"url":"https:\/\/www.parsum.de\/en\/wp-content\/uploads\/sites\/2\/2018\/04\/verificationkit.jpg","type":"","width":"","height":""}],"twitter_card":"summary_large_image","twitter_misc":{"Estimated reading time":"3 minutes"},"schema":{"@context":"https:\/\/schema.org","@graph":[{"@type":"WebPage","@id":"https:\/\/www.parsum.de\/en\/particle-probes\/pharma-options\/","url":"https:\/\/www.parsum.de\/en\/particle-probes\/pharma-options\/","name":"Pharma options - Parsum EN","isPartOf":{"@id":"https:\/\/www.parsum.de\/en\/#website"},"primaryImageOfPage":{"@id":"https:\/\/www.parsum.de\/en\/particle-probes\/pharma-options\/#primaryimage"},"image":{"@id":"https:\/\/www.parsum.de\/en\/particle-probes\/pharma-options\/#primaryimage"},"thumbnailUrl":"https:\/\/www.parsum.de\/en\/wp-content\/uploads\/sites\/2\/2018\/04\/verificationkit.jpg","datePublished":"2018-04-18T13:38:19+00:00","dateModified":"2018-06-05T10:31:48+00:00","breadcrumb":{"@id":"https:\/\/www.parsum.de\/en\/particle-probes\/pharma-options\/#breadcrumb"},"inLanguage":"en-GB","potentialAction":[{"@type":"ReadAction","target":["https:\/\/www.parsum.de\/en\/particle-probes\/pharma-options\/"]}]},{"@type":"ImageObject","inLanguage":"en-GB","@id":"https:\/\/www.parsum.de\/en\/particle-probes\/pharma-options\/#primaryimage","url":"https:\/\/www.parsum.de\/en\/wp-content\/uploads\/sites\/2\/2018\/04\/verificationkit.jpg","contentUrl":"https:\/\/www.parsum.de\/en\/wp-content\/uploads\/sites\/2\/2018\/04\/verificationkit.jpg","width":284,"height":284},{"@type":"BreadcrumbList","@id":"https:\/\/www.parsum.de\/en\/particle-probes\/pharma-options\/#breadcrumb","itemListElement":[{"@type":"ListItem","position":1,"name":"Startseite","item":"https:\/\/www.parsum.de\/en\/"},{"@type":"ListItem","position":2,"name":"Particle probes","item":"https:\/\/www.parsum.de\/en\/particle-probes\/"},{"@type":"ListItem","position":3,"name":"Pharma options"}]},{"@type":"WebSite","@id":"https:\/\/www.parsum.de\/en\/#website","url":"https:\/\/www.parsum.de\/en\/","name":"Parsum EN","description":"Gesellschaft f\u00fcr Partikel-, Str\u00f6mungs- und Umweltme\u00dftechnik mbH","potentialAction":[{"@type":"SearchAction","target":{"@type":"EntryPoint","urlTemplate":"https:\/\/www.parsum.de\/en\/?s={search_term_string}"},"query-input":{"@type":"PropertyValueSpecification","valueRequired":true,"valueName":"search_term_string"}}],"inLanguage":"en-GB"}]}},"_links":{"self":[{"href":"https:\/\/www.parsum.de\/en\/wp-json\/wp\/v2\/pages\/202","targetHints":{"allow":["GET"]}}],"collection":[{"href":"https:\/\/www.parsum.de\/en\/wp-json\/wp\/v2\/pages"}],"about":[{"href":"https:\/\/www.parsum.de\/en\/wp-json\/wp\/v2\/types\/page"}],"author":[{"embeddable":true,"href":"https:\/\/www.parsum.de\/en\/wp-json\/wp\/v2\/users\/1"}],"replies":[{"embeddable":true,"href":"https:\/\/www.parsum.de\/en\/wp-json\/wp\/v2\/comments?post=202"}],"version-history":[{"count":5,"href":"https:\/\/www.parsum.de\/en\/wp-json\/wp\/v2\/pages\/202\/revisions"}],"predecessor-version":[{"id":349,"href":"https:\/\/www.parsum.de\/en\/wp-json\/wp\/v2\/pages\/202\/revisions\/349"}],"up":[{"embeddable":true,"href":"https:\/\/www.parsum.de\/en\/wp-json\/wp\/v2\/pages\/45"}],"wp:attachment":[{"href":"https:\/\/www.parsum.de\/en\/wp-json\/wp\/v2\/media?parent=202"}],"curies":[{"name":"wp","href":"https:\/\/api.w.org\/{rel}","templated":true}]}}