{"id":256,"date":"2018-04-18T16:39:49","date_gmt":"2018-04-18T14:39:49","guid":{"rendered":"http:\/\/www.parsum.de\/en\/?page_id=256"},"modified":"2018-04-18T16:42:21","modified_gmt":"2018-04-18T14:42:21","slug":"drying","status":"publish","type":"page","link":"https:\/\/www.parsum.de\/en\/processes\/drying\/","title":{"rendered":"Drying"},"content":{"rendered":"<div class=\"wpb-content-wrapper\"><p>[vc_row gap=&#8221;20&#8243; equal_height=&#8221;yes&#8221; bg_type=&#8221;bg_color&#8221; bg_override=&#8221;full&#8221; main_heading=&#8221;Leitbild&#8221; main_heading_color=&#8221;&#8221; heading_tag=&#8221;h2&#8243; sub_heading_color=&#8221;&#8221; alignment=&#8221;center&#8221; spacer=&#8221;line_only&#8221; spacer_position=&#8221;middle&#8221; spacer_img_width=&#8221;48&#8243; line_style=&#8221;solid&#8221; line_height=&#8221;5&#8243; line_color=&#8221;&#8221; line_icon_fixer=&#8221;10&#8243; main_heading_font_size=&#8221;desktop:30px;&#8221; main_heading_line_height=&#8221;desktop:36px;&#8221; el_class=&#8221;accent-border-color&#8221; sub_heading_font_family=&#8221;font_family:|font_call:&#8221; main_heading_style=&#8221;font-weight:bold;&#8221; sub_heading_style=&#8221;font-weight:700;&#8221; line_width=&#8221;200&#8243; spacer_margin=&#8221;margin-bottom:30px;&#8221; main_heading_margin=&#8221;margin-bottom:5px;&#8221; main_heading_typograpy=&#8221;&#8221; main_heading_font_family=&#8221;&#8221; margin_design_tab_text=&#8221;&#8221; sub_heading_typograpy=&#8221;&#8221; sub_heading_font_size=&#8221;&#8221; sub_heading_line_height=&#8221;&#8221; sub_heading_margin=&#8221;&#8221; spacer_img=&#8221;&#8221; css=&#8221;.vc_custom_1513181281063{padding-top: 90px !important;padding-bottom: 20px !important;}&#8221;][vc_column width=&#8221;1\/2&#8243; css=&#8221;.vc_custom_1513181292292{background-color: #f5f5f5 !important;}&#8221;]<div id=\"ultimate-heading-941369de0adec3e8d\" class=\"uvc-heading ult-adjust-bottom-margin ultimate-heading-941369de0adec3e8d uvc-5166 accent-border-color\" data-hspacer=\"line_only\"  data-halign=\"center\" style=\"text-align:center\"><div class=\"uvc-main-heading ult-responsive\"  data-ultimate-target='.uvc-heading.ultimate-heading-941369de0adec3e8d h2'  data-responsive-json-new='{\"font-size\":\"desktop:30px;\",\"line-height\":\"desktop:36px;\"}' ><h2 style=\"font-weight:bold;margin-bottom:5px;\">Spray drying<\/h2><\/div><div class=\"uvc-heading-spacer line_only\" style=\"margin-bottom:30px;height:5px;\"><span class=\"uvc-headings-line\" style=\"border-style:solid;border-bottom-width:5px;border-color:;width:200px;\"><\/span><\/div><\/div>[vc_column_text]During the continuous spray drying of hard ceramics, the Parsum probe makes it possible to monitor particle size continuously dependent upon the speed of a disc atomiser, for example. Problems within the process, such as blocked spray nozzles, can be detected at an early stage.[\/vc_column_text][vc_media_grid element_width=&#8221;6&#8243; gap=&#8221;15&#8243; grid_id=&#8221;vc_gid:1524062403914-aba670f0-2000-4&#8243; include=&#8221;259,260&#8243;][\/vc_column][vc_column width=&#8221;1\/2&#8243; css=&#8221;.vc_custom_1513181324758{background-color: #f5f5f5 !important;}&#8221;]<div id=\"ultimate-heading-864369de0adec3eda\" class=\"uvc-heading ult-adjust-bottom-margin ultimate-heading-864369de0adec3eda uvc-6856 accent-border-color\" data-hspacer=\"line_only\"  data-halign=\"center\" style=\"text-align:center\"><div class=\"uvc-main-heading ult-responsive\"  data-ultimate-target='.uvc-heading.ultimate-heading-864369de0adec3eda h2'  data-responsive-json-new='{\"font-size\":\"desktop:30px;\",\"line-height\":\"desktop:36px;\"}' ><h2 style=\"font-weight:bold;margin-bottom:5px;\">Fluidised bed drying<\/h2><\/div><div class=\"uvc-heading-spacer line_only\" style=\"margin-bottom:30px;height:5px;\"><span class=\"uvc-headings-line\" style=\"border-style:solid;border-bottom-width:5px;border-color:;width:200px;\"><\/span><\/div><\/div>[vc_column_text]During granulate drying in the fluidised bed, the Parsum probe can detect abrasion, for example, thereby guaranteeing gentle product drying.[\/vc_column_text][vc_media_grid element_width=&#8221;6&#8243; gap=&#8221;15&#8243; grid_id=&#8221;vc_gid:1524062403918-77c410d0-b112-8&#8243; include=&#8221;261,262&#8243;][\/vc_column][\/vc_row][vc_row][vc_column][vc_empty_space][\/vc_column][\/vc_row]<\/p>\n<\/div>","protected":false},"excerpt":{"rendered":"<p>[vc_row gap=&#8221;20&#8243; equal_height=&#8221;yes&#8221; bg_type=&#8221;bg_color&#8221; bg_override=&#8221;full&#8221; main_heading=&#8221;Leitbild&#8221; main_heading_color=&#8221;&#8221; heading_tag=&#8221;h2&#8243; sub_heading_color=&#8221;&#8221; alignment=&#8221;center&#8221; spacer=&#8221;line_only&#8221; spacer_position=&#8221;middle&#8221; spacer_img_width=&#8221;48&#8243; line_style=&#8221;solid&#8221; line_height=&#8221;5&#8243; line_color=&#8221;&#8221; line_icon_fixer=&#8221;10&#8243; main_heading_font_size=&#8221;desktop:30px;&#8221; main_heading_line_height=&#8221;desktop:36px;&#8221; el_class=&#8221;accent-border-color&#8221; sub_heading_font_family=&#8221;font_family:|font_call:&#8221; main_heading_style=&#8221;font-weight:bold;&#8221; sub_heading_style=&#8221;font-weight:700;&#8221; line_width=&#8221;200&#8243; spacer_margin=&#8221;margin-bottom:30px;&#8221; main_heading_margin=&#8221;margin-bottom:5px;&#8221; main_heading_typograpy=&#8221;&#8221; main_heading_font_family=&#8221;&#8221; margin_design_tab_text=&#8221;&#8221; sub_heading_typograpy=&#8221;&#8221; sub_heading_font_size=&#8221;&#8221; sub_heading_line_height=&#8221;&#8221; sub_heading_margin=&#8221;&#8221; spacer_img=&#8221;&#8221; css=&#8221;.vc_custom_1513181281063{padding-top: 90px !important;padding-bottom: 20px !important;}&#8221;][vc_column width=&#8221;1\/2&#8243; css=&#8221;.vc_custom_1513181292292{background-color: #f5f5f5 !important;}&#8221;][vc_column_text]During the continuous spray drying of hard ceramics, the Parsum probe makes it&hellip;<\/p>\n","protected":false},"author":1,"featured_media":0,"parent":43,"menu_order":0,"comment_status":"closed","ping_status":"closed","template":"","meta":{"footnotes":""},"class_list":["post-256","page","type-page","status-publish","hentry","description-off"],"yoast_head":"<!-- This site is optimized with the Yoast SEO plugin v25.1 - https:\/\/yoast.com\/wordpress\/plugins\/seo\/ -->\n<title>Drying - Parsum EN<\/title>\n<meta name=\"robots\" content=\"index, follow, max-snippet:-1, max-image-preview:large, max-video-preview:-1\" \/>\n<link rel=\"canonical\" href=\"https:\/\/www.parsum.de\/en\/processes\/drying\/\" \/>\n<meta property=\"og:locale\" content=\"en_GB\" \/>\n<meta property=\"og:type\" content=\"article\" \/>\n<meta property=\"og:title\" content=\"Drying - Parsum EN\" \/>\n<meta property=\"og:description\" content=\"[vc_row gap=&#8221;20&#8243; equal_height=&#8221;yes&#8221; bg_type=&#8221;bg_color&#8221; bg_override=&#8221;full&#8221; main_heading=&#8221;Leitbild&#8221; main_heading_color=&#8221;&#8221; heading_tag=&#8221;h2&#8243; sub_heading_color=&#8221;&#8221; alignment=&#8221;center&#8221; spacer=&#8221;line_only&#8221; spacer_position=&#8221;middle&#8221; spacer_img_width=&#8221;48&#8243; line_style=&#8221;solid&#8221; line_height=&#8221;5&#8243; line_color=&#8221;&#8221; line_icon_fixer=&#8221;10&#8243; main_heading_font_size=&#8221;desktop:30px;&#8221; main_heading_line_height=&#8221;desktop:36px;&#8221; el_class=&#8221;accent-border-color&#8221; sub_heading_font_family=&#8221;font_family:|font_call:&#8221; main_heading_style=&#8221;font-weight:bold;&#8221; sub_heading_style=&#8221;font-weight:700;&#8221; line_width=&#8221;200&#8243; spacer_margin=&#8221;margin-bottom:30px;&#8221; main_heading_margin=&#8221;margin-bottom:5px;&#8221; main_heading_typograpy=&#8221;&#8221; main_heading_font_family=&#8221;&#8221; margin_design_tab_text=&#8221;&#8221; sub_heading_typograpy=&#8221;&#8221; sub_heading_font_size=&#8221;&#8221; sub_heading_line_height=&#8221;&#8221; sub_heading_margin=&#8221;&#8221; spacer_img=&#8221;&#8221; css=&#8221;.vc_custom_1513181281063{padding-top: 90px !important;padding-bottom: 20px !important;}&#8221;][vc_column width=&#8221;1\/2&#8243; css=&#8221;.vc_custom_1513181292292{background-color: #f5f5f5 !important;}&#8221;][vc_column_text]During the continuous spray drying of hard ceramics, the Parsum probe makes it&hellip;\" \/>\n<meta property=\"og:url\" content=\"https:\/\/www.parsum.de\/en\/processes\/drying\/\" \/>\n<meta property=\"og:site_name\" content=\"Parsum EN\" \/>\n<meta property=\"article:modified_time\" content=\"2018-04-18T14:42:21+00:00\" \/>\n<meta name=\"twitter:card\" content=\"summary_large_image\" \/>\n<meta name=\"twitter:label1\" content=\"Estimated reading time\" \/>\n\t<meta name=\"twitter:data1\" content=\"2 minutes\" \/>\n<script type=\"application\/ld+json\" class=\"yoast-schema-graph\">{\"@context\":\"https:\/\/schema.org\",\"@graph\":[{\"@type\":\"WebPage\",\"@id\":\"https:\/\/www.parsum.de\/en\/processes\/drying\/\",\"url\":\"https:\/\/www.parsum.de\/en\/processes\/drying\/\",\"name\":\"Drying - Parsum EN\",\"isPartOf\":{\"@id\":\"https:\/\/www.parsum.de\/en\/#website\"},\"datePublished\":\"2018-04-18T14:39:49+00:00\",\"dateModified\":\"2018-04-18T14:42:21+00:00\",\"breadcrumb\":{\"@id\":\"https:\/\/www.parsum.de\/en\/processes\/drying\/#breadcrumb\"},\"inLanguage\":\"en-GB\",\"potentialAction\":[{\"@type\":\"ReadAction\",\"target\":[\"https:\/\/www.parsum.de\/en\/processes\/drying\/\"]}]},{\"@type\":\"BreadcrumbList\",\"@id\":\"https:\/\/www.parsum.de\/en\/processes\/drying\/#breadcrumb\",\"itemListElement\":[{\"@type\":\"ListItem\",\"position\":1,\"name\":\"Startseite\",\"item\":\"https:\/\/www.parsum.de\/en\/\"},{\"@type\":\"ListItem\",\"position\":2,\"name\":\"Processes\",\"item\":\"https:\/\/www.parsum.de\/en\/processes\/\"},{\"@type\":\"ListItem\",\"position\":3,\"name\":\"Drying\"}]},{\"@type\":\"WebSite\",\"@id\":\"https:\/\/www.parsum.de\/en\/#website\",\"url\":\"https:\/\/www.parsum.de\/en\/\",\"name\":\"Parsum EN\",\"description\":\"Gesellschaft f\u00fcr Partikel-, Str\u00f6mungs- und Umweltme\u00dftechnik mbH\",\"potentialAction\":[{\"@type\":\"SearchAction\",\"target\":{\"@type\":\"EntryPoint\",\"urlTemplate\":\"https:\/\/www.parsum.de\/en\/?s={search_term_string}\"},\"query-input\":{\"@type\":\"PropertyValueSpecification\",\"valueRequired\":true,\"valueName\":\"search_term_string\"}}],\"inLanguage\":\"en-GB\"}]}<\/script>\n<!-- \/ Yoast SEO plugin. -->","yoast_head_json":{"title":"Drying - Parsum EN","robots":{"index":"index","follow":"follow","max-snippet":"max-snippet:-1","max-image-preview":"max-image-preview:large","max-video-preview":"max-video-preview:-1"},"canonical":"https:\/\/www.parsum.de\/en\/processes\/drying\/","og_locale":"en_GB","og_type":"article","og_title":"Drying - Parsum EN","og_description":"[vc_row gap=&#8221;20&#8243; equal_height=&#8221;yes&#8221; bg_type=&#8221;bg_color&#8221; bg_override=&#8221;full&#8221; main_heading=&#8221;Leitbild&#8221; main_heading_color=&#8221;&#8221; heading_tag=&#8221;h2&#8243; sub_heading_color=&#8221;&#8221; alignment=&#8221;center&#8221; spacer=&#8221;line_only&#8221; spacer_position=&#8221;middle&#8221; spacer_img_width=&#8221;48&#8243; line_style=&#8221;solid&#8221; line_height=&#8221;5&#8243; line_color=&#8221;&#8221; line_icon_fixer=&#8221;10&#8243; main_heading_font_size=&#8221;desktop:30px;&#8221; main_heading_line_height=&#8221;desktop:36px;&#8221; el_class=&#8221;accent-border-color&#8221; sub_heading_font_family=&#8221;font_family:|font_call:&#8221; main_heading_style=&#8221;font-weight:bold;&#8221; sub_heading_style=&#8221;font-weight:700;&#8221; line_width=&#8221;200&#8243; spacer_margin=&#8221;margin-bottom:30px;&#8221; main_heading_margin=&#8221;margin-bottom:5px;&#8221; main_heading_typograpy=&#8221;&#8221; main_heading_font_family=&#8221;&#8221; margin_design_tab_text=&#8221;&#8221; sub_heading_typograpy=&#8221;&#8221; sub_heading_font_size=&#8221;&#8221; sub_heading_line_height=&#8221;&#8221; sub_heading_margin=&#8221;&#8221; spacer_img=&#8221;&#8221; css=&#8221;.vc_custom_1513181281063{padding-top: 90px !important;padding-bottom: 20px !important;}&#8221;][vc_column width=&#8221;1\/2&#8243; css=&#8221;.vc_custom_1513181292292{background-color: #f5f5f5 !important;}&#8221;][vc_column_text]During the continuous spray drying of hard ceramics, the Parsum probe makes it&hellip;","og_url":"https:\/\/www.parsum.de\/en\/processes\/drying\/","og_site_name":"Parsum EN","article_modified_time":"2018-04-18T14:42:21+00:00","twitter_card":"summary_large_image","twitter_misc":{"Estimated reading time":"2 minutes"},"schema":{"@context":"https:\/\/schema.org","@graph":[{"@type":"WebPage","@id":"https:\/\/www.parsum.de\/en\/processes\/drying\/","url":"https:\/\/www.parsum.de\/en\/processes\/drying\/","name":"Drying - Parsum EN","isPartOf":{"@id":"https:\/\/www.parsum.de\/en\/#website"},"datePublished":"2018-04-18T14:39:49+00:00","dateModified":"2018-04-18T14:42:21+00:00","breadcrumb":{"@id":"https:\/\/www.parsum.de\/en\/processes\/drying\/#breadcrumb"},"inLanguage":"en-GB","potentialAction":[{"@type":"ReadAction","target":["https:\/\/www.parsum.de\/en\/processes\/drying\/"]}]},{"@type":"BreadcrumbList","@id":"https:\/\/www.parsum.de\/en\/processes\/drying\/#breadcrumb","itemListElement":[{"@type":"ListItem","position":1,"name":"Startseite","item":"https:\/\/www.parsum.de\/en\/"},{"@type":"ListItem","position":2,"name":"Processes","item":"https:\/\/www.parsum.de\/en\/processes\/"},{"@type":"ListItem","position":3,"name":"Drying"}]},{"@type":"WebSite","@id":"https:\/\/www.parsum.de\/en\/#website","url":"https:\/\/www.parsum.de\/en\/","name":"Parsum EN","description":"Gesellschaft f\u00fcr Partikel-, Str\u00f6mungs- und Umweltme\u00dftechnik mbH","potentialAction":[{"@type":"SearchAction","target":{"@type":"EntryPoint","urlTemplate":"https:\/\/www.parsum.de\/en\/?s={search_term_string}"},"query-input":{"@type":"PropertyValueSpecification","valueRequired":true,"valueName":"search_term_string"}}],"inLanguage":"en-GB"}]}},"_links":{"self":[{"href":"https:\/\/www.parsum.de\/en\/wp-json\/wp\/v2\/pages\/256","targetHints":{"allow":["GET"]}}],"collection":[{"href":"https:\/\/www.parsum.de\/en\/wp-json\/wp\/v2\/pages"}],"about":[{"href":"https:\/\/www.parsum.de\/en\/wp-json\/wp\/v2\/types\/page"}],"author":[{"embeddable":true,"href":"https:\/\/www.parsum.de\/en\/wp-json\/wp\/v2\/users\/1"}],"replies":[{"embeddable":true,"href":"https:\/\/www.parsum.de\/en\/wp-json\/wp\/v2\/comments?post=256"}],"version-history":[{"count":3,"href":"https:\/\/www.parsum.de\/en\/wp-json\/wp\/v2\/pages\/256\/revisions"}],"predecessor-version":[{"id":263,"href":"https:\/\/www.parsum.de\/en\/wp-json\/wp\/v2\/pages\/256\/revisions\/263"}],"up":[{"embeddable":true,"href":"https:\/\/www.parsum.de\/en\/wp-json\/wp\/v2\/pages\/43"}],"wp:attachment":[{"href":"https:\/\/www.parsum.de\/en\/wp-json\/wp\/v2\/media?parent=256"}],"curies":[{"name":"wp","href":"https:\/\/api.w.org\/{rel}","templated":true}]}}