{"id":272,"date":"2018-04-18T16:48:37","date_gmt":"2018-04-18T14:48:37","guid":{"rendered":"http:\/\/www.parsum.de\/en\/?page_id=272"},"modified":"2018-04-18T16:55:32","modified_gmt":"2018-04-18T14:55:32","slug":"mixing-fractionation-transport","status":"publish","type":"page","link":"https:\/\/www.parsum.de\/en\/processes\/mixing-fractionation-transport\/","title":{"rendered":"Mixing \/ fractionation \/ transport"},"content":{"rendered":"<div class=\"wpb-content-wrapper\"><p>[vc_row css=&#8221;.vc_custom_1513177939472{padding-top: 70px !important;}&#8221;][vc_column][vc_column_text]Thanks to the continuous monitoring of the size distribution of the granules, the Parsum probe can detect at an early stage any separation during mixing, sieve breakages or sifting effects during the pneumatic transport of powders and granulates. Measurement using the Parsum probe makes it possible to operate processes optimally while significantly reducing or even eliminating off-spec materials.[\/vc_column_text][\/vc_column][\/vc_row][vc_row gap=&#8221;20&#8243; equal_height=&#8221;yes&#8221; bg_type=&#8221;bg_color&#8221; bg_override=&#8221;full&#8221; main_heading=&#8221;Leitbild&#8221; main_heading_color=&#8221;&#8221; heading_tag=&#8221;h2&#8243; sub_heading_color=&#8221;&#8221; alignment=&#8221;center&#8221; spacer=&#8221;line_only&#8221; spacer_position=&#8221;middle&#8221; spacer_img_width=&#8221;48&#8243; line_style=&#8221;solid&#8221; line_height=&#8221;5&#8243; line_color=&#8221;&#8221; line_icon_fixer=&#8221;10&#8243; main_heading_font_size=&#8221;desktop:30px;&#8221; main_heading_line_height=&#8221;desktop:36px;&#8221; el_class=&#8221;accent-border-color&#8221; sub_heading_font_family=&#8221;font_family:|font_call:&#8221; main_heading_style=&#8221;font-weight:bold;&#8221; sub_heading_style=&#8221;font-weight:700;&#8221; line_width=&#8221;200&#8243; spacer_margin=&#8221;margin-bottom:30px;&#8221; main_heading_margin=&#8221;margin-bottom:5px;&#8221; main_heading_typograpy=&#8221;&#8221; main_heading_font_family=&#8221;&#8221; margin_design_tab_text=&#8221;&#8221; sub_heading_typograpy=&#8221;&#8221; sub_heading_font_size=&#8221;&#8221; sub_heading_line_height=&#8221;&#8221; sub_heading_margin=&#8221;&#8221; spacer_img=&#8221;&#8221; bg_color_value=&#8221;#f5f5f5&#8243; css=&#8221;.vc_custom_1513178634700{padding-top: 20px !important;padding-bottom: 20px !important;}&#8221;][vc_column width=&#8221;1\/3&#8243; css=&#8221;.vc_custom_1513178564410{background-color: #ffffff !important;}&#8221;]<div id=\"ultimate-heading-933169de0cae6dfa6\" class=\"uvc-heading ult-adjust-bottom-margin ultimate-heading-933169de0cae6dfa6 uvc-1824 accent-border-color\" data-hspacer=\"line_only\"  data-halign=\"center\" style=\"text-align:center\"><div class=\"uvc-main-heading ult-responsive\"  data-ultimate-target='.uvc-heading.ultimate-heading-933169de0cae6dfa6 h2'  data-responsive-json-new='{\"font-size\":\"desktop:30px;\",\"line-height\":\"desktop:36px;\"}' ><h2 style=\"font-weight:bold;margin-bottom:5px;\">High-shear mixing<\/h2><\/div><div class=\"uvc-heading-spacer line_only\" style=\"margin-bottom:30px;height:5px;\"><span class=\"uvc-headings-line\" style=\"border-style:solid;border-bottom-width:5px;border-color:;width:200px;\"><\/span><\/div><\/div>[vc_column_text]The IPP 70-SL\/IPP 75-S probe can be used to monitor the homogeneity of the mixture and agglomerate formation, even in very large intensive mixers. Batch-to-batch consistency and mixing quality can both be improved thanks to the inline monitoring.[\/vc_column_text][vc_media_grid element_width=&#8221;6&#8243; gap=&#8221;15&#8243; grid_id=&#8221;vc_gid:1524062930591-09b30042-e988-1&#8243; include=&#8221;275,276,277&#8243;][\/vc_column][vc_column width=&#8221;1\/3&#8243; css=&#8221;.vc_custom_1518703915450{background-color: #ffffff !important;}&#8221;]<div id=\"ultimate-heading-53169de0cae6dff5\" class=\"uvc-heading ult-adjust-bottom-margin ultimate-heading-53169de0cae6dff5 uvc-9959 accent-border-color\" data-hspacer=\"line_only\"  data-halign=\"center\" style=\"text-align:center\"><div class=\"uvc-main-heading ult-responsive\"  data-ultimate-target='.uvc-heading.ultimate-heading-53169de0cae6dff5 h2'  data-responsive-json-new='{\"font-size\":\"desktop:30px;\",\"line-height\":\"desktop:36px;\"}' ><h2 style=\"font-weight:bold;margin-bottom:5px;\">Sieving<\/h2><\/div><div class=\"uvc-heading-spacer line_only\" style=\"margin-bottom:30px;height:5px;\"><span class=\"uvc-headings-line\" style=\"border-style:solid;border-bottom-width:5px;border-color:;width:200px;\"><\/span><\/div><\/div>[vc_column_text]The continuous and uninterrupted monitoring of critical sieving processes using particle probe IPP 70-S or IPP 80-P makes it possible to detect any sieve breakages immediately, avoiding rejects and saving energy and time. Constant quality is achieved thanks to the regulation of the feed quantity based on the particle size.[\/vc_column_text][vc_media_grid element_width=&#8221;6&#8243; gap=&#8221;15&#8243; grid_id=&#8221;vc_gid:1524062930595-85303472-4552-1&#8243; include=&#8221;281,280,279,278,282&#8243;][\/vc_column][vc_column width=&#8221;1\/3&#8243; css=&#8221;.vc_custom_1518703939801{background-color: #ffffff !important;}&#8221;]<div id=\"ultimate-heading-149869de0cae6e02a\" class=\"uvc-heading ult-adjust-bottom-margin ultimate-heading-149869de0cae6e02a uvc-6649 accent-border-color\" data-hspacer=\"line_only\"  data-halign=\"center\" style=\"text-align:center\"><div class=\"uvc-main-heading ult-responsive\"  data-ultimate-target='.uvc-heading.ultimate-heading-149869de0cae6e02a h2'  data-responsive-json-new='{\"font-size\":\"desktop:30px;\",\"line-height\":\"desktop:36px;\"}' ><h2 style=\"font-weight:bold;margin-bottom:5px;\">Pneumatic transport<\/h2><\/div><div class=\"uvc-heading-spacer line_only\" style=\"margin-bottom:30px;height:5px;\"><span class=\"uvc-headings-line\" style=\"border-style:solid;border-bottom-width:5px;border-color:;width:200px;\"><\/span><\/div><\/div>[vc_column_text]Powders and granulates are dispersed very effectively due to the high transport speeds in pneumatic transport, making particle measurement very accessible. Continuous particle measurement can be carried out in transport lines without a great deal of effort before the material is fed to the next process step. This ensures that very narrow quality limits are complied with on a consistent basis and that no off-spec products are used for further processing.[\/vc_column_text][vc_media_grid element_width=&#8221;6&#8243; gap=&#8221;15&#8243; grid_id=&#8221;vc_gid:1524062930601-6cf0fb6c-c00e-8&#8243; include=&#8221;285,284,283&#8243;][\/vc_column][\/vc_row][vc_row gap=&#8221;20&#8243; equal_height=&#8221;yes&#8221; bg_type=&#8221;bg_color&#8221; bg_override=&#8221;full&#8221; main_heading=&#8221;Leitbild&#8221; main_heading_color=&#8221;&#8221; heading_tag=&#8221;h2&#8243; sub_heading_color=&#8221;&#8221; alignment=&#8221;center&#8221; spacer=&#8221;line_only&#8221; spacer_position=&#8221;middle&#8221; spacer_img_width=&#8221;48&#8243; line_style=&#8221;solid&#8221; line_height=&#8221;5&#8243; line_color=&#8221;&#8221; line_icon_fixer=&#8221;10&#8243; main_heading_font_size=&#8221;desktop:30px;&#8221; main_heading_line_height=&#8221;desktop:36px;&#8221; el_class=&#8221;accent-border-color&#8221; sub_heading_font_family=&#8221;font_family:|font_call:&#8221; main_heading_style=&#8221;font-weight:bold;&#8221; sub_heading_style=&#8221;font-weight:700;&#8221; line_width=&#8221;200&#8243; spacer_margin=&#8221;margin-bottom:30px;&#8221; main_heading_margin=&#8221;margin-bottom:5px;&#8221; main_heading_typograpy=&#8221;&#8221; main_heading_font_family=&#8221;&#8221; margin_design_tab_text=&#8221;&#8221; sub_heading_typograpy=&#8221;&#8221; sub_heading_font_size=&#8221;&#8221; sub_heading_line_height=&#8221;&#8221; sub_heading_margin=&#8221;&#8221; spacer_img=&#8221;&#8221; bg_color_value=&#8221;#f5f5f5&#8243; css=&#8221;.vc_custom_1513178634700{padding-top: 20px !important;padding-bottom: 20px !important;}&#8221;][vc_column width=&#8221;1\/3&#8243; css=&#8221;.vc_custom_1513178564410{background-color: #ffffff !important;}&#8221;]<div id=\"ultimate-heading-480069de0cae6e05b\" class=\"uvc-heading ult-adjust-bottom-margin ultimate-heading-480069de0cae6e05b uvc-3675 accent-border-color\" data-hspacer=\"line_only\"  data-halign=\"center\" style=\"text-align:center\"><div class=\"uvc-main-heading ult-responsive\"  data-ultimate-target='.uvc-heading.ultimate-heading-480069de0cae6e05b h2'  data-responsive-json-new='{\"font-size\":\"desktop:30px;\",\"line-height\":\"desktop:36px;\"}' ><h2 style=\"font-weight:bold;margin-bottom:5px;\">Conveyor-belt transfer<\/h2><\/div><div class=\"uvc-heading-spacer line_only\" style=\"margin-bottom:30px;height:5px;\"><span class=\"uvc-headings-line\" style=\"border-style:solid;border-bottom-width:5px;border-color:;width:200px;\"><\/span><\/div><\/div>[vc_column_text]The transfer point or discharge of a conveyor belt is often the ideal location for inline particle measurement in a process or transport chain. The use of Parsum inline dispersers make it possible to take measurements in dense media near to the belt. This helps to avoid separation effects and provides reliable monitoring of the quality of the material being transported.[\/vc_column_text][vc_media_grid element_width=&#8221;6&#8243; gap=&#8221;15&#8243; grid_id=&#8221;vc_gid:1524062930604-9da50dff-772f-0&#8243; include=&#8221;286,287&#8243;][\/vc_column][vc_column width=&#8221;1\/3&#8243;][\/vc_column][vc_column width=&#8221;1\/3&#8243;][\/vc_column][\/vc_row][vc_row bg_type=&#8221;bg_color&#8221; bg_override=&#8221;full&#8221; bg_color_value=&#8221;#f5f5f5&#8243;][vc_column][vc_empty_space][\/vc_column][\/vc_row]<\/p>\n<\/div>","protected":false},"excerpt":{"rendered":"<p>[vc_row css=&#8221;.vc_custom_1513177939472{padding-top: 70px !important;}&#8221;][vc_column][vc_column_text]Thanks to the continuous monitoring of the size distribution of the granules, the Parsum probe can detect at an early stage any separation during mixing, sieve breakages or sifting effects during the pneumatic transport of powders and granulates. Measurement using the Parsum probe makes it possible to operate processes optimally while significantly&hellip;<\/p>\n","protected":false},"author":1,"featured_media":0,"parent":43,"menu_order":0,"comment_status":"closed","ping_status":"closed","template":"","meta":{"footnotes":""},"class_list":["post-272","page","type-page","status-publish","hentry","description-off"],"yoast_head":"<!-- This site is optimized with the Yoast SEO plugin v25.1 - https:\/\/yoast.com\/wordpress\/plugins\/seo\/ -->\n<title>Mixing \/ fractionation \/ transport - Parsum EN<\/title>\n<meta name=\"robots\" content=\"index, follow, max-snippet:-1, max-image-preview:large, max-video-preview:-1\" \/>\n<link rel=\"canonical\" href=\"https:\/\/www.parsum.de\/en\/processes\/mixing-fractionation-transport\/\" \/>\n<meta property=\"og:locale\" content=\"en_GB\" \/>\n<meta property=\"og:type\" content=\"article\" \/>\n<meta property=\"og:title\" content=\"Mixing \/ fractionation \/ transport - Parsum EN\" \/>\n<meta property=\"og:description\" content=\"[vc_row css=&#8221;.vc_custom_1513177939472{padding-top: 70px !important;}&#8221;][vc_column][vc_column_text]Thanks to the continuous monitoring of the size distribution of the granules, the Parsum probe can detect at an early stage any separation during mixing, sieve breakages or sifting effects during the pneumatic transport of powders and granulates. Measurement using the Parsum probe makes it possible to operate processes optimally while significantly&hellip;\" \/>\n<meta property=\"og:url\" content=\"https:\/\/www.parsum.de\/en\/processes\/mixing-fractionation-transport\/\" \/>\n<meta property=\"og:site_name\" content=\"Parsum EN\" \/>\n<meta property=\"article:modified_time\" content=\"2018-04-18T14:55:32+00:00\" \/>\n<meta name=\"twitter:card\" content=\"summary_large_image\" \/>\n<meta name=\"twitter:label1\" content=\"Estimated reading time\" \/>\n\t<meta name=\"twitter:data1\" content=\"5 minutes\" \/>\n<script type=\"application\/ld+json\" class=\"yoast-schema-graph\">{\"@context\":\"https:\/\/schema.org\",\"@graph\":[{\"@type\":\"WebPage\",\"@id\":\"https:\/\/www.parsum.de\/en\/processes\/mixing-fractionation-transport\/\",\"url\":\"https:\/\/www.parsum.de\/en\/processes\/mixing-fractionation-transport\/\",\"name\":\"Mixing \/ fractionation \/ transport - Parsum EN\",\"isPartOf\":{\"@id\":\"https:\/\/www.parsum.de\/en\/#website\"},\"datePublished\":\"2018-04-18T14:48:37+00:00\",\"dateModified\":\"2018-04-18T14:55:32+00:00\",\"breadcrumb\":{\"@id\":\"https:\/\/www.parsum.de\/en\/processes\/mixing-fractionation-transport\/#breadcrumb\"},\"inLanguage\":\"en-GB\",\"potentialAction\":[{\"@type\":\"ReadAction\",\"target\":[\"https:\/\/www.parsum.de\/en\/processes\/mixing-fractionation-transport\/\"]}]},{\"@type\":\"BreadcrumbList\",\"@id\":\"https:\/\/www.parsum.de\/en\/processes\/mixing-fractionation-transport\/#breadcrumb\",\"itemListElement\":[{\"@type\":\"ListItem\",\"position\":1,\"name\":\"Startseite\",\"item\":\"https:\/\/www.parsum.de\/en\/\"},{\"@type\":\"ListItem\",\"position\":2,\"name\":\"Processes\",\"item\":\"https:\/\/www.parsum.de\/en\/processes\/\"},{\"@type\":\"ListItem\",\"position\":3,\"name\":\"Mixing \/ fractionation \/ transport\"}]},{\"@type\":\"WebSite\",\"@id\":\"https:\/\/www.parsum.de\/en\/#website\",\"url\":\"https:\/\/www.parsum.de\/en\/\",\"name\":\"Parsum EN\",\"description\":\"Gesellschaft f\u00fcr Partikel-, Str\u00f6mungs- und Umweltme\u00dftechnik mbH\",\"potentialAction\":[{\"@type\":\"SearchAction\",\"target\":{\"@type\":\"EntryPoint\",\"urlTemplate\":\"https:\/\/www.parsum.de\/en\/?s={search_term_string}\"},\"query-input\":{\"@type\":\"PropertyValueSpecification\",\"valueRequired\":true,\"valueName\":\"search_term_string\"}}],\"inLanguage\":\"en-GB\"}]}<\/script>\n<!-- \/ Yoast SEO plugin. -->","yoast_head_json":{"title":"Mixing \/ fractionation \/ transport - Parsum EN","robots":{"index":"index","follow":"follow","max-snippet":"max-snippet:-1","max-image-preview":"max-image-preview:large","max-video-preview":"max-video-preview:-1"},"canonical":"https:\/\/www.parsum.de\/en\/processes\/mixing-fractionation-transport\/","og_locale":"en_GB","og_type":"article","og_title":"Mixing \/ fractionation \/ transport - Parsum EN","og_description":"[vc_row css=&#8221;.vc_custom_1513177939472{padding-top: 70px !important;}&#8221;][vc_column][vc_column_text]Thanks to the continuous monitoring of the size distribution of the granules, the Parsum probe can detect at an early stage any separation during mixing, sieve breakages or sifting effects during the pneumatic transport of powders and granulates. Measurement using the Parsum probe makes it possible to operate processes optimally while significantly&hellip;","og_url":"https:\/\/www.parsum.de\/en\/processes\/mixing-fractionation-transport\/","og_site_name":"Parsum EN","article_modified_time":"2018-04-18T14:55:32+00:00","twitter_card":"summary_large_image","twitter_misc":{"Estimated reading time":"5 minutes"},"schema":{"@context":"https:\/\/schema.org","@graph":[{"@type":"WebPage","@id":"https:\/\/www.parsum.de\/en\/processes\/mixing-fractionation-transport\/","url":"https:\/\/www.parsum.de\/en\/processes\/mixing-fractionation-transport\/","name":"Mixing \/ fractionation \/ transport - Parsum EN","isPartOf":{"@id":"https:\/\/www.parsum.de\/en\/#website"},"datePublished":"2018-04-18T14:48:37+00:00","dateModified":"2018-04-18T14:55:32+00:00","breadcrumb":{"@id":"https:\/\/www.parsum.de\/en\/processes\/mixing-fractionation-transport\/#breadcrumb"},"inLanguage":"en-GB","potentialAction":[{"@type":"ReadAction","target":["https:\/\/www.parsum.de\/en\/processes\/mixing-fractionation-transport\/"]}]},{"@type":"BreadcrumbList","@id":"https:\/\/www.parsum.de\/en\/processes\/mixing-fractionation-transport\/#breadcrumb","itemListElement":[{"@type":"ListItem","position":1,"name":"Startseite","item":"https:\/\/www.parsum.de\/en\/"},{"@type":"ListItem","position":2,"name":"Processes","item":"https:\/\/www.parsum.de\/en\/processes\/"},{"@type":"ListItem","position":3,"name":"Mixing \/ fractionation \/ transport"}]},{"@type":"WebSite","@id":"https:\/\/www.parsum.de\/en\/#website","url":"https:\/\/www.parsum.de\/en\/","name":"Parsum EN","description":"Gesellschaft f\u00fcr Partikel-, Str\u00f6mungs- und Umweltme\u00dftechnik mbH","potentialAction":[{"@type":"SearchAction","target":{"@type":"EntryPoint","urlTemplate":"https:\/\/www.parsum.de\/en\/?s={search_term_string}"},"query-input":{"@type":"PropertyValueSpecification","valueRequired":true,"valueName":"search_term_string"}}],"inLanguage":"en-GB"}]}},"_links":{"self":[{"href":"https:\/\/www.parsum.de\/en\/wp-json\/wp\/v2\/pages\/272","targetHints":{"allow":["GET"]}}],"collection":[{"href":"https:\/\/www.parsum.de\/en\/wp-json\/wp\/v2\/pages"}],"about":[{"href":"https:\/\/www.parsum.de\/en\/wp-json\/wp\/v2\/types\/page"}],"author":[{"embeddable":true,"href":"https:\/\/www.parsum.de\/en\/wp-json\/wp\/v2\/users\/1"}],"replies":[{"embeddable":true,"href":"https:\/\/www.parsum.de\/en\/wp-json\/wp\/v2\/comments?post=272"}],"version-history":[{"count":3,"href":"https:\/\/www.parsum.de\/en\/wp-json\/wp\/v2\/pages\/272\/revisions"}],"predecessor-version":[{"id":288,"href":"https:\/\/www.parsum.de\/en\/wp-json\/wp\/v2\/pages\/272\/revisions\/288"}],"up":[{"embeddable":true,"href":"https:\/\/www.parsum.de\/en\/wp-json\/wp\/v2\/pages\/43"}],"wp:attachment":[{"href":"https:\/\/www.parsum.de\/en\/wp-json\/wp\/v2\/media?parent=272"}],"curies":[{"name":"wp","href":"https:\/\/api.w.org\/{rel}","templated":true}]}}