{"id":41,"date":"2018-04-18T11:18:49","date_gmt":"2018-04-18T09:18:49","guid":{"rendered":"http:\/\/www.parsum.de\/en\/?page_id=41"},"modified":"2018-04-18T14:04:57","modified_gmt":"2018-04-18T12:04:57","slug":"sectors","status":"publish","type":"page","link":"https:\/\/www.parsum.de\/en\/sectors\/","title":{"rendered":"Sectors"},"content":{"rendered":"<div class=\"wpb-content-wrapper\"><p>[vc_row main_heading=&#8221;Leitbild&#8221; main_heading_color=&#8221;&#8221; heading_tag=&#8221;h2&#8243; sub_heading_color=&#8221;&#8221; alignment=&#8221;center&#8221; spacer=&#8221;line_only&#8221; spacer_position=&#8221;middle&#8221; spacer_img_width=&#8221;48&#8243; line_style=&#8221;solid&#8221; line_height=&#8221;5&#8243; line_color=&#8221;&#8221; line_icon_fixer=&#8221;10&#8243; main_heading_font_size=&#8221;desktop:30px;&#8221; main_heading_line_height=&#8221;desktop:36px;&#8221; el_class=&#8221;accent-border-color&#8221; sub_heading_font_family=&#8221;font_family:|font_call:&#8221; main_heading_style=&#8221;font-weight:bold;&#8221; sub_heading_style=&#8221;font-weight:700;&#8221; line_width=&#8221;200&#8243; spacer_margin=&#8221;margin-bottom:30px;&#8221; main_heading_margin=&#8221;margin-bottom:5px;&#8221; main_heading_typograpy=&#8221;&#8221; main_heading_font_family=&#8221;&#8221; margin_design_tab_text=&#8221;&#8221; sub_heading_typograpy=&#8221;&#8221; sub_heading_font_size=&#8221;&#8221; sub_heading_line_height=&#8221;&#8221; sub_heading_margin=&#8221;&#8221; spacer_img=&#8221;&#8221; css=&#8221;.vc_custom_1513065598782{padding-top: 70px !important;}&#8221;][vc_column]<div id=\"ultimate-heading-230569d5231cccc34\" class=\"uvc-heading ult-adjust-bottom-margin ultimate-heading-230569d5231cccc34 uvc-9396 accent-border-color\" data-hspacer=\"line_only\"  data-halign=\"center\" style=\"text-align:center\"><div class=\"uvc-main-heading ult-responsive\"  data-ultimate-target='.uvc-heading.ultimate-heading-230569d5231cccc34 h2'  data-responsive-json-new='{\"font-size\":\"desktop:30px;\",\"line-height\":\"desktop:36px;\"}' ><h2 style=\"font-weight:bold;margin-bottom:5px;\">An overview of sectors<\/h2><\/div><div class=\"uvc-heading-spacer line_only\" style=\"margin-bottom:30px;height:5px;\"><span class=\"uvc-headings-line\" style=\"border-style:solid;border-bottom-width:5px;border-color:;width:200px;\"><\/span><\/div><\/div>[\/vc_column][\/vc_row][vc_row][vc_column][vc_column_text]Granulates, powders and granular materials form the basis of countless different products. They are all characterised by their particle size distribution,<br \/>\n<strong>from coffee to coal!<\/strong> \u2013 Parsum measures the particle size directly within an ongoing process. Parsum inline particle probes provide you with valuable measurements continuously and in real time. The quality of the products can be continuously monitored, and defective batches can be avoided. More rigorous product specifications are also possible, as the operator is aware of the product quality at all times.[\/vc_column_text][\/vc_column][\/vc_row][vc_row][vc_column width=&#8221;1\/4&#8243;]\n<div id=\"interactive-banner-1-wrap-2608\" class=\"ult-banner-block ult-adjust-bottom-margin ult-bb-box  banner-style11 \"   style=\"\">\n\t<img decoding=\"async\" src=\"https:\/\/www.parsum.de\/en\/wp-content\/uploads\/sites\/2\/2018\/04\/branche-pharma.jpg\" alt=\"null\">\n\t<h3  data-ultimate-target='#interactive-banner-1-wrap-2608 .bb-top-title '  data-responsive-json-new='{\"font-size\":\"\",\"line-height\":\"\"}'  class=\"title-center bb-top-title ult-responsive\" style=\"font-weight:normal;background:#009a9b;color:#ffffff;\">Pharmaceutical industry<\/h3>\n\t<div class=\"mask opaque-background\" style=\"background:rgba(0,0,0,0.4);\">\n\t\t<div  data-ultimate-target='#interactive-banner-1-wrap-2608 .bb-description'  data-responsive-json-new='{\"font-size\":\"\",\"line-height\":\"\"}'  class=\"bb-description ult-responsive\" style=\"font-weight:normal;color:#ffffff;\">IPP 80 in a batch fluidised-bed granulator<\/div>\n\t<\/div><a class=\"bb-link\" href=\"\/en\/sectors\/pharmaceutical-industry\/\" ><\/a>\n<\/div>[\/vc_column][vc_column width=&#8221;1\/4&#8243;]\n<div id=\"interactive-banner-1-wrap-5524\" class=\"ult-banner-block ult-adjust-bottom-margin ult-bb-box  banner-style11 \"   style=\"\">\n\t<img decoding=\"async\" src=\"https:\/\/www.parsum.de\/en\/wp-content\/uploads\/sites\/2\/2018\/04\/branche-lebensmittel.jpg\" alt=\"null\">\n\t<h3  data-ultimate-target='#interactive-banner-1-wrap-5524 .bb-top-title '  data-responsive-json-new='{\"font-size\":\"\",\"line-height\":\"\"}'  class=\"title-center bb-top-title ult-responsive\" style=\"font-weight:normal;background:#009a9b;color:#ffffff;\">Food industry<\/h3>\n\t<div class=\"mask opaque-background\" style=\"background:rgba(0,0,0,0.4);\">\n\t\t<div  data-ultimate-target='#interactive-banner-1-wrap-5524 .bb-description'  data-responsive-json-new='{\"font-size\":\"\",\"line-height\":\"\"}'  class=\"bb-description ult-responsive\" style=\"font-weight:normal;color:#ffffff;\">Measurement of milk powder during spray drying with an IPP 70<\/div>\n\t<\/div><a class=\"bb-link\" href=\"\/en\/sectors\/food-industry\/\" ><\/a>\n<\/div>[\/vc_column][vc_column width=&#8221;1\/4&#8243;]\n<div id=\"interactive-banner-1-wrap-6857\" class=\"ult-banner-block ult-adjust-bottom-margin ult-bb-box  banner-style11 \"   style=\"\">\n\t<img decoding=\"async\" src=\"https:\/\/www.parsum.de\/en\/wp-content\/uploads\/sites\/2\/2018\/04\/branche-chemie.jpg\" alt=\"null\">\n\t<h3  data-ultimate-target='#interactive-banner-1-wrap-6857 .bb-top-title '  data-responsive-json-new='{\"font-size\":\"\",\"line-height\":\"\"}'  class=\"title-center bb-top-title ult-responsive\" style=\"font-weight:normal;background:#009a9b;color:#ffffff;\">Chemical industry<\/h3>\n\t<div class=\"mask opaque-background\" style=\"background:rgba(0,0,0,0.4);\">\n\t\t<div  data-ultimate-target='#interactive-banner-1-wrap-6857 .bb-description'  data-responsive-json-new='{\"font-size\":\"\",\"line-height\":\"\"}'  class=\"bb-description ult-responsive\" style=\"font-weight:normal;color:#ffffff;\">Particle measurement during detergent granulation with an IPP 70<\/div>\n\t<\/div><a class=\"bb-link\" href=\"\/en\/sectors\/chemical-industry\/\" ><\/a>\n<\/div>[\/vc_column][vc_column width=&#8221;1\/4&#8243;]\n<div id=\"interactive-banner-1-wrap-2841\" class=\"ult-banner-block ult-adjust-bottom-margin ult-bb-box  banner-style11 \"   style=\"\">\n\t<img decoding=\"async\" src=\"https:\/\/www.parsum.de\/en\/wp-content\/uploads\/sites\/2\/2018\/04\/branche-grundstoffe.jpg\" alt=\"null\">\n\t<h3  data-ultimate-target='#interactive-banner-1-wrap-2841 .bb-top-title '  data-responsive-json-new='{\"font-size\":\"\",\"line-height\":\"\"}'  class=\"title-center bb-top-title ult-responsive\" style=\"font-weight:normal;background:#009a9b;color:#ffffff;\">Raw materials \/ minerals \/ ceramics<\/h3>\n\t<div class=\"mask opaque-background\" style=\"background:rgba(0,0,0,0.4);\">\n\t\t<div  data-ultimate-target='#interactive-banner-1-wrap-2841 .bb-description'  data-responsive-json-new='{\"font-size\":\"\",\"line-height\":\"\"}'  class=\"bb-description ult-responsive\" style=\"font-weight:normal;color:#ffffff;\">Measurement of the particle size distribution (PSD) of ceramic powder at the outlet of a sieving machine<\/div>\n\t<\/div><a class=\"bb-link\" href=\"\/en\/sectors\/raw-materials-minerals-ceramics\/\" ><\/a>\n<\/div>[\/vc_column][\/vc_row][vc_row][vc_column][vc_empty_space][\/vc_column][\/vc_row]<\/p>\n<\/div>","protected":false},"excerpt":{"rendered":"<p>[vc_row main_heading=&#8221;Leitbild&#8221; main_heading_color=&#8221;&#8221; heading_tag=&#8221;h2&#8243; sub_heading_color=&#8221;&#8221; alignment=&#8221;center&#8221; spacer=&#8221;line_only&#8221; spacer_position=&#8221;middle&#8221; spacer_img_width=&#8221;48&#8243; line_style=&#8221;solid&#8221; line_height=&#8221;5&#8243; line_color=&#8221;&#8221; line_icon_fixer=&#8221;10&#8243; main_heading_font_size=&#8221;desktop:30px;&#8221; main_heading_line_height=&#8221;desktop:36px;&#8221; el_class=&#8221;accent-border-color&#8221; sub_heading_font_family=&#8221;font_family:|font_call:&#8221; main_heading_style=&#8221;font-weight:bold;&#8221; sub_heading_style=&#8221;font-weight:700;&#8221; line_width=&#8221;200&#8243; spacer_margin=&#8221;margin-bottom:30px;&#8221; main_heading_margin=&#8221;margin-bottom:5px;&#8221; main_heading_typograpy=&#8221;&#8221; main_heading_font_family=&#8221;&#8221; margin_design_tab_text=&#8221;&#8221; sub_heading_typograpy=&#8221;&#8221; sub_heading_font_size=&#8221;&#8221; sub_heading_line_height=&#8221;&#8221; sub_heading_margin=&#8221;&#8221; spacer_img=&#8221;&#8221; css=&#8221;.vc_custom_1513065598782{padding-top: 70px !important;}&#8221;][vc_column][\/vc_column][\/vc_row][vc_row][vc_column][vc_column_text]Granulates, powders and granular materials form the basis of countless different products. They are all characterised by their particle size distribution, from coffee&hellip;<\/p>\n","protected":false},"author":1,"featured_media":0,"parent":0,"menu_order":0,"comment_status":"closed","ping_status":"closed","template":"","meta":{"footnotes":""},"class_list":["post-41","page","type-page","status-publish","hentry","description-off"],"yoast_head":"<!-- This site is optimized with the Yoast SEO plugin v25.1 - https:\/\/yoast.com\/wordpress\/plugins\/seo\/ -->\n<title>Sectors - Parsum EN<\/title>\n<meta name=\"robots\" content=\"index, follow, max-snippet:-1, max-image-preview:large, max-video-preview:-1\" \/>\n<link rel=\"canonical\" href=\"https:\/\/www.parsum.de\/en\/sectors\/\" \/>\n<meta property=\"og:locale\" content=\"en_GB\" \/>\n<meta property=\"og:type\" content=\"article\" \/>\n<meta property=\"og:title\" content=\"Sectors - Parsum EN\" \/>\n<meta property=\"og:description\" content=\"[vc_row main_heading=&#8221;Leitbild&#8221; main_heading_color=&#8221;&#8221; heading_tag=&#8221;h2&#8243; sub_heading_color=&#8221;&#8221; alignment=&#8221;center&#8221; spacer=&#8221;line_only&#8221; spacer_position=&#8221;middle&#8221; spacer_img_width=&#8221;48&#8243; line_style=&#8221;solid&#8221; line_height=&#8221;5&#8243; line_color=&#8221;&#8221; line_icon_fixer=&#8221;10&#8243; main_heading_font_size=&#8221;desktop:30px;&#8221; main_heading_line_height=&#8221;desktop:36px;&#8221; el_class=&#8221;accent-border-color&#8221; sub_heading_font_family=&#8221;font_family:|font_call:&#8221; main_heading_style=&#8221;font-weight:bold;&#8221; sub_heading_style=&#8221;font-weight:700;&#8221; line_width=&#8221;200&#8243; spacer_margin=&#8221;margin-bottom:30px;&#8221; main_heading_margin=&#8221;margin-bottom:5px;&#8221; main_heading_typograpy=&#8221;&#8221; main_heading_font_family=&#8221;&#8221; margin_design_tab_text=&#8221;&#8221; sub_heading_typograpy=&#8221;&#8221; sub_heading_font_size=&#8221;&#8221; sub_heading_line_height=&#8221;&#8221; sub_heading_margin=&#8221;&#8221; spacer_img=&#8221;&#8221; css=&#8221;.vc_custom_1513065598782{padding-top: 70px !important;}&#8221;][vc_column][\/vc_column][\/vc_row][vc_row][vc_column][vc_column_text]Granulates, powders and granular materials form the basis of countless different products. They are all characterised by their particle size distribution, from coffee&hellip;\" \/>\n<meta property=\"og:url\" content=\"https:\/\/www.parsum.de\/en\/sectors\/\" \/>\n<meta property=\"og:site_name\" content=\"Parsum EN\" \/>\n<meta property=\"article:modified_time\" content=\"2018-04-18T12:04:57+00:00\" \/>\n<meta name=\"twitter:card\" content=\"summary_large_image\" \/>\n<meta name=\"twitter:label1\" content=\"Estimated reading time\" \/>\n\t<meta name=\"twitter:data1\" content=\"3 minutes\" \/>\n<script type=\"application\/ld+json\" class=\"yoast-schema-graph\">{\"@context\":\"https:\/\/schema.org\",\"@graph\":[{\"@type\":\"WebPage\",\"@id\":\"https:\/\/www.parsum.de\/en\/sectors\/\",\"url\":\"https:\/\/www.parsum.de\/en\/sectors\/\",\"name\":\"Sectors - Parsum EN\",\"isPartOf\":{\"@id\":\"https:\/\/www.parsum.de\/en\/#website\"},\"datePublished\":\"2018-04-18T09:18:49+00:00\",\"dateModified\":\"2018-04-18T12:04:57+00:00\",\"breadcrumb\":{\"@id\":\"https:\/\/www.parsum.de\/en\/sectors\/#breadcrumb\"},\"inLanguage\":\"en-GB\",\"potentialAction\":[{\"@type\":\"ReadAction\",\"target\":[\"https:\/\/www.parsum.de\/en\/sectors\/\"]}]},{\"@type\":\"BreadcrumbList\",\"@id\":\"https:\/\/www.parsum.de\/en\/sectors\/#breadcrumb\",\"itemListElement\":[{\"@type\":\"ListItem\",\"position\":1,\"name\":\"Startseite\",\"item\":\"https:\/\/www.parsum.de\/en\/\"},{\"@type\":\"ListItem\",\"position\":2,\"name\":\"Sectors\"}]},{\"@type\":\"WebSite\",\"@id\":\"https:\/\/www.parsum.de\/en\/#website\",\"url\":\"https:\/\/www.parsum.de\/en\/\",\"name\":\"Parsum EN\",\"description\":\"Gesellschaft f\u00fcr Partikel-, Str\u00f6mungs- und Umweltme\u00dftechnik mbH\",\"potentialAction\":[{\"@type\":\"SearchAction\",\"target\":{\"@type\":\"EntryPoint\",\"urlTemplate\":\"https:\/\/www.parsum.de\/en\/?s={search_term_string}\"},\"query-input\":{\"@type\":\"PropertyValueSpecification\",\"valueRequired\":true,\"valueName\":\"search_term_string\"}}],\"inLanguage\":\"en-GB\"}]}<\/script>\n<!-- \/ Yoast SEO plugin. -->","yoast_head_json":{"title":"Sectors - Parsum EN","robots":{"index":"index","follow":"follow","max-snippet":"max-snippet:-1","max-image-preview":"max-image-preview:large","max-video-preview":"max-video-preview:-1"},"canonical":"https:\/\/www.parsum.de\/en\/sectors\/","og_locale":"en_GB","og_type":"article","og_title":"Sectors - Parsum EN","og_description":"[vc_row main_heading=&#8221;Leitbild&#8221; main_heading_color=&#8221;&#8221; heading_tag=&#8221;h2&#8243; sub_heading_color=&#8221;&#8221; alignment=&#8221;center&#8221; spacer=&#8221;line_only&#8221; spacer_position=&#8221;middle&#8221; spacer_img_width=&#8221;48&#8243; line_style=&#8221;solid&#8221; line_height=&#8221;5&#8243; line_color=&#8221;&#8221; line_icon_fixer=&#8221;10&#8243; main_heading_font_size=&#8221;desktop:30px;&#8221; main_heading_line_height=&#8221;desktop:36px;&#8221; el_class=&#8221;accent-border-color&#8221; sub_heading_font_family=&#8221;font_family:|font_call:&#8221; main_heading_style=&#8221;font-weight:bold;&#8221; sub_heading_style=&#8221;font-weight:700;&#8221; line_width=&#8221;200&#8243; spacer_margin=&#8221;margin-bottom:30px;&#8221; main_heading_margin=&#8221;margin-bottom:5px;&#8221; main_heading_typograpy=&#8221;&#8221; main_heading_font_family=&#8221;&#8221; margin_design_tab_text=&#8221;&#8221; sub_heading_typograpy=&#8221;&#8221; sub_heading_font_size=&#8221;&#8221; sub_heading_line_height=&#8221;&#8221; sub_heading_margin=&#8221;&#8221; spacer_img=&#8221;&#8221; css=&#8221;.vc_custom_1513065598782{padding-top: 70px !important;}&#8221;][vc_column][\/vc_column][\/vc_row][vc_row][vc_column][vc_column_text]Granulates, powders and granular materials form the basis of countless different products. They are all characterised by their particle size distribution, from coffee&hellip;","og_url":"https:\/\/www.parsum.de\/en\/sectors\/","og_site_name":"Parsum EN","article_modified_time":"2018-04-18T12:04:57+00:00","twitter_card":"summary_large_image","twitter_misc":{"Estimated reading time":"3 minutes"},"schema":{"@context":"https:\/\/schema.org","@graph":[{"@type":"WebPage","@id":"https:\/\/www.parsum.de\/en\/sectors\/","url":"https:\/\/www.parsum.de\/en\/sectors\/","name":"Sectors - Parsum EN","isPartOf":{"@id":"https:\/\/www.parsum.de\/en\/#website"},"datePublished":"2018-04-18T09:18:49+00:00","dateModified":"2018-04-18T12:04:57+00:00","breadcrumb":{"@id":"https:\/\/www.parsum.de\/en\/sectors\/#breadcrumb"},"inLanguage":"en-GB","potentialAction":[{"@type":"ReadAction","target":["https:\/\/www.parsum.de\/en\/sectors\/"]}]},{"@type":"BreadcrumbList","@id":"https:\/\/www.parsum.de\/en\/sectors\/#breadcrumb","itemListElement":[{"@type":"ListItem","position":1,"name":"Startseite","item":"https:\/\/www.parsum.de\/en\/"},{"@type":"ListItem","position":2,"name":"Sectors"}]},{"@type":"WebSite","@id":"https:\/\/www.parsum.de\/en\/#website","url":"https:\/\/www.parsum.de\/en\/","name":"Parsum EN","description":"Gesellschaft f\u00fcr Partikel-, Str\u00f6mungs- und Umweltme\u00dftechnik mbH","potentialAction":[{"@type":"SearchAction","target":{"@type":"EntryPoint","urlTemplate":"https:\/\/www.parsum.de\/en\/?s={search_term_string}"},"query-input":{"@type":"PropertyValueSpecification","valueRequired":true,"valueName":"search_term_string"}}],"inLanguage":"en-GB"}]}},"_links":{"self":[{"href":"https:\/\/www.parsum.de\/en\/wp-json\/wp\/v2\/pages\/41","targetHints":{"allow":["GET"]}}],"collection":[{"href":"https:\/\/www.parsum.de\/en\/wp-json\/wp\/v2\/pages"}],"about":[{"href":"https:\/\/www.parsum.de\/en\/wp-json\/wp\/v2\/types\/page"}],"author":[{"embeddable":true,"href":"https:\/\/www.parsum.de\/en\/wp-json\/wp\/v2\/users\/1"}],"replies":[{"embeddable":true,"href":"https:\/\/www.parsum.de\/en\/wp-json\/wp\/v2\/comments?post=41"}],"version-history":[{"count":4,"href":"https:\/\/www.parsum.de\/en\/wp-json\/wp\/v2\/pages\/41\/revisions"}],"predecessor-version":[{"id":141,"href":"https:\/\/www.parsum.de\/en\/wp-json\/wp\/v2\/pages\/41\/revisions\/141"}],"wp:attachment":[{"href":"https:\/\/www.parsum.de\/en\/wp-json\/wp\/v2\/media?parent=41"}],"curies":[{"name":"wp","href":"https:\/\/api.w.org\/{rel}","templated":true}]}}