{"id":43,"date":"2018-04-18T11:19:12","date_gmt":"2018-04-18T09:19:12","guid":{"rendered":"http:\/\/www.parsum.de\/en\/?page_id=43"},"modified":"2018-04-18T17:04:46","modified_gmt":"2018-04-18T15:04:46","slug":"processes","status":"publish","type":"page","link":"https:\/\/www.parsum.de\/en\/processes\/","title":{"rendered":"Processes"},"content":{"rendered":"<div class=\"wpb-content-wrapper\"><p>[vc_row css=&#8221;.vc_custom_1513068386941{padding-top: 70px !important;}&#8221;][vc_column]<div id=\"ultimate-heading-485069d50fcf3837f\" class=\"uvc-heading ult-adjust-bottom-margin ultimate-heading-485069d50fcf3837f uvc-915 accent-border-color\" data-hspacer=\"line_only\"  data-halign=\"center\" style=\"text-align:center\"><div class=\"uvc-main-heading ult-responsive\"  data-ultimate-target='.uvc-heading.ultimate-heading-485069d50fcf3837f h2'  data-responsive-json-new='{\"font-size\":\"desktop:30px;\",\"line-height\":\"desktop:36px;\"}' ><h2 style=\"font-weight:bold;margin-bottom:5px;\">An overview of processes<\/h2><\/div><div class=\"uvc-heading-spacer line_only\" style=\"margin-bottom:30px;height:5px;\"><span class=\"uvc-headings-line\" style=\"border-style:solid;border-bottom-width:5px;border-color:;width:200px;\"><\/span><\/div><\/div>[vc_column_text]Similar processes can be found in all sectors where solids, powders, granulates and particles are processed. The current particle size distribution characterises not only the product, but also the process condition.<\/p>\n<p>Parsum inline particle probes identify trends and detect faults early without the time delays resulting from time-consuming laboratory analyses. This makes processes more effective, more robust and more transparent, and means that they can be controlled and regulated, while also making it possible to optimise the utilisation of system capacity and save resources.[\/vc_column_text][\/vc_column][\/vc_row][vc_row][vc_column width=&#8221;1\/6&#8243;]\n<div id=\"interactive-banner-1-wrap-4964\" class=\"ult-banner-block ult-adjust-bottom-margin ult-bb-more  banner-style11 \"   style=\"\">\n\t<img decoding=\"async\" src=\"https:\/\/www.parsum.de\/en\/wp-content\/uploads\/sites\/2\/2018\/04\/teaser-granulierung.jpg\" alt=\"null\">\n\t<h3  data-ultimate-target='#interactive-banner-1-wrap-4964 .bb-top-title '  data-responsive-json-new='{\"font-size\":\"\",\"line-height\":\"\"}'  class=\"title-center bb-top-title ult-responsive\" style=\"font-weight:normal;background:#009a9b;color:#ffffff;\">Granulation<\/h3>\n\t<div class=\"mask opaque-background\" style=\"background:rgba(0,0,0,0.6);\">\n\t\t<div  data-ultimate-target='#interactive-banner-1-wrap-4964 .bb-description'  data-responsive-json-new='{\"font-size\":\"desktop:15px;\",\"line-height\":\"desktop:20px;\"}'  class=\"bb-description ult-responsive\" style=\"font-weight:normal;color:#ffffff;\">Fluidised bed batch granulation, continuous agglomeration, high-shear granulation process, etc.<\/div>\n\t\t<a class=\"bb-link\" href=\"\/en\/processes\/granulation\/\"  style=\"background:#009a9b;color:#ffffff;\">Find out more<\/a>\n\t<\/div>\n<\/div>[\/vc_column][vc_column width=&#8221;1\/6&#8243;]\n<div id=\"interactive-banner-1-wrap-1389\" class=\"ult-banner-block ult-adjust-bottom-margin ult-bb-more  banner-style11 \"   style=\"\">\n\t<img decoding=\"async\" src=\"https:\/\/www.parsum.de\/en\/wp-content\/uploads\/sites\/2\/2018\/04\/teaser-beschichten.jpg\" alt=\"null\">\n\t<h3  data-ultimate-target='#interactive-banner-1-wrap-1389 .bb-top-title '  data-responsive-json-new='{\"font-size\":\"\",\"line-height\":\"\"}'  class=\"title-center bb-top-title ult-responsive\" style=\"font-weight:normal;background:#009a9b;color:#ffffff;\">Coating<\/h3>\n\t<div class=\"mask opaque-background\" style=\"background:rgba(0,0,0,0.6);\">\n\t\t<div  data-ultimate-target='#interactive-banner-1-wrap-1389 .bb-description'  data-responsive-json-new='{\"font-size\":\"desktop:15px;\",\"line-height\":\"desktop:20px;\"}'  class=\"bb-description ult-responsive\" style=\"font-weight:normal;color:#ffffff;\">Pellet coating on laboratory scale, Wurster coating on production scale, hot-melt coating process<\/div>\n\t\t<a class=\"bb-link\" href=\"\/en\/processes\/coating\/\"  style=\"background:#009a9b;color:#ffffff;\">Find out more<\/a>\n\t<\/div>\n<\/div>[\/vc_column][vc_column width=&#8221;1\/6&#8243;]\n<div id=\"interactive-banner-1-wrap-7679\" class=\"ult-banner-block ult-adjust-bottom-margin ult-bb-more  banner-style11 \"   style=\"\">\n\t<img decoding=\"async\" src=\"https:\/\/www.parsum.de\/en\/wp-content\/uploads\/sites\/2\/2018\/04\/teaser-trocknen.jpg\" alt=\"null\">\n\t<h3  data-ultimate-target='#interactive-banner-1-wrap-7679 .bb-top-title '  data-responsive-json-new='{\"font-size\":\"\",\"line-height\":\"\"}'  class=\"title-center bb-top-title ult-responsive\" style=\"font-weight:normal;background:#009a9b;color:#ffffff;\">Drying<\/h3>\n\t<div class=\"mask opaque-background\" style=\"background:rgba(0,0,0,0.6);\">\n\t\t<div  data-ultimate-target='#interactive-banner-1-wrap-7679 .bb-description'  data-responsive-json-new='{\"font-size\":\"desktop:15px;\",\"line-height\":\"desktop:20px;\"}'  class=\"bb-description ult-responsive\" style=\"font-weight:normal;color:#ffffff;\">Spray drying, fluidised-bed drying<\/div>\n\t\t<a class=\"bb-link\" href=\"\/en\/processes\/drying\/\"  style=\"background:#009a9b;color:#ffffff;\">Find out more<\/a>\n\t<\/div>\n<\/div>[\/vc_column][vc_column width=&#8221;1\/6&#8243;]\n<div id=\"interactive-banner-1-wrap-1509\" class=\"ult-banner-block ult-adjust-bottom-margin ult-bb-more  banner-style11 \"   style=\"\">\n\t<img decoding=\"async\" src=\"https:\/\/www.parsum.de\/en\/wp-content\/uploads\/sites\/2\/2018\/04\/teaser-zerkleinern.jpg\" alt=\"null\">\n\t<h3  data-ultimate-target='#interactive-banner-1-wrap-1509 .bb-top-title '  data-responsive-json-new='{\"font-size\":\"\",\"line-height\":\"\"}'  class=\"title-center bb-top-title ult-responsive\" style=\"font-weight:normal;background:#009a9b;color:#ffffff;\">Crushing<\/h3>\n\t<div class=\"mask opaque-background\" style=\"background:rgba(0,0,0,0.6);\">\n\t\t<div  data-ultimate-target='#interactive-banner-1-wrap-1509 .bb-description'  data-responsive-json-new='{\"font-size\":\"desktop:15px;\",\"line-height\":\"desktop:20px;\"}'  class=\"bb-description ult-responsive\" style=\"font-weight:normal;color:#ffffff;\">Roller mills, sieve mills, cutting mills<\/div>\n\t\t<a class=\"bb-link\" href=\"\/en\/processes\/crushing\/\"  style=\"background:#009a9b;color:#ffffff;\">Find out more<\/a>\n\t<\/div>\n<\/div>[\/vc_column][vc_column width=&#8221;1\/6&#8243;]\n<div id=\"interactive-banner-1-wrap-5376\" class=\"ult-banner-block ult-adjust-bottom-margin ult-bb-more  banner-style11 \"   style=\"\">\n\t<img decoding=\"async\" src=\"https:\/\/www.parsum.de\/en\/wp-content\/uploads\/sites\/2\/2018\/04\/teaser-mischen.jpg\" alt=\"null\">\n\t<h3  data-ultimate-target='#interactive-banner-1-wrap-5376 .bb-top-title '  data-responsive-json-new='{\"font-size\":\"\",\"line-height\":\"\"}'  class=\"title-center bb-top-title ult-responsive\" style=\"font-weight:normal;background:#009a9b;color:#ffffff;\">Mixing \/ fractionation \/ transport<\/h3>\n\t<div class=\"mask opaque-background\" style=\"background:rgba(0,0,0,0.6);\">\n\t\t<div  data-ultimate-target='#interactive-banner-1-wrap-5376 .bb-description'  data-responsive-json-new='{\"font-size\":\"desktop:15px;\",\"line-height\":\"desktop:20px;\"}'  class=\"bb-description ult-responsive\" style=\"font-weight:normal;color:#ffffff;\">High-shear mixing, ploughshare mixers, sieving, pneumatic transport, etc.<\/div>\n\t\t<a class=\"bb-link\" href=\"\/en\/processes\/mixing-fractionation-transport\/\"  style=\"background:#009a9b;color:#ffffff;\">Find out more<\/a>\n\t<\/div>\n<\/div>[\/vc_column][vc_column width=&#8221;1\/6&#8243;][\/vc_column][\/vc_row][vc_row][vc_column][vc_empty_space][\/vc_column][\/vc_row]<\/p>\n<\/div>","protected":false},"excerpt":{"rendered":"<p>[vc_row css=&#8221;.vc_custom_1513068386941{padding-top: 70px !important;}&#8221;][vc_column][vc_column_text]Similar processes can be found in all sectors where solids, powders, granulates and particles are processed. The current particle size distribution characterises not only the product, but also the process condition. Parsum inline particle probes identify trends and detect faults early without the time delays resulting from time-consuming laboratory analyses. This makes&hellip;<\/p>\n","protected":false},"author":1,"featured_media":0,"parent":0,"menu_order":0,"comment_status":"closed","ping_status":"closed","template":"","meta":{"footnotes":""},"class_list":["post-43","page","type-page","status-publish","hentry","description-off"],"yoast_head":"<!-- This site is optimized with the Yoast SEO plugin v25.1 - https:\/\/yoast.com\/wordpress\/plugins\/seo\/ -->\n<title>Processes - Parsum EN<\/title>\n<meta name=\"robots\" content=\"index, follow, max-snippet:-1, max-image-preview:large, max-video-preview:-1\" \/>\n<link rel=\"canonical\" href=\"https:\/\/www.parsum.de\/en\/processes\/\" \/>\n<meta property=\"og:locale\" content=\"en_GB\" \/>\n<meta property=\"og:type\" content=\"article\" \/>\n<meta property=\"og:title\" content=\"Processes - Parsum EN\" \/>\n<meta property=\"og:description\" content=\"[vc_row css=&#8221;.vc_custom_1513068386941{padding-top: 70px !important;}&#8221;][vc_column][vc_column_text]Similar processes can be found in all sectors where solids, powders, granulates and particles are processed. The current particle size distribution characterises not only the product, but also the process condition. Parsum inline particle probes identify trends and detect faults early without the time delays resulting from time-consuming laboratory analyses. This makes&hellip;\" \/>\n<meta property=\"og:url\" content=\"https:\/\/www.parsum.de\/en\/processes\/\" \/>\n<meta property=\"og:site_name\" content=\"Parsum EN\" \/>\n<meta property=\"article:modified_time\" content=\"2018-04-18T15:04:46+00:00\" \/>\n<meta name=\"twitter:card\" content=\"summary_large_image\" \/>\n<meta name=\"twitter:label1\" content=\"Estimated reading time\" \/>\n\t<meta name=\"twitter:data1\" content=\"3 minutes\" \/>\n<script type=\"application\/ld+json\" class=\"yoast-schema-graph\">{\"@context\":\"https:\/\/schema.org\",\"@graph\":[{\"@type\":\"WebPage\",\"@id\":\"https:\/\/www.parsum.de\/en\/processes\/\",\"url\":\"https:\/\/www.parsum.de\/en\/processes\/\",\"name\":\"Processes - Parsum EN\",\"isPartOf\":{\"@id\":\"https:\/\/www.parsum.de\/en\/#website\"},\"datePublished\":\"2018-04-18T09:19:12+00:00\",\"dateModified\":\"2018-04-18T15:04:46+00:00\",\"breadcrumb\":{\"@id\":\"https:\/\/www.parsum.de\/en\/processes\/#breadcrumb\"},\"inLanguage\":\"en-GB\",\"potentialAction\":[{\"@type\":\"ReadAction\",\"target\":[\"https:\/\/www.parsum.de\/en\/processes\/\"]}]},{\"@type\":\"BreadcrumbList\",\"@id\":\"https:\/\/www.parsum.de\/en\/processes\/#breadcrumb\",\"itemListElement\":[{\"@type\":\"ListItem\",\"position\":1,\"name\":\"Startseite\",\"item\":\"https:\/\/www.parsum.de\/en\/\"},{\"@type\":\"ListItem\",\"position\":2,\"name\":\"Processes\"}]},{\"@type\":\"WebSite\",\"@id\":\"https:\/\/www.parsum.de\/en\/#website\",\"url\":\"https:\/\/www.parsum.de\/en\/\",\"name\":\"Parsum EN\",\"description\":\"Gesellschaft f\u00fcr Partikel-, Str\u00f6mungs- und Umweltme\u00dftechnik mbH\",\"potentialAction\":[{\"@type\":\"SearchAction\",\"target\":{\"@type\":\"EntryPoint\",\"urlTemplate\":\"https:\/\/www.parsum.de\/en\/?s={search_term_string}\"},\"query-input\":{\"@type\":\"PropertyValueSpecification\",\"valueRequired\":true,\"valueName\":\"search_term_string\"}}],\"inLanguage\":\"en-GB\"}]}<\/script>\n<!-- \/ Yoast SEO plugin. -->","yoast_head_json":{"title":"Processes - Parsum EN","robots":{"index":"index","follow":"follow","max-snippet":"max-snippet:-1","max-image-preview":"max-image-preview:large","max-video-preview":"max-video-preview:-1"},"canonical":"https:\/\/www.parsum.de\/en\/processes\/","og_locale":"en_GB","og_type":"article","og_title":"Processes - Parsum EN","og_description":"[vc_row css=&#8221;.vc_custom_1513068386941{padding-top: 70px !important;}&#8221;][vc_column][vc_column_text]Similar processes can be found in all sectors where solids, powders, granulates and particles are processed. The current particle size distribution characterises not only the product, but also the process condition. Parsum inline particle probes identify trends and detect faults early without the time delays resulting from time-consuming laboratory analyses. This makes&hellip;","og_url":"https:\/\/www.parsum.de\/en\/processes\/","og_site_name":"Parsum EN","article_modified_time":"2018-04-18T15:04:46+00:00","twitter_card":"summary_large_image","twitter_misc":{"Estimated reading time":"3 minutes"},"schema":{"@context":"https:\/\/schema.org","@graph":[{"@type":"WebPage","@id":"https:\/\/www.parsum.de\/en\/processes\/","url":"https:\/\/www.parsum.de\/en\/processes\/","name":"Processes - Parsum EN","isPartOf":{"@id":"https:\/\/www.parsum.de\/en\/#website"},"datePublished":"2018-04-18T09:19:12+00:00","dateModified":"2018-04-18T15:04:46+00:00","breadcrumb":{"@id":"https:\/\/www.parsum.de\/en\/processes\/#breadcrumb"},"inLanguage":"en-GB","potentialAction":[{"@type":"ReadAction","target":["https:\/\/www.parsum.de\/en\/processes\/"]}]},{"@type":"BreadcrumbList","@id":"https:\/\/www.parsum.de\/en\/processes\/#breadcrumb","itemListElement":[{"@type":"ListItem","position":1,"name":"Startseite","item":"https:\/\/www.parsum.de\/en\/"},{"@type":"ListItem","position":2,"name":"Processes"}]},{"@type":"WebSite","@id":"https:\/\/www.parsum.de\/en\/#website","url":"https:\/\/www.parsum.de\/en\/","name":"Parsum EN","description":"Gesellschaft f\u00fcr Partikel-, Str\u00f6mungs- und Umweltme\u00dftechnik mbH","potentialAction":[{"@type":"SearchAction","target":{"@type":"EntryPoint","urlTemplate":"https:\/\/www.parsum.de\/en\/?s={search_term_string}"},"query-input":{"@type":"PropertyValueSpecification","valueRequired":true,"valueName":"search_term_string"}}],"inLanguage":"en-GB"}]}},"_links":{"self":[{"href":"https:\/\/www.parsum.de\/en\/wp-json\/wp\/v2\/pages\/43","targetHints":{"allow":["GET"]}}],"collection":[{"href":"https:\/\/www.parsum.de\/en\/wp-json\/wp\/v2\/pages"}],"about":[{"href":"https:\/\/www.parsum.de\/en\/wp-json\/wp\/v2\/types\/page"}],"author":[{"embeddable":true,"href":"https:\/\/www.parsum.de\/en\/wp-json\/wp\/v2\/users\/1"}],"replies":[{"embeddable":true,"href":"https:\/\/www.parsum.de\/en\/wp-json\/wp\/v2\/comments?post=43"}],"version-history":[{"count":5,"href":"https:\/\/www.parsum.de\/en\/wp-json\/wp\/v2\/pages\/43\/revisions"}],"predecessor-version":[{"id":302,"href":"https:\/\/www.parsum.de\/en\/wp-json\/wp\/v2\/pages\/43\/revisions\/302"}],"wp:attachment":[{"href":"https:\/\/www.parsum.de\/en\/wp-json\/wp\/v2\/media?parent=43"}],"curies":[{"name":"wp","href":"https:\/\/api.w.org\/{rel}","templated":true}]}}