{"id":45,"date":"2018-04-18T11:19:32","date_gmt":"2018-04-18T09:19:32","guid":{"rendered":"http:\/\/www.parsum.de\/en\/?page_id=45"},"modified":"2019-02-27T10:31:51","modified_gmt":"2019-02-27T09:31:51","slug":"particle-probes","status":"publish","type":"page","link":"https:\/\/www.parsum.de\/en\/particle-probes\/","title":{"rendered":"Particle probes"},"content":{"rendered":"<div class=\"wpb-content-wrapper\"><p>[vc_row][vc_column]<div id=\"ultimate-heading-753169d50fa4375db\" class=\"uvc-heading ult-adjust-bottom-margin ultimate-heading-753169d50fa4375db uvc-584 accent-border-color\" data-hspacer=\"line_only\"  data-halign=\"center\" style=\"text-align:center\"><div class=\"uvc-main-heading ult-responsive\"  data-ultimate-target='.uvc-heading.ultimate-heading-753169d50fa4375db h2'  data-responsive-json-new='{\"font-size\":\"desktop:30px;\",\"line-height\":\"desktop:36px;\"}' ><h2 style=\"font-weight:bold;margin-bottom:5px;\">An overview of particle probes<\/h2><\/div><div class=\"uvc-heading-spacer line_only\" style=\"margin-bottom:30px;height:5px;\"><span class=\"uvc-headings-line\" style=\"border-style:solid;border-bottom-width:5px;border-color:;width:200px;\"><\/span><\/div><\/div>[vc_empty_space][\/vc_column][\/vc_row][vc_row][vc_column][vc_table vc_table_theme=&#8221;classic&#8221; allow_html=&#8221;1&#8243;][align-center]Probe%20model,[align-center]Areas%20of%20application,[align-center]Measurement%20range%2C%20size%2Fspeed,[align-center]Probe%20housing,[align-center]Standard%20(max.)%20probe%20length,[align-center]ATEX,[align-center]Software%20monitoring%20%2F%20self-diagnosis,[align-center]Status%20LED,[align-center]Display|[align-center]%3Ca%20href%3D%22%2Fen%2Fparticle-probes%2Fipp-70-s-standard-probe%2F%22%3EIPP%2070-S%3C%2Fa%3E,[align-center]Standard%20probe%20for%20all%20processes%20in%20the%20chem.%20ical%2C%20foodstuffs%20and%20construction-material%20industries%2C%20etc.,[align-center]50%20-%206000%20%C2%B5m%20%2F%200%2C01%20-%2050%20m%2Fs,[align-center]Aluminium%2C%20die-cast%2C%20powder%20coating%2C%20coated%3B%20120%C3%9760%C3%9790%20mm,[align-center]280%20mm%20(280%20mm),[align-center]No,[align-center]Yes%2Fno,[align-center]Yes,[align-center]%3Ca%20href%3D%22%2Fen%2Fparticle-probes%2Fipp-70-s-standard-probe%2F%22%3E%3Cimg%20src%3D%22..%2F..%2Fen%2Fwp-content%2Fuploads%2Fsites%2F2%2F2018%2F04%2FIPP70S-xs.jpg%22%3E%3C%2Fa%3E|[align-center]%3Ca%20href%3D%22%2Fen%2Fparticle-probes%2Fipp-70-se-standard-atex-probe%2F%22%3EIPP%2070-Se%3C%2Fa%3E,[align-center]Standard%20probe%20for%20all%20ATEX%20processes%20in%20the%20chemical%2C%20foodstuffs%20and%20construction-material%20industries%2C%20etc.,[align-center]50%20-%206000%20%C2%B5m%20%2F%200%2C01%20-%2050%20m%2Fs,[align-center]Aluminium%2C%20die-cast%2C%20powder%20coating%2C%20coated%3B%20120%C3%9760%C3%9790%20mm,[align-center]280%20mm%20(280%20mm),[align-center]Yes%2C%20zone%200%2F20,[align-center]Yes%2Fno,[align-center]No,[align-center]%3Ca%20href%3D%22%2Fen%2Fparticle-probes%2Fipp-70-se-standard-atex-probe%2F%22%3E%3Cimg%20src%3D%22..%2F..%2Fen%2Fwp-content%2Fuploads%2Fsites%2F2%2F2018%2F04%2FIPP70Se-xs.jpg%22%3E%3C%2Fa%3E|[align-center]%3Ca%20href%3D%22%2Fen%2Fparticle-probes%2Fipp-75-s-individual-length%2F%22%3EIPP%2075-S%3C%2Fa%3E,[align-center]Long%20probe%20for%20all%20industrial%20sectors%20where%20large%20and%20deep%20containers%20are%20used,[align-center]50%20-%206000%20%C2%B5m%20%2F%200%2C01%20-%2050%20m%2Fs,[align-center]Aluminium%2C%20die-cast%2C%20powder%20coating%2C%20coated%3B%20130%C3%97120%C3%9770%20mm,[align-center]380%20mm%20(1200%20mm),[align-center]No,[align-center]Yes%2Fno,[align-center]No,[align-center]%3Ca%20href%3D%22%2Fen%2Fparticle-probes%2Fipp-75-s-individual-length%2F%22%3E%3Cimg%20src%3D%22..%2F..%2Fen%2Fwp-content%2Fuploads%2Fsites%2F2%2F2018%2F04%2FIPP75S-xs.jpg%22%3E%3C%2Fa%3E|[align-center]%3Ca%20href%3D%22%2Fen%2Fparticle-probes%2Fipp-80-p-pharma-probe%2F%22%3EIPP%2080-P%3C%2Fa%3E,[align-center]Pharma%20probe%20for%20all%20ATEX%20processes%20in%20the%20pharmaceutical%20industry%20(GMP%20processes),[align-center]50%20-%206000%20%C2%B5m%20%2F%200%2C01%20-%2050%20m%2Fs,[align-center]Stainless%20steel%201.4301%2F304%3B%2085%C3%9765%20mm,[align-center]280%20mm%20(1200%20mm),[align-center]Yes%2C%20zone%200%2F20,[align-center]Yes%2Fyes,[align-center]No,[align-center]%3Ca%20href%3D%22%2Fen%2Fparticle-probes%2Fipp-80-p-pharma-probe%2F%22%3E%3Cimg%20src%3D%22..%2F..%2Fen%2Fwp-content%2Fuploads%2Fsites%2F2%2F2018%2F04%2FIPP80P-xs.jpg%22%3E%3C%2Fa%3E[\/vc_table][\/vc_column][\/vc_row]<\/p>\n<\/div>","protected":false},"excerpt":{"rendered":"<p>[vc_row][vc_column][vc_empty_space][\/vc_column][\/vc_row][vc_row][vc_column][vc_table vc_table_theme=&#8221;classic&#8221; allow_html=&#8221;1&#8243;][align-center]Probe%20model,[align-center]Areas%20of%20application,[align-center]Measurement%20range%2C%20size%2Fspeed,[align-center]Probe%20housing,[align-center]Standard%20(max.)%20probe%20length,[align-center]ATEX,[align-center]Software%20monitoring%20%2F%20self-diagnosis,[align-center]Status%20LED,[align-center]Display|[align-center]%3Ca%20href%3D%22%2Fen%2Fparticle-probes%2Fipp-70-s-standard-probe%2F%22%3EIPP%2070-S%3C%2Fa%3E,[align-center]Standard%20probe%20for%20all%20processes%20in%20the%20chem.%20ical%2C%20foodstuffs%20and%20construction-material%20industries%2C%20etc.,[align-center]50%20-%206000%20%C2%B5m%20%2F%200%2C01%20-%2050%20m%2Fs,[align-center]Aluminium%2C%20die-cast%2C%20powder%20coating%2C%20coated%3B%20120%C3%9760%C3%9790%20mm,[align-center]280%20mm%20(280%20mm),[align-center]No,[align-center]Yes%2Fno,[align-center]Yes,[align-center]%3Ca%20href%3D%22%2Fen%2Fparticle-probes%2Fipp-70-s-standard-probe%2F%22%3E%3Cimg%20src%3D%22..%2F..%2Fen%2Fwp-content%2Fuploads%2Fsites%2F2%2F2018%2F04%2FIPP70S-xs.jpg%22%3E%3C%2Fa%3E|[align-center]%3Ca%20href%3D%22%2Fen%2Fparticle-probes%2Fipp-70-se-standard-atex-probe%2F%22%3EIPP%2070-Se%3C%2Fa%3E,[align-center]Standard%20probe%20for%20all%20ATEX%20processes%20in%20the%20chemical%2C%20foodstuffs%20and%20construction-material%20industries%2C%20etc.,[align-center]50%20-%206000%20%C2%B5m%20%2F%200%2C01%20-%2050%20m%2Fs,[align-center]Aluminium%2C%20die-cast%2C%20powder%20coating%2C%20coated%3B%20120%C3%9760%C3%9790%20mm,[align-center]280%20mm%20(280%20mm),[align-center]Yes%2C%20zone%200%2F20,[align-center]Yes%2Fno,[align-center]No,[align-center]%3Ca%20href%3D%22%2Fen%2Fparticle-probes%2Fipp-70-se-standard-atex-probe%2F%22%3E%3Cimg%20src%3D%22..%2F..%2Fen%2Fwp-content%2Fuploads%2Fsites%2F2%2F2018%2F04%2FIPP70Se-xs.jpg%22%3E%3C%2Fa%3E|[align-center]%3Ca%20href%3D%22%2Fen%2Fparticle-probes%2Fipp-75-s-individual-length%2F%22%3EIPP%2075-S%3C%2Fa%3E,[align-center]Long%20probe%20for%20all%20industrial%20sectors%20where%20large%20and%20deep%20containers%20are%20used,[align-center]50%20-%206000%20%C2%B5m%20%2F%200%2C01%20-%2050%20m%2Fs,[align-center]Aluminium%2C%20die-cast%2C%20powder%20coating%2C%20coated%3B%20130%C3%97120%C3%9770%20mm,[align-center]380%20mm%20(1200%20mm),[align-center]No,[align-center]Yes%2Fno,[align-center]No,[align-center]%3Ca%20href%3D%22%2Fen%2Fparticle-probes%2Fipp-75-s-individual-length%2F%22%3E%3Cimg%20src%3D%22..%2F..%2Fen%2Fwp-content%2Fuploads%2Fsites%2F2%2F2018%2F04%2FIPP75S-xs.jpg%22%3E%3C%2Fa%3E|[align-center]%3Ca%20href%3D%22%2Fen%2Fparticle-probes%2Fipp-80-p-pharma-probe%2F%22%3EIPP%2080-P%3C%2Fa%3E,[align-center]Pharma%20probe%20for%20all%20ATEX%20processes%20in%20the%20pharmaceutical%20industry%20(GMP%20processes),[align-center]50%20-%206000%20%C2%B5m%20%2F%200%2C01%20-%2050%20m%2Fs,[align-center]Stainless%20steel%201.4301%2F304%3B%2085%C3%9765%20mm,[align-center]280%20mm%20(1200%20mm),[align-center]Yes%2C%20zone%200%2F20,[align-center]Yes%2Fyes,[align-center]No,[align-center]%3Ca%20href%3D%22%2Fen%2Fparticle-probes%2Fipp-80-p-pharma-probe%2F%22%3E%3Cimg%20src%3D%22..%2F..%2Fen%2Fwp-content%2Fuploads%2Fsites%2F2%2F2018%2F04%2FIPP80P-xs.jpg%22%3E%3C%2Fa%3E[\/vc_table][\/vc_column][\/vc_row]<\/p>\n","protected":false},"author":1,"featured_media":0,"parent":0,"menu_order":0,"comment_status":"closed","ping_status":"closed","template":"","meta":{"footnotes":""},"class_list":["post-45","page","type-page","status-publish","hentry","description-off"],"yoast_head":"<!-- This site is optimized with the Yoast SEO plugin v25.1 - https:\/\/yoast.com\/wordpress\/plugins\/seo\/ -->\n<title>Particle probes - Parsum EN<\/title>\n<meta name=\"robots\" content=\"index, follow, max-snippet:-1, max-image-preview:large, max-video-preview:-1\" \/>\n<link rel=\"canonical\" href=\"https:\/\/www.parsum.de\/en\/particle-probes\/\" \/>\n<meta property=\"og:locale\" content=\"en_GB\" \/>\n<meta property=\"og:type\" content=\"article\" \/>\n<meta property=\"og:title\" content=\"Particle probes - Parsum EN\" \/>\n<meta property=\"og:description\" content=\"[vc_row][vc_column][vc_empty_space][\/vc_column][\/vc_row][vc_row][vc_column][vc_table vc_table_theme=&#8221;classic&#8221; allow_html=&#8221;1&#8243;][align-center]Probe%20model,[align-center]Areas%20of%20application,[align-center]Measurement%20range%2C%20size%2Fspeed,[align-center]Probe%20housing,[align-center]Standard%20(max.)%20probe%20length,[align-center]ATEX,[align-center]Software%20monitoring%20%2F%20self-diagnosis,[align-center]Status%20LED,[align-center]Display|[align-center]%3Ca%20href%3D%22%2Fen%2Fparticle-probes%2Fipp-70-s-standard-probe%2F%22%3EIPP%2070-S%3C%2Fa%3E,[align-center]Standard%20probe%20for%20all%20processes%20in%20the%20chem.%20ical%2C%20foodstuffs%20and%20construction-material%20industries%2C%20etc.,[align-center]50%20-%206000%20%C2%B5m%20%2F%200%2C01%20-%2050%20m%2Fs,[align-center]Aluminium%2C%20die-cast%2C%20powder%20coating%2C%20coated%3B%20120%C3%9760%C3%9790%20mm,[align-center]280%20mm%20(280%20mm),[align-center]No,[align-center]Yes%2Fno,[align-center]Yes,[align-center]%3Ca%20href%3D%22%2Fen%2Fparticle-probes%2Fipp-70-s-standard-probe%2F%22%3E%3Cimg%20src%3D%22..%2F..%2Fen%2Fwp-content%2Fuploads%2Fsites%2F2%2F2018%2F04%2FIPP70S-xs.jpg%22%3E%3C%2Fa%3E|[align-center]%3Ca%20href%3D%22%2Fen%2Fparticle-probes%2Fipp-70-se-standard-atex-probe%2F%22%3EIPP%2070-Se%3C%2Fa%3E,[align-center]Standard%20probe%20for%20all%20ATEX%20processes%20in%20the%20chemical%2C%20foodstuffs%20and%20construction-material%20industries%2C%20etc.,[align-center]50%20-%206000%20%C2%B5m%20%2F%200%2C01%20-%2050%20m%2Fs,[align-center]Aluminium%2C%20die-cast%2C%20powder%20coating%2C%20coated%3B%20120%C3%9760%C3%9790%20mm,[align-center]280%20mm%20(280%20mm),[align-center]Yes%2C%20zone%200%2F20,[align-center]Yes%2Fno,[align-center]No,[align-center]%3Ca%20href%3D%22%2Fen%2Fparticle-probes%2Fipp-70-se-standard-atex-probe%2F%22%3E%3Cimg%20src%3D%22..%2F..%2Fen%2Fwp-content%2Fuploads%2Fsites%2F2%2F2018%2F04%2FIPP70Se-xs.jpg%22%3E%3C%2Fa%3E|[align-center]%3Ca%20href%3D%22%2Fen%2Fparticle-probes%2Fipp-75-s-individual-length%2F%22%3EIPP%2075-S%3C%2Fa%3E,[align-center]Long%20probe%20for%20all%20industrial%20sectors%20where%20large%20and%20deep%20containers%20are%20used,[align-center]50%20-%206000%20%C2%B5m%20%2F%200%2C01%20-%2050%20m%2Fs,[align-center]Aluminium%2C%20die-cast%2C%20powder%20coating%2C%20coated%3B%20130%C3%97120%C3%9770%20mm,[align-center]380%20mm%20(1200%20mm),[align-center]No,[align-center]Yes%2Fno,[align-center]No,[align-center]%3Ca%20href%3D%22%2Fen%2Fparticle-probes%2Fipp-75-s-individual-length%2F%22%3E%3Cimg%20src%3D%22..%2F..%2Fen%2Fwp-content%2Fuploads%2Fsites%2F2%2F2018%2F04%2FIPP75S-xs.jpg%22%3E%3C%2Fa%3E|[align-center]%3Ca%20href%3D%22%2Fen%2Fparticle-probes%2Fipp-80-p-pharma-probe%2F%22%3EIPP%2080-P%3C%2Fa%3E,[align-center]Pharma%20probe%20for%20all%20ATEX%20processes%20in%20the%20pharmaceutical%20industry%20(GMP%20processes),[align-center]50%20-%206000%20%C2%B5m%20%2F%200%2C01%20-%2050%20m%2Fs,[align-center]Stainless%20steel%201.4301%2F304%3B%2085%C3%9765%20mm,[align-center]280%20mm%20(1200%20mm),[align-center]Yes%2C%20zone%200%2F20,[align-center]Yes%2Fyes,[align-center]No,[align-center]%3Ca%20href%3D%22%2Fen%2Fparticle-probes%2Fipp-80-p-pharma-probe%2F%22%3E%3Cimg%20src%3D%22..%2F..%2Fen%2Fwp-content%2Fuploads%2Fsites%2F2%2F2018%2F04%2FIPP80P-xs.jpg%22%3E%3C%2Fa%3E[\/vc_table][\/vc_column][\/vc_row]\" \/>\n<meta property=\"og:url\" content=\"https:\/\/www.parsum.de\/en\/particle-probes\/\" \/>\n<meta property=\"og:site_name\" content=\"Parsum EN\" \/>\n<meta property=\"article:modified_time\" content=\"2019-02-27T09:31:51+00:00\" \/>\n<meta name=\"twitter:card\" content=\"summary_large_image\" \/>\n<meta name=\"twitter:label1\" content=\"Estimated reading time\" \/>\n\t<meta name=\"twitter:data1\" content=\"2 minutes\" \/>\n<script type=\"application\/ld+json\" class=\"yoast-schema-graph\">{\"@context\":\"https:\/\/schema.org\",\"@graph\":[{\"@type\":\"WebPage\",\"@id\":\"https:\/\/www.parsum.de\/en\/particle-probes\/\",\"url\":\"https:\/\/www.parsum.de\/en\/particle-probes\/\",\"name\":\"Particle probes - Parsum EN\",\"isPartOf\":{\"@id\":\"https:\/\/www.parsum.de\/en\/#website\"},\"datePublished\":\"2018-04-18T09:19:32+00:00\",\"dateModified\":\"2019-02-27T09:31:51+00:00\",\"breadcrumb\":{\"@id\":\"https:\/\/www.parsum.de\/en\/particle-probes\/#breadcrumb\"},\"inLanguage\":\"en-GB\",\"potentialAction\":[{\"@type\":\"ReadAction\",\"target\":[\"https:\/\/www.parsum.de\/en\/particle-probes\/\"]}]},{\"@type\":\"BreadcrumbList\",\"@id\":\"https:\/\/www.parsum.de\/en\/particle-probes\/#breadcrumb\",\"itemListElement\":[{\"@type\":\"ListItem\",\"position\":1,\"name\":\"Startseite\",\"item\":\"https:\/\/www.parsum.de\/en\/\"},{\"@type\":\"ListItem\",\"position\":2,\"name\":\"Particle probes\"}]},{\"@type\":\"WebSite\",\"@id\":\"https:\/\/www.parsum.de\/en\/#website\",\"url\":\"https:\/\/www.parsum.de\/en\/\",\"name\":\"Parsum EN\",\"description\":\"Gesellschaft f\u00fcr Partikel-, Str\u00f6mungs- und Umweltme\u00dftechnik mbH\",\"potentialAction\":[{\"@type\":\"SearchAction\",\"target\":{\"@type\":\"EntryPoint\",\"urlTemplate\":\"https:\/\/www.parsum.de\/en\/?s={search_term_string}\"},\"query-input\":{\"@type\":\"PropertyValueSpecification\",\"valueRequired\":true,\"valueName\":\"search_term_string\"}}],\"inLanguage\":\"en-GB\"}]}<\/script>\n<!-- \/ Yoast SEO plugin. -->","yoast_head_json":{"title":"Particle probes - Parsum EN","robots":{"index":"index","follow":"follow","max-snippet":"max-snippet:-1","max-image-preview":"max-image-preview:large","max-video-preview":"max-video-preview:-1"},"canonical":"https:\/\/www.parsum.de\/en\/particle-probes\/","og_locale":"en_GB","og_type":"article","og_title":"Particle probes - Parsum EN","og_description":"[vc_row][vc_column][vc_empty_space][\/vc_column][\/vc_row][vc_row][vc_column][vc_table vc_table_theme=&#8221;classic&#8221; allow_html=&#8221;1&#8243;][align-center]Probe%20model,[align-center]Areas%20of%20application,[align-center]Measurement%20range%2C%20size%2Fspeed,[align-center]Probe%20housing,[align-center]Standard%20(max.)%20probe%20length,[align-center]ATEX,[align-center]Software%20monitoring%20%2F%20self-diagnosis,[align-center]Status%20LED,[align-center]Display|[align-center]%3Ca%20href%3D%22%2Fen%2Fparticle-probes%2Fipp-70-s-standard-probe%2F%22%3EIPP%2070-S%3C%2Fa%3E,[align-center]Standard%20probe%20for%20all%20processes%20in%20the%20chem.%20ical%2C%20foodstuffs%20and%20construction-material%20industries%2C%20etc.,[align-center]50%20-%206000%20%C2%B5m%20%2F%200%2C01%20-%2050%20m%2Fs,[align-center]Aluminium%2C%20die-cast%2C%20powder%20coating%2C%20coated%3B%20120%C3%9760%C3%9790%20mm,[align-center]280%20mm%20(280%20mm),[align-center]No,[align-center]Yes%2Fno,[align-center]Yes,[align-center]%3Ca%20href%3D%22%2Fen%2Fparticle-probes%2Fipp-70-s-standard-probe%2F%22%3E%3Cimg%20src%3D%22..%2F..%2Fen%2Fwp-content%2Fuploads%2Fsites%2F2%2F2018%2F04%2FIPP70S-xs.jpg%22%3E%3C%2Fa%3E|[align-center]%3Ca%20href%3D%22%2Fen%2Fparticle-probes%2Fipp-70-se-standard-atex-probe%2F%22%3EIPP%2070-Se%3C%2Fa%3E,[align-center]Standard%20probe%20for%20all%20ATEX%20processes%20in%20the%20chemical%2C%20foodstuffs%20and%20construction-material%20industries%2C%20etc.,[align-center]50%20-%206000%20%C2%B5m%20%2F%200%2C01%20-%2050%20m%2Fs,[align-center]Aluminium%2C%20die-cast%2C%20powder%20coating%2C%20coated%3B%20120%C3%9760%C3%9790%20mm,[align-center]280%20mm%20(280%20mm),[align-center]Yes%2C%20zone%200%2F20,[align-center]Yes%2Fno,[align-center]No,[align-center]%3Ca%20href%3D%22%2Fen%2Fparticle-probes%2Fipp-70-se-standard-atex-probe%2F%22%3E%3Cimg%20src%3D%22..%2F..%2Fen%2Fwp-content%2Fuploads%2Fsites%2F2%2F2018%2F04%2FIPP70Se-xs.jpg%22%3E%3C%2Fa%3E|[align-center]%3Ca%20href%3D%22%2Fen%2Fparticle-probes%2Fipp-75-s-individual-length%2F%22%3EIPP%2075-S%3C%2Fa%3E,[align-center]Long%20probe%20for%20all%20industrial%20sectors%20where%20large%20and%20deep%20containers%20are%20used,[align-center]50%20-%206000%20%C2%B5m%20%2F%200%2C01%20-%2050%20m%2Fs,[align-center]Aluminium%2C%20die-cast%2C%20powder%20coating%2C%20coated%3B%20130%C3%97120%C3%9770%20mm,[align-center]380%20mm%20(1200%20mm),[align-center]No,[align-center]Yes%2Fno,[align-center]No,[align-center]%3Ca%20href%3D%22%2Fen%2Fparticle-probes%2Fipp-75-s-individual-length%2F%22%3E%3Cimg%20src%3D%22..%2F..%2Fen%2Fwp-content%2Fuploads%2Fsites%2F2%2F2018%2F04%2FIPP75S-xs.jpg%22%3E%3C%2Fa%3E|[align-center]%3Ca%20href%3D%22%2Fen%2Fparticle-probes%2Fipp-80-p-pharma-probe%2F%22%3EIPP%2080-P%3C%2Fa%3E,[align-center]Pharma%20probe%20for%20all%20ATEX%20processes%20in%20the%20pharmaceutical%20industry%20(GMP%20processes),[align-center]50%20-%206000%20%C2%B5m%20%2F%200%2C01%20-%2050%20m%2Fs,[align-center]Stainless%20steel%201.4301%2F304%3B%2085%C3%9765%20mm,[align-center]280%20mm%20(1200%20mm),[align-center]Yes%2C%20zone%200%2F20,[align-center]Yes%2Fyes,[align-center]No,[align-center]%3Ca%20href%3D%22%2Fen%2Fparticle-probes%2Fipp-80-p-pharma-probe%2F%22%3E%3Cimg%20src%3D%22..%2F..%2Fen%2Fwp-content%2Fuploads%2Fsites%2F2%2F2018%2F04%2FIPP80P-xs.jpg%22%3E%3C%2Fa%3E[\/vc_table][\/vc_column][\/vc_row]","og_url":"https:\/\/www.parsum.de\/en\/particle-probes\/","og_site_name":"Parsum EN","article_modified_time":"2019-02-27T09:31:51+00:00","twitter_card":"summary_large_image","twitter_misc":{"Estimated reading time":"2 minutes"},"schema":{"@context":"https:\/\/schema.org","@graph":[{"@type":"WebPage","@id":"https:\/\/www.parsum.de\/en\/particle-probes\/","url":"https:\/\/www.parsum.de\/en\/particle-probes\/","name":"Particle probes - Parsum EN","isPartOf":{"@id":"https:\/\/www.parsum.de\/en\/#website"},"datePublished":"2018-04-18T09:19:32+00:00","dateModified":"2019-02-27T09:31:51+00:00","breadcrumb":{"@id":"https:\/\/www.parsum.de\/en\/particle-probes\/#breadcrumb"},"inLanguage":"en-GB","potentialAction":[{"@type":"ReadAction","target":["https:\/\/www.parsum.de\/en\/particle-probes\/"]}]},{"@type":"BreadcrumbList","@id":"https:\/\/www.parsum.de\/en\/particle-probes\/#breadcrumb","itemListElement":[{"@type":"ListItem","position":1,"name":"Startseite","item":"https:\/\/www.parsum.de\/en\/"},{"@type":"ListItem","position":2,"name":"Particle probes"}]},{"@type":"WebSite","@id":"https:\/\/www.parsum.de\/en\/#website","url":"https:\/\/www.parsum.de\/en\/","name":"Parsum EN","description":"Gesellschaft f\u00fcr Partikel-, Str\u00f6mungs- und Umweltme\u00dftechnik mbH","potentialAction":[{"@type":"SearchAction","target":{"@type":"EntryPoint","urlTemplate":"https:\/\/www.parsum.de\/en\/?s={search_term_string}"},"query-input":{"@type":"PropertyValueSpecification","valueRequired":true,"valueName":"search_term_string"}}],"inLanguage":"en-GB"}]}},"_links":{"self":[{"href":"https:\/\/www.parsum.de\/en\/wp-json\/wp\/v2\/pages\/45","targetHints":{"allow":["GET"]}}],"collection":[{"href":"https:\/\/www.parsum.de\/en\/wp-json\/wp\/v2\/pages"}],"about":[{"href":"https:\/\/www.parsum.de\/en\/wp-json\/wp\/v2\/types\/page"}],"author":[{"embeddable":true,"href":"https:\/\/www.parsum.de\/en\/wp-json\/wp\/v2\/users\/1"}],"replies":[{"embeddable":true,"href":"https:\/\/www.parsum.de\/en\/wp-json\/wp\/v2\/comments?post=45"}],"version-history":[{"count":5,"href":"https:\/\/www.parsum.de\/en\/wp-json\/wp\/v2\/pages\/45\/revisions"}],"predecessor-version":[{"id":359,"href":"https:\/\/www.parsum.de\/en\/wp-json\/wp\/v2\/pages\/45\/revisions\/359"}],"wp:attachment":[{"href":"https:\/\/www.parsum.de\/en\/wp-json\/wp\/v2\/media?parent=45"}],"curies":[{"name":"wp","href":"https:\/\/api.w.org\/{rel}","templated":true}]}}