{"id":49,"date":"2018-04-18T11:20:16","date_gmt":"2018-04-18T09:20:16","guid":{"rendered":"http:\/\/www.parsum.de\/en\/?page_id=49"},"modified":"2018-04-18T12:23:42","modified_gmt":"2018-04-18T10:23:42","slug":"company","status":"publish","type":"page","link":"https:\/\/www.parsum.de\/en\/company\/","title":{"rendered":"Company"},"content":{"rendered":"<div class=\"wpb-content-wrapper\"><p>[vc_row css=&#8221;.vc_custom_1512999753848{padding-top: 70px !important;}&#8221;][vc_column]<div id=\"ultimate-heading-307469d5258246497\" class=\"uvc-heading ult-adjust-bottom-margin ultimate-heading-307469d5258246497 uvc-9815 accent-border-color\" data-hspacer=\"line_only\"  data-halign=\"center\" style=\"text-align:center\"><div class=\"uvc-main-heading ult-responsive\"  data-ultimate-target='.uvc-heading.ultimate-heading-307469d5258246497 h2'  data-responsive-json-new='{\"font-size\":\"desktop:30px;\",\"line-height\":\"desktop:36px;\"}' ><h2 style=\"font-weight:bold;margin-bottom:5px;\">The Parsum principle: Particle measurement directly within the process<\/h2><\/div><div class=\"uvc-heading-spacer line_only\" style=\"margin-bottom:30px;height:5px;\"><span class=\"uvc-headings-line\" style=\"border-style:solid;border-bottom-width:5px;border-color:;width:200px;\"><\/span><\/div><\/div>[\/vc_column][\/vc_row][vc_row content_placement=&#8221;top&#8221; type=&#8221;vc_default&#8221; margin_top=&#8221;10&#8243; margin_bottom=&#8221;25&#8243;][vc_column width=&#8221;1\/2&#8243; css=&#8221;.vc_custom_1508243083034{padding-bottom: 30px !important;}&#8221; offset=&#8221;vc_col-lg-offset-0 vc_col-lg-6 vc_col-md-offset-0 vc_col-md-6 vc_col-sm-offset-2 vc_col-xs-12&#8243;][vc_column_text]Founded in 1997 by former employees of the Chemnitz University of Technology, Parsum GmbH is now an internationally recognised provider of PAT solutions for the chemical and pharmaceutical industries. The company set out with a patented measuring method and the conviction that there was high demand in research and industry for the option of measuring particle sizes directly within processes, thereby making it possible to monitor, control and regulate processes.<\/p>\n<p>The well-known technique of fibre-optic spatial filter anemometry was developed so that not only the velocities of particles could be measured, but also their sizes. Unlike traditional particle size measuring methods that involve sampling and laboratory analysis, Parsum has always used inline measurement right from the start, meaning that the measured results are immediately and continuously available. Several patents have been granted for this method in Germany, Europe and the USA.<\/p>\n<p>In 1998, Parsum installed the first measuring instruments in probe form at a fine-chemicals manufacturer in Germany, with the aim of determining the powder quality within a grinding process. The probe design with no mechanically moving parts and no need for adjustment became an important success factor, and the design has remained the same to this day. The design also means that the probes can be installed in existing systems without a great deal of effort.<\/p>\n<p>In addition to the fine chemicals, foodstuffs and raw materials sectors, the IPP 70 probe model has also been offering GMP-compliant solutions for the pharmaceutical industry since 2007.[\/vc_column_text][\/vc_column][vc_column width=&#8221;1\/2&#8243; css=&#8221;.vc_custom_1508243072531{padding-bottom: 30px !important;}&#8221; offset=&#8221;vc_col-lg-offset-0 vc_col-lg-6 vc_col-md-offset-0 vc_col-md-6 vc_col-sm-offset-2 vc_col-xs-12&#8243;][vc_column_text]The consistent development of accessories for process adaptation \u2013 the so-called \u201cprocess interface\u201d \u2013 has been the principal factor in allowing Parsum to establish itself as a market leader in the area of particle measurement in fluidised bed processes. With the new inline dispersers, Parsum probes can perform measurements even in very intensive, damp and dusty processes.<\/p>\n<p>Parsum has installed more than 350 measuring systems to date. In addition to global pharmaceutical firms and companies in the food and chemical sectors, its customer base also includes numerous universities and research institutions. For international distribution, Parsum has had UK-based Malvern Instruments Ltd. on side as a partner since 2003. The company is a high-performing and world-leading supplier of particle size measuring technology. Parsum probes are currently used in 22 countries around the world.<\/p>\n<p>In several R&amp;D projects carried out in cooperation with customers, plant manufacturers and universities, Parsum has put a lot of investment into the advanced development of its particle probes in recent years.<\/p>\n<p>Parsum is therefore in a very good position for future growth. In addition to the general trend towards Industry 4.0 in all industrial sectors, this growth is mainly promoted in the pharmaceutical industry by the increasing direct integration of PAT into new production systems and the increasing significance of continuous production methods.[\/vc_column_text][\/vc_column][\/vc_row][vc_row bg_type=&#8221;bg_color&#8221; bg_override=&#8221;full&#8221; bg_color_value=&#8221;#f5f5f5&#8243; css=&#8221;.vc_custom_1507725484438{padding-top: 30px !important;padding-bottom: 50px !important;}&#8221;][vc_column][vc_row_inner][vc_column_inner width=&#8221;1\/2&#8243;]<div id=\"ultimate-heading-440769d5258246504\" class=\"uvc-heading ult-adjust-bottom-margin ultimate-heading-440769d5258246504 uvc-2480 accent-border-color\" data-hspacer=\"line_only\"  data-halign=\"center\" style=\"text-align:center\"><div class=\"uvc-main-heading ult-responsive\"  data-ultimate-target='.uvc-heading.ultimate-heading-440769d5258246504 h2'  data-responsive-json-new='{\"font-size\":\"desktop:30px;\",\"line-height\":\"desktop:36px;\"}' ><h2 style=\"font-weight:bold;margin-bottom:5px;\">The benefits for you<\/h2><\/div><div class=\"uvc-heading-spacer line_only\" style=\"margin-bottom:30px;height:5px;\"><span class=\"uvc-headings-line\" style=\"border-style:solid;border-bottom-width:5px;border-color:;width:200px;\"><\/span><\/div><\/div><div class=\"standard-arrow bullet-top\"><ul>\n<li>Processes are better understood and efficiently operated<\/li>\n<li>Resources are used more sparingly and process times are shortened<\/li>\n<li>\u00a0Errors can be detected and responded to quickly<\/li>\n<li>\u00a0Risks are minimised and reliability is improved<\/li>\n<li>\u00a0More stringent specifications can be set and systems are better utilised<\/li>\n<li>\u00a0Reproducibility and batch-to-batch consistency are improved<\/li>\n<li>\u00a0Developments are made more quickly and upscaling times are reduced<\/li>\n<\/ul>\n<\/div>[\/vc_column_inner][vc_column_inner width=&#8221;1\/2&#8243;]<div id=\"ultimate-heading-651169d52582465f4\" class=\"uvc-heading ult-adjust-bottom-margin ultimate-heading-651169d52582465f4 uvc-8464 accent-border-color\" data-hspacer=\"line_only\"  data-halign=\"center\" style=\"text-align:center\"><div class=\"uvc-main-heading ult-responsive\"  data-ultimate-target='.uvc-heading.ultimate-heading-651169d52582465f4 h2'  data-responsive-json-new='{\"font-size\":\"desktop:30px;\",\"line-height\":\"desktop:36px;\"}' ><h2 style=\"font-weight:bold;margin-bottom:5px;\">What we offer<\/h2><\/div><div class=\"uvc-heading-spacer line_only\" style=\"margin-bottom:30px;height:5px;\"><span class=\"uvc-headings-line\" style=\"border-style:solid;border-bottom-width:5px;border-color:;width:200px;\"><\/span><\/div><\/div>[vc_column_text]We offer you the chance to find out about our measuring probes and, together with our process specialists, to discover the benefits of inline particle measurement for your production processes. We also bring more than 20 years of experience in process measurement and more than 350 installed measurement systems to the table.<\/p>\n<p class=\"Pa6\">Every process is individual, so there\u2019s nothing that can replace a practical test. Flexible trialling options \u2013 from a 1-day test to a full test week or multi-week device leasing including support by one of our specialists, for extra certainty before making a purchase decision.<\/p>\n<p>[\/vc_column_text][\/vc_column_inner][\/vc_row_inner][\/vc_column][\/vc_row][vc_row type=&#8221;vc_default&#8221; css=&#8221;.vc_custom_1508251081628{padding-top: 50px !important;padding-bottom: 25px !important;}&#8221;][vc_column offset=&#8221;vc_col-lg-6 vc_col-md-6 vc_col-xs-12&#8243; css=&#8221;.vc_custom_1476005293248{padding-bottom: 50px !important;}&#8221;]<div id=\"ultimate-heading-470569d5258246642\" class=\"uvc-heading ult-adjust-bottom-margin ultimate-heading-470569d5258246642 uvc-9517 accent-border-color\" data-hspacer=\"line_only\"  data-halign=\"center\" style=\"text-align:center\"><div class=\"uvc-main-heading ult-responsive\"  data-ultimate-target='.uvc-heading.ultimate-heading-470569d5258246642 h2'  data-responsive-json-new='{\"font-size\":\"desktop:30px;\",\"line-height\":\"desktop:36px;\"}' ><h2 style=\"font-weight:bold;margin-bottom:5px;\">5 reasons to put your trust in us<\/h2><\/div><div class=\"uvc-heading-spacer line_only\" style=\"margin-bottom:30px;height:5px;\"><span class=\"uvc-headings-line\" style=\"border-style:solid;border-bottom-width:5px;border-color:;width:200px;\"><\/span><\/div><\/div><div class=\"standard-arrow bullet-top\"><ol>\n<li>We have 20 years of experience and expertise from a large number of installed inline measurement probes covering an extremely wide range of applications.<\/li>\n<li>Comprehensive testing options and on-site trials give you security.<\/li>\n<li>The most recent findings from joint R&amp;D projects with universities, users and plant manufacturers are directly incorporated into our products.<\/li>\n<li>\u00a0Parsum stands for complete solutions, ranging from consultancy, trialling, installation and software integration right through to employee training and after-sales service.<\/li>\n<li>\u00a0As a small company, we can respond flexibly to your requirements and can quickly implement even special solutions.<\/li>\n<\/ol>\n<\/div>[\/vc_column][vc_column offset=&#8221;vc_col-lg-6 vc_col-md-6 vc_col-xs-12&#8243; css=&#8221;.vc_custom_1476005300152{padding-bottom: 50px !important;}&#8221;]<div id=\"ultimate-heading-415269d52582466ee\" class=\"uvc-heading ult-adjust-bottom-margin ultimate-heading-415269d52582466ee uvc-7518 accent-border-color\" data-hspacer=\"line_only\"  data-halign=\"center\" style=\"text-align:center\"><div class=\"uvc-main-heading ult-responsive\"  data-ultimate-target='.uvc-heading.ultimate-heading-415269d52582466ee h2'  data-responsive-json-new='{\"font-size\":\"desktop:30px;\",\"line-height\":\"desktop:36px;\"}' ><h2 style=\"font-weight:bold;margin-bottom:5px;\">Why Parsum?<\/h2><\/div><div class=\"uvc-heading-spacer line_only\" style=\"margin-bottom:30px;height:5px;\"><span class=\"uvc-headings-line\" style=\"border-style:solid;border-bottom-width:5px;border-color:;width:200px;\"><\/span><\/div><\/div>[vc_progress_bar values=&#8221;%5B%7B%22label%22%3A%2220%20YEARS%CA%BC%20EXPERIENCE%22%2C%22value%22%3A%2295%22%7D%2C%7B%22label%22%3A%22PATENTED%20MEASURING%20PRINCIPLE%22%2C%22value%22%3A%2280%22%7D%2C%7B%22label%22%3A%22IN-HOUSE%20RESEARCH%20%26%20DEVELOPMENT%22%2C%22value%22%3A%2270%22%7D%2C%7B%22label%22%3A%22ISO%20CERTIFICATION%22%2C%22value%22%3A%2265%22%7D%5D&#8221; options=&#8221;striped,animated&#8221; caption_pos=&#8221;top&#8221;][\/vc_column][\/vc_row]<\/p>\n<\/div>","protected":false},"excerpt":{"rendered":"<p>[vc_row css=&#8221;.vc_custom_1512999753848{padding-top: 70px !important;}&#8221;][vc_column][\/vc_column][\/vc_row][vc_row content_placement=&#8221;top&#8221; type=&#8221;vc_default&#8221; margin_top=&#8221;10&#8243; margin_bottom=&#8221;25&#8243;][vc_column width=&#8221;1\/2&#8243; css=&#8221;.vc_custom_1508243083034{padding-bottom: 30px !important;}&#8221; offset=&#8221;vc_col-lg-offset-0 vc_col-lg-6 vc_col-md-offset-0 vc_col-md-6 vc_col-sm-offset-2 vc_col-xs-12&#8243;][vc_column_text]Founded in 1997 by former employees of the Chemnitz University of Technology, Parsum GmbH is now an internationally recognised provider of PAT solutions for the chemical and pharmaceutical industries. The company set out with a patented measuring method&hellip;<\/p>\n","protected":false},"author":1,"featured_media":0,"parent":0,"menu_order":0,"comment_status":"closed","ping_status":"closed","template":"","meta":{"footnotes":""},"class_list":["post-49","page","type-page","status-publish","hentry","description-off"],"yoast_head":"<!-- This site is optimized with the Yoast SEO plugin v25.1 - https:\/\/yoast.com\/wordpress\/plugins\/seo\/ -->\n<title>Company - Parsum EN<\/title>\n<meta name=\"robots\" content=\"index, follow, max-snippet:-1, max-image-preview:large, max-video-preview:-1\" \/>\n<link rel=\"canonical\" href=\"https:\/\/www.parsum.de\/en\/company\/\" \/>\n<meta property=\"og:locale\" content=\"en_GB\" \/>\n<meta property=\"og:type\" content=\"article\" \/>\n<meta property=\"og:title\" content=\"Company - Parsum EN\" \/>\n<meta property=\"og:description\" content=\"[vc_row css=&#8221;.vc_custom_1512999753848{padding-top: 70px !important;}&#8221;][vc_column][\/vc_column][\/vc_row][vc_row content_placement=&#8221;top&#8221; type=&#8221;vc_default&#8221; margin_top=&#8221;10&#8243; margin_bottom=&#8221;25&#8243;][vc_column width=&#8221;1\/2&#8243; css=&#8221;.vc_custom_1508243083034{padding-bottom: 30px !important;}&#8221; offset=&#8221;vc_col-lg-offset-0 vc_col-lg-6 vc_col-md-offset-0 vc_col-md-6 vc_col-sm-offset-2 vc_col-xs-12&#8243;][vc_column_text]Founded in 1997 by former employees of the Chemnitz University of Technology, Parsum GmbH is now an internationally recognised provider of PAT solutions for the chemical and pharmaceutical industries. The company set out with a patented measuring method&hellip;\" \/>\n<meta property=\"og:url\" content=\"https:\/\/www.parsum.de\/en\/company\/\" \/>\n<meta property=\"og:site_name\" content=\"Parsum EN\" \/>\n<meta property=\"article:modified_time\" content=\"2018-04-18T10:23:42+00:00\" \/>\n<meta name=\"twitter:card\" content=\"summary_large_image\" \/>\n<meta name=\"twitter:label1\" content=\"Estimated reading time\" \/>\n\t<meta name=\"twitter:data1\" content=\"6 minutes\" \/>\n<script type=\"application\/ld+json\" class=\"yoast-schema-graph\">{\"@context\":\"https:\/\/schema.org\",\"@graph\":[{\"@type\":\"WebPage\",\"@id\":\"https:\/\/www.parsum.de\/en\/company\/\",\"url\":\"https:\/\/www.parsum.de\/en\/company\/\",\"name\":\"Company - Parsum EN\",\"isPartOf\":{\"@id\":\"https:\/\/www.parsum.de\/en\/#website\"},\"datePublished\":\"2018-04-18T09:20:16+00:00\",\"dateModified\":\"2018-04-18T10:23:42+00:00\",\"breadcrumb\":{\"@id\":\"https:\/\/www.parsum.de\/en\/company\/#breadcrumb\"},\"inLanguage\":\"en-GB\",\"potentialAction\":[{\"@type\":\"ReadAction\",\"target\":[\"https:\/\/www.parsum.de\/en\/company\/\"]}]},{\"@type\":\"BreadcrumbList\",\"@id\":\"https:\/\/www.parsum.de\/en\/company\/#breadcrumb\",\"itemListElement\":[{\"@type\":\"ListItem\",\"position\":1,\"name\":\"Startseite\",\"item\":\"https:\/\/www.parsum.de\/en\/\"},{\"@type\":\"ListItem\",\"position\":2,\"name\":\"Company\"}]},{\"@type\":\"WebSite\",\"@id\":\"https:\/\/www.parsum.de\/en\/#website\",\"url\":\"https:\/\/www.parsum.de\/en\/\",\"name\":\"Parsum EN\",\"description\":\"Gesellschaft f\u00fcr Partikel-, Str\u00f6mungs- und Umweltme\u00dftechnik mbH\",\"potentialAction\":[{\"@type\":\"SearchAction\",\"target\":{\"@type\":\"EntryPoint\",\"urlTemplate\":\"https:\/\/www.parsum.de\/en\/?s={search_term_string}\"},\"query-input\":{\"@type\":\"PropertyValueSpecification\",\"valueRequired\":true,\"valueName\":\"search_term_string\"}}],\"inLanguage\":\"en-GB\"}]}<\/script>\n<!-- \/ Yoast SEO plugin. -->","yoast_head_json":{"title":"Company - Parsum EN","robots":{"index":"index","follow":"follow","max-snippet":"max-snippet:-1","max-image-preview":"max-image-preview:large","max-video-preview":"max-video-preview:-1"},"canonical":"https:\/\/www.parsum.de\/en\/company\/","og_locale":"en_GB","og_type":"article","og_title":"Company - Parsum EN","og_description":"[vc_row css=&#8221;.vc_custom_1512999753848{padding-top: 70px !important;}&#8221;][vc_column][\/vc_column][\/vc_row][vc_row content_placement=&#8221;top&#8221; type=&#8221;vc_default&#8221; margin_top=&#8221;10&#8243; margin_bottom=&#8221;25&#8243;][vc_column width=&#8221;1\/2&#8243; css=&#8221;.vc_custom_1508243083034{padding-bottom: 30px !important;}&#8221; offset=&#8221;vc_col-lg-offset-0 vc_col-lg-6 vc_col-md-offset-0 vc_col-md-6 vc_col-sm-offset-2 vc_col-xs-12&#8243;][vc_column_text]Founded in 1997 by former employees of the Chemnitz University of Technology, Parsum GmbH is now an internationally recognised provider of PAT solutions for the chemical and pharmaceutical industries. The company set out with a patented measuring method&hellip;","og_url":"https:\/\/www.parsum.de\/en\/company\/","og_site_name":"Parsum EN","article_modified_time":"2018-04-18T10:23:42+00:00","twitter_card":"summary_large_image","twitter_misc":{"Estimated reading time":"6 minutes"},"schema":{"@context":"https:\/\/schema.org","@graph":[{"@type":"WebPage","@id":"https:\/\/www.parsum.de\/en\/company\/","url":"https:\/\/www.parsum.de\/en\/company\/","name":"Company - Parsum EN","isPartOf":{"@id":"https:\/\/www.parsum.de\/en\/#website"},"datePublished":"2018-04-18T09:20:16+00:00","dateModified":"2018-04-18T10:23:42+00:00","breadcrumb":{"@id":"https:\/\/www.parsum.de\/en\/company\/#breadcrumb"},"inLanguage":"en-GB","potentialAction":[{"@type":"ReadAction","target":["https:\/\/www.parsum.de\/en\/company\/"]}]},{"@type":"BreadcrumbList","@id":"https:\/\/www.parsum.de\/en\/company\/#breadcrumb","itemListElement":[{"@type":"ListItem","position":1,"name":"Startseite","item":"https:\/\/www.parsum.de\/en\/"},{"@type":"ListItem","position":2,"name":"Company"}]},{"@type":"WebSite","@id":"https:\/\/www.parsum.de\/en\/#website","url":"https:\/\/www.parsum.de\/en\/","name":"Parsum EN","description":"Gesellschaft f\u00fcr Partikel-, Str\u00f6mungs- und Umweltme\u00dftechnik mbH","potentialAction":[{"@type":"SearchAction","target":{"@type":"EntryPoint","urlTemplate":"https:\/\/www.parsum.de\/en\/?s={search_term_string}"},"query-input":{"@type":"PropertyValueSpecification","valueRequired":true,"valueName":"search_term_string"}}],"inLanguage":"en-GB"}]}},"_links":{"self":[{"href":"https:\/\/www.parsum.de\/en\/wp-json\/wp\/v2\/pages\/49","targetHints":{"allow":["GET"]}}],"collection":[{"href":"https:\/\/www.parsum.de\/en\/wp-json\/wp\/v2\/pages"}],"about":[{"href":"https:\/\/www.parsum.de\/en\/wp-json\/wp\/v2\/types\/page"}],"author":[{"embeddable":true,"href":"https:\/\/www.parsum.de\/en\/wp-json\/wp\/v2\/users\/1"}],"replies":[{"embeddable":true,"href":"https:\/\/www.parsum.de\/en\/wp-json\/wp\/v2\/comments?post=49"}],"version-history":[{"count":4,"href":"https:\/\/www.parsum.de\/en\/wp-json\/wp\/v2\/pages\/49\/revisions"}],"predecessor-version":[{"id":84,"href":"https:\/\/www.parsum.de\/en\/wp-json\/wp\/v2\/pages\/49\/revisions\/84"}],"wp:attachment":[{"href":"https:\/\/www.parsum.de\/en\/wp-json\/wp\/v2\/media?parent=49"}],"curies":[{"name":"wp","href":"https:\/\/api.w.org\/{rel}","templated":true}]}}