{"id":87,"date":"2018-04-18T13:17:31","date_gmt":"2018-04-18T11:17:31","guid":{"rendered":"http:\/\/www.parsum.de\/en\/?page_id=87"},"modified":"2026-03-24T00:51:30","modified_gmt":"2026-03-23T23:51:30","slug":"partner","status":"publish","type":"page","link":"https:\/\/www.parsum.de\/en\/company\/partner\/","title":{"rendered":"Partner"},"content":{"rendered":"<div class=\"wpb-content-wrapper\"><p>[vc_row css=&#8221;.vc_custom_1508310759674{padding-top: 70px !important;}&#8221;][vc_column][vc_column_text]In order to be able to supply our measuring systems worldwide, we have a long-standing and exclusive distribution partnership with Malvern Instruments Ltd, Malvern UK, known as Malvern-Panalytical since 2017.<\/p>\n<p><a href=\"https:\/\/www.malvern.com\/en\/products\/product-range\/parsum-range\" target=\"_blank\" rel=\"noopener\">More about Parsum at Malvern<\/a>[\/vc_column_text][\/vc_column][\/vc_row][vc_row][vc_column width=&#8221;1\/3&#8243;][vc_single_image image=&#8221;89&#8243; img_size=&#8221;full&#8221; onclick=&#8221;custom_link&#8221; img_link_target=&#8221;_blank&#8221; image_hovers=&#8221;false&#8221; lazy_loading=&#8221;true&#8221; link=&#8221;http:\/\/www.malvern.com&#8221;][\/vc_column][vc_column width=&#8221;1\/3&#8243;][vc_column_text]<strong>Malvern Panalytical Ltd<\/strong>.<br \/>\nEnigma Business Park<br \/>\nGrovewood Road<br \/>\nMalvern<br \/>\nWorcestershire<br \/>\nUnited Kingdom<br \/>\nWR14 1XZ[\/vc_column_text][\/vc_column][vc_column width=&#8221;1\/3&#8243;][vc_column_text css=&#8221;&#8221;]<strong>Contact partner for Japan, USA, UK and France:<\/strong><\/p>\n<p>Tel: +44 (0) 1684 892456<br \/>\nEmail: <a href=\"mailto:salesinfo@malvern.com\">salesinfo@malvern.com<\/a><br \/>\nInternet: <a href=\"http:\/\/www.malvern.com\" target=\"_blank\" rel=\"noopener\">www.malvern.com<\/a>[\/vc_column_text][\/vc_column][\/vc_row][vc_row][vc_column][vc_empty_space height=&#8221;50px&#8221;][vc_separator style=&#8221;dashed&#8221; border_width=&#8221;3&#8243; css=&#8221;&#8221;][\/vc_column][\/vc_row][vc_row css=&#8221;.vc_custom_1717036657814{margin-bottom: 60px !important;}&#8221;][vc_column width=&#8221;1\/3&#8243;][vc_column_text css=&#8221;&#8221;]<strong>For all other countries &#8211; note that Parsum should be contacted directly.:<\/strong>[\/vc_column_text]<div id=\"modal-trg-txt-wrap-3013\" class=\"ult-modal-input-wrapper ult-adjust-bottom-margin    \" data-keypress-control=\"keypress-control-enable\" data-overlay-control=\"overlay-control-enable\"><span  data-ultimate-target='#modal-trg-txt-wrap-3013 .mycust'  data-responsive-json-new='{\"font-size\":\"\",\"line-height\":\"\"}'  style=\"color:#009a9b;cursor:pointer; \" data-class-id=\"content-69d535ef8c33e8-69446555\" class=\"overlay-show partner-link  ult-responsive mycust ult-align-left\" data-overlay-class=\"overlay-fade\">Ireland \u2013 Particular Sciences<\/span><\/div>\n<div class=\"ult-overlay content-69d535ef8c33e8-69446555 partner\" data-class=\"content-69d535ef8c33e8-69446555\" id=\"button-click-overlay\" style=\"background:rgba(51,51,51,0.6); display:none;\">\n\t<div class=\"ult_modal ult-fade ult-small\">\n\t<div class=\"ult-overlay-close popup-top-right\" style=\"width:30px;height:30px;  \"><div class=\"ult-overlay-close-inside\">Close<\/div><\/div>\n\t\t<div id=\"ult-modal-wrap-355\" class=\"ult_modal-content ult-hide\" style=\"border-style:solid;border-width:2px;border-radius:0px;border-color:#333333;\">\n\t\t\t<div class=\"ult_modal-header\" style=\"color:#333333;border-color:#333333;\">\n\t\t\t\t<h3  data-ultimate-target='#ult-modal-wrap-355 .ult_modal-title'  data-responsive-json-new='{\"font-size\":\"\",\"line-height\":\"\"}'  class=\"ult_modal-title ult-responsive\">Ireland \u2013 Particular Sciences<\/h3>\n\t\t\t<\/div>\n\t\t\t<div  data-ultimate-target='#ult-modal-wrap-355 .ult_modal-body'  data-responsive-json-new='{\"font-size\":\"\",\"line-height\":\"\"}'  class=\"ult_modal-body ult-responsive ult-html\" style=\"\">\n\t\t\tContact person: Donnchadha Quilty<\/p>\n<p>Email: <a href=\"mailto:donq@particular.ie\" target=\"_blank\" rel=\"noopener\">donq@particular.ie<\/a><\/p>\n<p>Telephone number: (+353) 086 028 3357\n\t\t\t<\/div>\n\t<\/div>\n\t<\/div>\n<\/div><div id=\"modal-trg-txt-wrap-2878\" class=\"ult-modal-input-wrapper ult-adjust-bottom-margin    \" data-keypress-control=\"keypress-control-enable\" data-overlay-control=\"overlay-control-enable\"><span  data-ultimate-target='#modal-trg-txt-wrap-2878 .mycust'  data-responsive-json-new='{\"font-size\":\"\",\"line-height\":\"\"}'  style=\"color:#009a9b;cursor:pointer; \" data-class-id=\"content-69d535ef8c3b62-87165789\" class=\"overlay-show partner-link  ult-responsive mycust ult-align-left\" data-overlay-class=\"overlay-fade\">China \u2013 China Orientec<\/span><\/div>\n<div class=\"ult-overlay content-69d535ef8c3b62-87165789 partner\" data-class=\"content-69d535ef8c3b62-87165789\" id=\"button-click-overlay\" style=\"background:rgba(51,51,51,0.6); display:none;\">\n\t<div class=\"ult_modal ult-fade ult-small\">\n\t<div class=\"ult-overlay-close popup-top-right\" style=\"width:30px;height:30px;  \"><div class=\"ult-overlay-close-inside\">Close<\/div><\/div>\n\t\t<div id=\"ult-modal-wrap-1181\" class=\"ult_modal-content ult-hide\" style=\"border-style:solid;border-width:2px;border-radius:0px;border-color:#333333;\">\n\t\t\t<div class=\"ult_modal-header\" style=\"color:#333333;border-color:#333333;\">\n\t\t\t\t<h3  data-ultimate-target='#ult-modal-wrap-1181 .ult_modal-title'  data-responsive-json-new='{\"font-size\":\"\",\"line-height\":\"\"}'  class=\"ult_modal-title ult-responsive\">China \u2013 China Orientec<\/h3>\n\t\t\t<\/div>\n\t\t\t<div  data-ultimate-target='#ult-modal-wrap-1181 .ult_modal-body'  data-responsive-json-new='{\"font-size\":\"\",\"line-height\":\"\"}'  class=\"ult_modal-body ult-responsive ult-html\" style=\"\">\n\t\t\tContact person: Bruce Yang<\/p>\n<p>Email: <a href=\"mailto:sales@sopat-china.com\" target=\"_blank\" rel=\"noopener\">sales@sopat-china.com<\/a><\/p>\n<p>Telephone number: +86-10-84148535<\/p>\n<p>Website: <a href=\"https:\/\/www.china-orientec.com\/product\/13\/\" target=\"_blank\" rel=\"noopener\">Products_Beijing Xingzhihui Science and Trade Co., Ltd (china-orientec.com)<\/a>\n\t\t\t<\/div>\n\t<\/div>\n\t<\/div>\n<\/div><div id=\"modal-trg-txt-wrap-6299\" class=\"ult-modal-input-wrapper ult-adjust-bottom-margin    \" data-keypress-control=\"keypress-control-enable\" data-overlay-control=\"overlay-control-enable\"><span  data-ultimate-target='#modal-trg-txt-wrap-6299 .mycust'  data-responsive-json-new='{\"font-size\":\"\",\"line-height\":\"\"}'  style=\"color:#009a9b;cursor:pointer; \" data-class-id=\"content-69d535ef8c4118-78407458\" class=\"overlay-show partner-link  ult-responsive mycust ult-align-left\" data-overlay-class=\"overlay-fade\">Spain \u2013 IESMAT<\/span><\/div>\n<div class=\"ult-overlay content-69d535ef8c4118-78407458 partner\" data-class=\"content-69d535ef8c4118-78407458\" id=\"button-click-overlay\" style=\"background:rgba(51,51,51,0.6); display:none;\">\n\t<div class=\"ult_modal ult-fade ult-small\">\n\t<div class=\"ult-overlay-close popup-top-right\" style=\"width:30px;height:30px;  \"><div class=\"ult-overlay-close-inside\">Close<\/div><\/div>\n\t\t<div id=\"ult-modal-wrap-4119\" class=\"ult_modal-content ult-hide\" style=\"border-style:solid;border-width:2px;border-radius:0px;border-color:#333333;\">\n\t\t\t<div class=\"ult_modal-header\" style=\"color:#333333;border-color:#333333;\">\n\t\t\t\t<h3  data-ultimate-target='#ult-modal-wrap-4119 .ult_modal-title'  data-responsive-json-new='{\"font-size\":\"\",\"line-height\":\"\"}'  class=\"ult_modal-title ult-responsive\">Spain \u2013 IESMAT<\/h3>\n\t\t\t<\/div>\n\t\t\t<div  data-ultimate-target='#ult-modal-wrap-4119 .ult_modal-body'  data-responsive-json-new='{\"font-size\":\"\",\"line-height\":\"\"}'  class=\"ult_modal-body ult-responsive ult-html\" style=\"\">\n\t\t\tContact person: I\u00f1igo Zabal\u00eda<\/p>\n<p>Email: <a href=\"mailto:inigo.zabalia@iesmat.com\" target=\"_blank\" rel=\"noopener\">inigo.zabalia@iesmat.com<\/a><\/p>\n<p>Telephone number: +34 916508005\n\t\t\t<\/div>\n\t<\/div>\n\t<\/div>\n<\/div><div id=\"modal-trg-txt-wrap-1196\" class=\"ult-modal-input-wrapper ult-adjust-bottom-margin    \" data-keypress-control=\"keypress-control-enable\" data-overlay-control=\"overlay-control-enable\"><span  data-ultimate-target='#modal-trg-txt-wrap-1196 .mycust'  data-responsive-json-new='{\"font-size\":\"\",\"line-height\":\"\"}'  style=\"color:#009a9b;cursor:pointer; \" data-class-id=\"content-69d535ef8c46f5-85196074\" class=\"overlay-show partner-link  ult-responsive mycust ult-align-left\" data-overlay-class=\"overlay-fade\">India \u2013 SPINCO<\/span><\/div>\n<div class=\"ult-overlay content-69d535ef8c46f5-85196074 partner\" data-class=\"content-69d535ef8c46f5-85196074\" id=\"button-click-overlay\" style=\"background:rgba(51,51,51,0.6); display:none;\">\n\t<div class=\"ult_modal ult-fade ult-small\">\n\t<div class=\"ult-overlay-close popup-top-right\" style=\"width:30px;height:30px;  \"><div class=\"ult-overlay-close-inside\">Close<\/div><\/div>\n\t\t<div id=\"ult-modal-wrap-8555\" class=\"ult_modal-content ult-hide\" style=\"border-style:solid;border-width:2px;border-radius:0px;border-color:#333333;\">\n\t\t\t<div class=\"ult_modal-header\" style=\"color:#333333;border-color:#333333;\">\n\t\t\t\t<h3  data-ultimate-target='#ult-modal-wrap-8555 .ult_modal-title'  data-responsive-json-new='{\"font-size\":\"\",\"line-height\":\"\"}'  class=\"ult_modal-title ult-responsive\">India \u2013 SPINCO<\/h3>\n\t\t\t<\/div>\n\t\t\t<div  data-ultimate-target='#ult-modal-wrap-8555 .ult_modal-body'  data-responsive-json-new='{\"font-size\":\"\",\"line-height\":\"\"}'  class=\"ult_modal-body ult-responsive ult-html\" style=\"\">\n\t\t\tContact person: Suresh Raju<\/p>\n<p>Email: <a href=\"mailto:sureshraju.k@spincotech.com\" target=\"_blank\" rel=\"noopener\">sureshraju.k@spincotech.com<\/a><\/p>\n<p>Telephone number: +91 44 45678900<\/p>\n<p>Website: <a href=\"https:\/\/spincotech.com\/\" target=\"_blank\" rel=\"noopener\">Spincotech \u2013 Bringing Technology and Enabling Science<\/a>\n\t\t\t<\/div>\n\t<\/div>\n\t<\/div>\n<\/div><div id=\"modal-trg-txt-wrap-4054\" class=\"ult-modal-input-wrapper ult-adjust-bottom-margin    \" data-keypress-control=\"keypress-control-enable\" data-overlay-control=\"overlay-control-enable\"><span  data-ultimate-target='#modal-trg-txt-wrap-4054 .mycust'  data-responsive-json-new='{\"font-size\":\"\",\"line-height\":\"\"}'  style=\"color:#009a9b;cursor:pointer; \" data-class-id=\"content-69d535ef8c4c21-21480070\" class=\"overlay-show partner-link  ult-responsive mycust ult-align-left\" data-overlay-class=\"overlay-fade\">Korea \u2013 MCIK<\/span><\/div>\n<div class=\"ult-overlay content-69d535ef8c4c21-21480070 partner\" data-class=\"content-69d535ef8c4c21-21480070\" id=\"button-click-overlay\" style=\"background:rgba(51,51,51,0.6); display:none;\">\n\t<div class=\"ult_modal ult-fade ult-small\">\n\t<div class=\"ult-overlay-close popup-top-right\" style=\"width:30px;height:30px;  \"><div class=\"ult-overlay-close-inside\">Close<\/div><\/div>\n\t\t<div id=\"ult-modal-wrap-2918\" class=\"ult_modal-content ult-hide\" style=\"border-style:solid;border-width:2px;border-radius:0px;border-color:#333333;\">\n\t\t\t<div class=\"ult_modal-header\" style=\"color:#333333;border-color:#333333;\">\n\t\t\t\t<h3  data-ultimate-target='#ult-modal-wrap-2918 .ult_modal-title'  data-responsive-json-new='{\"font-size\":\"\",\"line-height\":\"\"}'  class=\"ult_modal-title ult-responsive\">Korea \u2013 MCIK<\/h3>\n\t\t\t<\/div>\n\t\t\t<div  data-ultimate-target='#ult-modal-wrap-2918 .ult_modal-body'  data-responsive-json-new='{\"font-size\":\"\",\"line-height\":\"\"}'  class=\"ult_modal-body ult-responsive ult-html\" style=\"\">\n\t\t\tContact person: Donghyun Kim<\/p>\n<p>Email: <a href=\"mailto:donghyun.kim@mcik.co.kr\" target=\"_blank\" rel=\"noopener\">donghyun.kim@mcik.co.kr<\/a><\/p>\n<p>Telephone number: +82 02-3143-2740<\/p>\n<p>Website: <a href=\"https:\/\/www.mcik.com\/14\" target=\"_blank\" rel=\"noopener\">Welcome to the MCI Co., Ltd. website. (mcik.com)<\/a>\n\t\t\t<\/div>\n\t<\/div>\n\t<\/div>\n<\/div><div id=\"modal-trg-txt-wrap-8336\" class=\"ult-modal-input-wrapper ult-adjust-bottom-margin    \" data-keypress-control=\"keypress-control-enable\" data-overlay-control=\"overlay-control-enable\"><span  data-ultimate-target='#modal-trg-txt-wrap-8336 .mycust'  data-responsive-json-new='{\"font-size\":\"\",\"line-height\":\"\"}'  style=\"color:#009a9b;cursor:pointer; \" data-class-id=\"content-69d535ef8c5111-00119473\" class=\"overlay-show partner-link  ult-responsive mycust ult-align-left\" data-overlay-class=\"overlay-fade\">Turkey \u2013 IO Process<\/span><\/div>\n<div class=\"ult-overlay content-69d535ef8c5111-00119473 partner\" data-class=\"content-69d535ef8c5111-00119473\" id=\"button-click-overlay\" style=\"background:rgba(51,51,51,0.6); display:none;\">\n\t<div class=\"ult_modal ult-fade ult-small\">\n\t<div class=\"ult-overlay-close popup-top-right\" style=\"width:30px;height:30px;  \"><div class=\"ult-overlay-close-inside\">Close<\/div><\/div>\n\t\t<div id=\"ult-modal-wrap-9522\" class=\"ult_modal-content ult-hide\" style=\"border-style:solid;border-width:2px;border-radius:0px;border-color:#333333;\">\n\t\t\t<div class=\"ult_modal-header\" style=\"color:#333333;border-color:#333333;\">\n\t\t\t\t<h3  data-ultimate-target='#ult-modal-wrap-9522 .ult_modal-title'  data-responsive-json-new='{\"font-size\":\"\",\"line-height\":\"\"}'  class=\"ult_modal-title ult-responsive\">Turkey \u2013 IO Process<\/h3>\n\t\t\t<\/div>\n\t\t\t<div  data-ultimate-target='#ult-modal-wrap-9522 .ult_modal-body'  data-responsive-json-new='{\"font-size\":\"\",\"line-height\":\"\"}'  class=\"ult_modal-body ult-responsive ult-html\" style=\"\">\n\t\t\tContact person: \u00a0Abdurrahman Ayar<\/p>\n<p>Email: <a href=\"mailto:abdurrahman.ayar@ioprocess.com.tr\" target=\"_blank\" rel=\"noopener\">abdurrahman.ayar@ioprocess.com.tr<\/a><\/p>\n<p>Telephone number: +90 232 999 13 05<\/p>\n<p>Website: <a href=\"https:\/\/ioprocess.com.tr\/urun-kategori\/parsum\/\" target=\"_blank\" rel=\"noopener\">Parsum \u2013 IO Process<\/a>\n\t\t\t<\/div>\n\t<\/div>\n\t<\/div>\n<\/div>[\/vc_column][vc_column width=&#8221;1\/3&#8243;][\/vc_column][vc_column width=&#8221;1\/3&#8243;][\/vc_column][\/vc_row]<\/p>\n<\/div>","protected":false},"excerpt":{"rendered":"<p>[vc_row css=&#8221;.vc_custom_1508310759674{padding-top: 70px !important;}&#8221;][vc_column][vc_column_text]In order to be able to supply our measuring systems worldwide, we have a long-standing and exclusive distribution partnership with Malvern Instruments Ltd, Malvern UK, known as Malvern-Panalytical since 2017. More about Parsum at Malvern[\/vc_column_text][\/vc_column][\/vc_row][vc_row][vc_column width=&#8221;1\/3&#8243;][vc_single_image image=&#8221;89&#8243; img_size=&#8221;full&#8221; onclick=&#8221;custom_link&#8221; img_link_target=&#8221;_blank&#8221; image_hovers=&#8221;false&#8221; lazy_loading=&#8221;true&#8221; link=&#8221;http:\/\/www.malvern.com&#8221;][\/vc_column][vc_column width=&#8221;1\/3&#8243;][vc_column_text]Malvern Panalytical Ltd. Enigma Business Park Grovewood Road Malvern&hellip;<\/p>\n","protected":false},"author":1,"featured_media":0,"parent":49,"menu_order":0,"comment_status":"closed","ping_status":"closed","template":"","meta":{"footnotes":""},"class_list":["post-87","page","type-page","status-publish","hentry","description-off"],"yoast_head":"<!-- This site is optimized with the Yoast SEO plugin v25.1 - https:\/\/yoast.com\/wordpress\/plugins\/seo\/ -->\n<title>Partner - Parsum EN<\/title>\n<meta name=\"robots\" content=\"index, follow, max-snippet:-1, max-image-preview:large, max-video-preview:-1\" \/>\n<link rel=\"canonical\" href=\"https:\/\/www.parsum.de\/en\/company\/partner\/\" \/>\n<meta property=\"og:locale\" content=\"en_GB\" \/>\n<meta property=\"og:type\" content=\"article\" \/>\n<meta property=\"og:title\" content=\"Partner - Parsum EN\" \/>\n<meta property=\"og:description\" content=\"[vc_row css=&#8221;.vc_custom_1508310759674{padding-top: 70px !important;}&#8221;][vc_column][vc_column_text]In order to be able to supply our measuring systems worldwide, we have a long-standing and exclusive distribution partnership with Malvern Instruments Ltd, Malvern UK, known as Malvern-Panalytical since 2017. More about Parsum at Malvern[\/vc_column_text][\/vc_column][\/vc_row][vc_row][vc_column width=&#8221;1\/3&#8243;][vc_single_image image=&#8221;89&#8243; img_size=&#8221;full&#8221; onclick=&#8221;custom_link&#8221; img_link_target=&#8221;_blank&#8221; image_hovers=&#8221;false&#8221; lazy_loading=&#8221;true&#8221; link=&#8221;http:\/\/www.malvern.com&#8221;][\/vc_column][vc_column width=&#8221;1\/3&#8243;][vc_column_text]Malvern Panalytical Ltd. Enigma Business Park Grovewood Road Malvern&hellip;\" \/>\n<meta property=\"og:url\" content=\"https:\/\/www.parsum.de\/en\/company\/partner\/\" \/>\n<meta property=\"og:site_name\" content=\"Parsum EN\" \/>\n<meta property=\"article:modified_time\" content=\"2026-03-23T23:51:30+00:00\" \/>\n<meta name=\"twitter:card\" content=\"summary_large_image\" \/>\n<meta name=\"twitter:label1\" content=\"Estimated reading time\" \/>\n\t<meta name=\"twitter:data1\" content=\"2 minutes\" \/>\n<script type=\"application\/ld+json\" class=\"yoast-schema-graph\">{\"@context\":\"https:\/\/schema.org\",\"@graph\":[{\"@type\":\"WebPage\",\"@id\":\"https:\/\/www.parsum.de\/en\/company\/partner\/\",\"url\":\"https:\/\/www.parsum.de\/en\/company\/partner\/\",\"name\":\"Partner - Parsum EN\",\"isPartOf\":{\"@id\":\"https:\/\/www.parsum.de\/en\/#website\"},\"datePublished\":\"2018-04-18T11:17:31+00:00\",\"dateModified\":\"2026-03-23T23:51:30+00:00\",\"breadcrumb\":{\"@id\":\"https:\/\/www.parsum.de\/en\/company\/partner\/#breadcrumb\"},\"inLanguage\":\"en-GB\",\"potentialAction\":[{\"@type\":\"ReadAction\",\"target\":[\"https:\/\/www.parsum.de\/en\/company\/partner\/\"]}]},{\"@type\":\"BreadcrumbList\",\"@id\":\"https:\/\/www.parsum.de\/en\/company\/partner\/#breadcrumb\",\"itemListElement\":[{\"@type\":\"ListItem\",\"position\":1,\"name\":\"Startseite\",\"item\":\"https:\/\/www.parsum.de\/en\/\"},{\"@type\":\"ListItem\",\"position\":2,\"name\":\"Company\",\"item\":\"https:\/\/www.parsum.de\/en\/company\/\"},{\"@type\":\"ListItem\",\"position\":3,\"name\":\"Partner\"}]},{\"@type\":\"WebSite\",\"@id\":\"https:\/\/www.parsum.de\/en\/#website\",\"url\":\"https:\/\/www.parsum.de\/en\/\",\"name\":\"Parsum EN\",\"description\":\"Gesellschaft f\u00fcr Partikel-, Str\u00f6mungs- und Umweltme\u00dftechnik mbH\",\"potentialAction\":[{\"@type\":\"SearchAction\",\"target\":{\"@type\":\"EntryPoint\",\"urlTemplate\":\"https:\/\/www.parsum.de\/en\/?s={search_term_string}\"},\"query-input\":{\"@type\":\"PropertyValueSpecification\",\"valueRequired\":true,\"valueName\":\"search_term_string\"}}],\"inLanguage\":\"en-GB\"}]}<\/script>\n<!-- \/ Yoast SEO plugin. -->","yoast_head_json":{"title":"Partner - Parsum EN","robots":{"index":"index","follow":"follow","max-snippet":"max-snippet:-1","max-image-preview":"max-image-preview:large","max-video-preview":"max-video-preview:-1"},"canonical":"https:\/\/www.parsum.de\/en\/company\/partner\/","og_locale":"en_GB","og_type":"article","og_title":"Partner - Parsum EN","og_description":"[vc_row css=&#8221;.vc_custom_1508310759674{padding-top: 70px !important;}&#8221;][vc_column][vc_column_text]In order to be able to supply our measuring systems worldwide, we have a long-standing and exclusive distribution partnership with Malvern Instruments Ltd, Malvern UK, known as Malvern-Panalytical since 2017. More about Parsum at Malvern[\/vc_column_text][\/vc_column][\/vc_row][vc_row][vc_column width=&#8221;1\/3&#8243;][vc_single_image image=&#8221;89&#8243; img_size=&#8221;full&#8221; onclick=&#8221;custom_link&#8221; img_link_target=&#8221;_blank&#8221; image_hovers=&#8221;false&#8221; lazy_loading=&#8221;true&#8221; link=&#8221;http:\/\/www.malvern.com&#8221;][\/vc_column][vc_column width=&#8221;1\/3&#8243;][vc_column_text]Malvern Panalytical Ltd. Enigma Business Park Grovewood Road Malvern&hellip;","og_url":"https:\/\/www.parsum.de\/en\/company\/partner\/","og_site_name":"Parsum EN","article_modified_time":"2026-03-23T23:51:30+00:00","twitter_card":"summary_large_image","twitter_misc":{"Estimated reading time":"2 minutes"},"schema":{"@context":"https:\/\/schema.org","@graph":[{"@type":"WebPage","@id":"https:\/\/www.parsum.de\/en\/company\/partner\/","url":"https:\/\/www.parsum.de\/en\/company\/partner\/","name":"Partner - Parsum EN","isPartOf":{"@id":"https:\/\/www.parsum.de\/en\/#website"},"datePublished":"2018-04-18T11:17:31+00:00","dateModified":"2026-03-23T23:51:30+00:00","breadcrumb":{"@id":"https:\/\/www.parsum.de\/en\/company\/partner\/#breadcrumb"},"inLanguage":"en-GB","potentialAction":[{"@type":"ReadAction","target":["https:\/\/www.parsum.de\/en\/company\/partner\/"]}]},{"@type":"BreadcrumbList","@id":"https:\/\/www.parsum.de\/en\/company\/partner\/#breadcrumb","itemListElement":[{"@type":"ListItem","position":1,"name":"Startseite","item":"https:\/\/www.parsum.de\/en\/"},{"@type":"ListItem","position":2,"name":"Company","item":"https:\/\/www.parsum.de\/en\/company\/"},{"@type":"ListItem","position":3,"name":"Partner"}]},{"@type":"WebSite","@id":"https:\/\/www.parsum.de\/en\/#website","url":"https:\/\/www.parsum.de\/en\/","name":"Parsum EN","description":"Gesellschaft f\u00fcr Partikel-, Str\u00f6mungs- und Umweltme\u00dftechnik mbH","potentialAction":[{"@type":"SearchAction","target":{"@type":"EntryPoint","urlTemplate":"https:\/\/www.parsum.de\/en\/?s={search_term_string}"},"query-input":{"@type":"PropertyValueSpecification","valueRequired":true,"valueName":"search_term_string"}}],"inLanguage":"en-GB"}]}},"_links":{"self":[{"href":"https:\/\/www.parsum.de\/en\/wp-json\/wp\/v2\/pages\/87","targetHints":{"allow":["GET"]}}],"collection":[{"href":"https:\/\/www.parsum.de\/en\/wp-json\/wp\/v2\/pages"}],"about":[{"href":"https:\/\/www.parsum.de\/en\/wp-json\/wp\/v2\/types\/page"}],"author":[{"embeddable":true,"href":"https:\/\/www.parsum.de\/en\/wp-json\/wp\/v2\/users\/1"}],"replies":[{"embeddable":true,"href":"https:\/\/www.parsum.de\/en\/wp-json\/wp\/v2\/comments?post=87"}],"version-history":[{"count":9,"href":"https:\/\/www.parsum.de\/en\/wp-json\/wp\/v2\/pages\/87\/revisions"}],"predecessor-version":[{"id":642,"href":"https:\/\/www.parsum.de\/en\/wp-json\/wp\/v2\/pages\/87\/revisions\/642"}],"up":[{"embeddable":true,"href":"https:\/\/www.parsum.de\/en\/wp-json\/wp\/v2\/pages\/49"}],"wp:attachment":[{"href":"https:\/\/www.parsum.de\/en\/wp-json\/wp\/v2\/media?parent=87"}],"curies":[{"name":"wp","href":"https:\/\/api.w.org\/{rel}","templated":true}]}}