{"id":92,"date":"2018-04-18T13:26:44","date_gmt":"2018-04-18T11:26:44","guid":{"rendered":"http:\/\/www.parsum.de\/en\/?page_id=92"},"modified":"2024-05-30T00:49:29","modified_gmt":"2024-05-29T22:49:29","slug":"certifications","status":"publish","type":"page","link":"https:\/\/www.parsum.de\/en\/company\/certifications\/","title":{"rendered":"Certifications"},"content":{"rendered":"<div class=\"wpb-content-wrapper\"><p>[vc_row css=&#8221;.vc_custom_1508311552159{padding-top: 70px !important;}&#8221;][vc_column][vc_column_text css=&#8221;&#8221;]<img loading=\"lazy\" decoding=\"async\" class=\"alignleft size-full wp-image-93\" src=\"\/en\/wp-content\/uploads\/sites\/2\/2018\/04\/zertifikat01_200-1-1.png\" alt=\"\" width=\"150\" height=\"147\" \/><\/p>\n<p>Since 2009, we have been using an ISO 9001:2008-compliant quality management system certified by SGS International Certification Services in Hamburg, <span id=\"result_box\" class=\"short_text\" lang=\"en\" tabindex=\"-1\">which was updated\u00a0to the current\u00a0ISO 9001: 2015 system in 2018.<\/span><\/p>\n<p>We see this as an important step towards guaranteeing our customers optimal quality at all times with the continuing advanced development of our measuring systems. Our quality-management system covers all operational processes relating to the development, production and distribution of measuring instruments for inline particle measurement.<\/p>\n<p><a href=\"https:\/\/www.parsum.de\/en\/wp-content\/uploads\/sites\/2\/2024\/05\/Zertifikat_2024-2027_en.pdf\" target=\"_blank\" rel=\"noopener\">Download ISO 9001:2015 certificate (PDF)<\/a>[\/vc_column_text][vc_empty_space height=&#8221;50px&#8221;][\/vc_column][\/vc_row]<\/p>\n<\/div>","protected":false},"excerpt":{"rendered":"<p>[vc_row css=&#8221;.vc_custom_1508311552159{padding-top: 70px !important;}&#8221;][vc_column][vc_column_text css=&#8221;&#8221;] Since 2009, we have been using an ISO 9001:2008-compliant quality management system certified by SGS International Certification Services in Hamburg, which was updated\u00a0to the current\u00a0ISO 9001: 2015 system in 2018. We see this as an important step towards guaranteeing our customers optimal quality at all times with the continuing advanced&hellip;<\/p>\n","protected":false},"author":1,"featured_media":0,"parent":49,"menu_order":0,"comment_status":"closed","ping_status":"closed","template":"","meta":{"footnotes":""},"class_list":["post-92","page","type-page","status-publish","hentry","description-off"],"yoast_head":"<!-- This site is optimized with the Yoast SEO plugin v25.1 - https:\/\/yoast.com\/wordpress\/plugins\/seo\/ -->\n<title>Certifications - Parsum EN<\/title>\n<meta name=\"robots\" content=\"index, follow, max-snippet:-1, max-image-preview:large, max-video-preview:-1\" \/>\n<link rel=\"canonical\" href=\"https:\/\/www.parsum.de\/en\/company\/certifications\/\" \/>\n<meta property=\"og:locale\" content=\"en_GB\" \/>\n<meta property=\"og:type\" content=\"article\" \/>\n<meta property=\"og:title\" content=\"Certifications - Parsum EN\" \/>\n<meta property=\"og:description\" content=\"[vc_row css=&#8221;.vc_custom_1508311552159{padding-top: 70px !important;}&#8221;][vc_column][vc_column_text css=&#8221;&#8221;] Since 2009, we have been using an ISO 9001:2008-compliant quality management system certified by SGS International Certification Services in Hamburg, which was updated\u00a0to the current\u00a0ISO 9001: 2015 system in 2018. We see this as an important step towards guaranteeing our customers optimal quality at all times with the continuing advanced&hellip;\" \/>\n<meta property=\"og:url\" content=\"https:\/\/www.parsum.de\/en\/company\/certifications\/\" \/>\n<meta property=\"og:site_name\" content=\"Parsum EN\" \/>\n<meta property=\"article:modified_time\" content=\"2024-05-29T22:49:29+00:00\" \/>\n<meta name=\"twitter:card\" content=\"summary_large_image\" \/>\n<meta name=\"twitter:label1\" content=\"Estimated reading time\" \/>\n\t<meta name=\"twitter:data1\" content=\"1 minute\" \/>\n<script type=\"application\/ld+json\" class=\"yoast-schema-graph\">{\"@context\":\"https:\/\/schema.org\",\"@graph\":[{\"@type\":\"WebPage\",\"@id\":\"https:\/\/www.parsum.de\/en\/company\/certifications\/\",\"url\":\"https:\/\/www.parsum.de\/en\/company\/certifications\/\",\"name\":\"Certifications - Parsum EN\",\"isPartOf\":{\"@id\":\"https:\/\/www.parsum.de\/en\/#website\"},\"datePublished\":\"2018-04-18T11:26:44+00:00\",\"dateModified\":\"2024-05-29T22:49:29+00:00\",\"breadcrumb\":{\"@id\":\"https:\/\/www.parsum.de\/en\/company\/certifications\/#breadcrumb\"},\"inLanguage\":\"en-GB\",\"potentialAction\":[{\"@type\":\"ReadAction\",\"target\":[\"https:\/\/www.parsum.de\/en\/company\/certifications\/\"]}]},{\"@type\":\"BreadcrumbList\",\"@id\":\"https:\/\/www.parsum.de\/en\/company\/certifications\/#breadcrumb\",\"itemListElement\":[{\"@type\":\"ListItem\",\"position\":1,\"name\":\"Startseite\",\"item\":\"https:\/\/www.parsum.de\/en\/\"},{\"@type\":\"ListItem\",\"position\":2,\"name\":\"Company\",\"item\":\"https:\/\/www.parsum.de\/en\/company\/\"},{\"@type\":\"ListItem\",\"position\":3,\"name\":\"Certifications\"}]},{\"@type\":\"WebSite\",\"@id\":\"https:\/\/www.parsum.de\/en\/#website\",\"url\":\"https:\/\/www.parsum.de\/en\/\",\"name\":\"Parsum EN\",\"description\":\"Gesellschaft f\u00fcr Partikel-, Str\u00f6mungs- und Umweltme\u00dftechnik mbH\",\"potentialAction\":[{\"@type\":\"SearchAction\",\"target\":{\"@type\":\"EntryPoint\",\"urlTemplate\":\"https:\/\/www.parsum.de\/en\/?s={search_term_string}\"},\"query-input\":{\"@type\":\"PropertyValueSpecification\",\"valueRequired\":true,\"valueName\":\"search_term_string\"}}],\"inLanguage\":\"en-GB\"}]}<\/script>\n<!-- \/ Yoast SEO plugin. -->","yoast_head_json":{"title":"Certifications - Parsum EN","robots":{"index":"index","follow":"follow","max-snippet":"max-snippet:-1","max-image-preview":"max-image-preview:large","max-video-preview":"max-video-preview:-1"},"canonical":"https:\/\/www.parsum.de\/en\/company\/certifications\/","og_locale":"en_GB","og_type":"article","og_title":"Certifications - Parsum EN","og_description":"[vc_row css=&#8221;.vc_custom_1508311552159{padding-top: 70px !important;}&#8221;][vc_column][vc_column_text css=&#8221;&#8221;] Since 2009, we have been using an ISO 9001:2008-compliant quality management system certified by SGS International Certification Services in Hamburg, which was updated\u00a0to the current\u00a0ISO 9001: 2015 system in 2018. We see this as an important step towards guaranteeing our customers optimal quality at all times with the continuing advanced&hellip;","og_url":"https:\/\/www.parsum.de\/en\/company\/certifications\/","og_site_name":"Parsum EN","article_modified_time":"2024-05-29T22:49:29+00:00","twitter_card":"summary_large_image","twitter_misc":{"Estimated reading time":"1 minute"},"schema":{"@context":"https:\/\/schema.org","@graph":[{"@type":"WebPage","@id":"https:\/\/www.parsum.de\/en\/company\/certifications\/","url":"https:\/\/www.parsum.de\/en\/company\/certifications\/","name":"Certifications - Parsum EN","isPartOf":{"@id":"https:\/\/www.parsum.de\/en\/#website"},"datePublished":"2018-04-18T11:26:44+00:00","dateModified":"2024-05-29T22:49:29+00:00","breadcrumb":{"@id":"https:\/\/www.parsum.de\/en\/company\/certifications\/#breadcrumb"},"inLanguage":"en-GB","potentialAction":[{"@type":"ReadAction","target":["https:\/\/www.parsum.de\/en\/company\/certifications\/"]}]},{"@type":"BreadcrumbList","@id":"https:\/\/www.parsum.de\/en\/company\/certifications\/#breadcrumb","itemListElement":[{"@type":"ListItem","position":1,"name":"Startseite","item":"https:\/\/www.parsum.de\/en\/"},{"@type":"ListItem","position":2,"name":"Company","item":"https:\/\/www.parsum.de\/en\/company\/"},{"@type":"ListItem","position":3,"name":"Certifications"}]},{"@type":"WebSite","@id":"https:\/\/www.parsum.de\/en\/#website","url":"https:\/\/www.parsum.de\/en\/","name":"Parsum EN","description":"Gesellschaft f\u00fcr Partikel-, Str\u00f6mungs- und Umweltme\u00dftechnik mbH","potentialAction":[{"@type":"SearchAction","target":{"@type":"EntryPoint","urlTemplate":"https:\/\/www.parsum.de\/en\/?s={search_term_string}"},"query-input":{"@type":"PropertyValueSpecification","valueRequired":true,"valueName":"search_term_string"}}],"inLanguage":"en-GB"}]}},"_links":{"self":[{"href":"https:\/\/www.parsum.de\/en\/wp-json\/wp\/v2\/pages\/92","targetHints":{"allow":["GET"]}}],"collection":[{"href":"https:\/\/www.parsum.de\/en\/wp-json\/wp\/v2\/pages"}],"about":[{"href":"https:\/\/www.parsum.de\/en\/wp-json\/wp\/v2\/types\/page"}],"author":[{"embeddable":true,"href":"https:\/\/www.parsum.de\/en\/wp-json\/wp\/v2\/users\/1"}],"replies":[{"embeddable":true,"href":"https:\/\/www.parsum.de\/en\/wp-json\/wp\/v2\/comments?post=92"}],"version-history":[{"count":8,"href":"https:\/\/www.parsum.de\/en\/wp-json\/wp\/v2\/pages\/92\/revisions"}],"predecessor-version":[{"id":597,"href":"https:\/\/www.parsum.de\/en\/wp-json\/wp\/v2\/pages\/92\/revisions\/597"}],"up":[{"embeddable":true,"href":"https:\/\/www.parsum.de\/en\/wp-json\/wp\/v2\/pages\/49"}],"wp:attachment":[{"href":"https:\/\/www.parsum.de\/en\/wp-json\/wp\/v2\/media?parent=92"}],"curies":[{"name":"wp","href":"https:\/\/api.w.org\/{rel}","templated":true}]}}