{"id":95,"date":"2018-04-18T13:27:41","date_gmt":"2018-04-18T11:27:41","guid":{"rendered":"http:\/\/www.parsum.de\/en\/?page_id=95"},"modified":"2024-04-20T22:15:11","modified_gmt":"2024-04-20T20:15:11","slug":"jobs-internships","status":"publish","type":"page","link":"https:\/\/www.parsum.de\/en\/company\/jobs-internships\/","title":{"rendered":"Jobs &amp; internships"},"content":{"rendered":"<div class=\"wpb-content-wrapper\"><p>[vc_row gap=&#8221;15&#8243; css=&#8221;.vc_custom_1508311990615{padding-top: 70px !important;}&#8221;][vc_column width=&#8221;1\/2&#8243; css=&#8221;.vc_custom_1508312019164{padding-top: 30px !important;padding-right: 30px !important;padding-bottom: 30px !important;padding-left: 30px !important;background-color: #f5f5f5 !important;}&#8221;]<div id=\"ultimate-heading-232069de14b79c775\" class=\"uvc-heading ult-adjust-bottom-margin ultimate-heading-232069de14b79c775 uvc-1248 accent-border-color\" data-hspacer=\"line_only\"  data-halign=\"center\" style=\"text-align:center\"><div class=\"uvc-main-heading ult-responsive\"  data-ultimate-target='.uvc-heading.ultimate-heading-232069de14b79c775 h2'  data-responsive-json-new='{\"font-size\":\"desktop:30px;\",\"line-height\":\"desktop:36px;\"}' ><h2 style=\"font-weight:bold;margin-bottom:5px;\">Dissertation\/study placements<\/h2><\/div><div class=\"uvc-heading-spacer line_only\" style=\"margin-bottom:30px;height:5px;\"><span class=\"uvc-headings-line\" style=\"border-style:solid;border-bottom-width:5px;border-color:;width:200px;\"><\/span><\/div><\/div>[vc_column_text]As an innovative company in the field of optoelectronic measurement technology, we are always looking for qualified specialists. With our latest developments in the area of particle size measuring technology, we are aiming for sustainable success in the German and international markets.<\/p>\n<p>We also give students and trainees opportunities for interesting internships as well as research and dissertation work, as well as valuable insights into how things work in practice.<\/p>\n<p>We offer various dissertation and study placements aimed at the further development of our innovative patented measuring method for inline particle size determination and the adaptation of this method to various industrial measurement conditions. These placements can be carried out in the field of design and development or in the field of software programming.[\/vc_column_text][vc_separator style=&#8221;dashed&#8221; border_width=&#8221;3&#8243;]<div class=\"standard-arrow bullet-top\"><p><strong>Key topics<\/strong><\/p>\n<p>1. Process technology\/design:<\/p>\n<ul>\n<li>Experimental investigation of the suitability of various methods for preventing contamination on optical surfaces<\/li>\n<li>Precision engineering \/ optical device development<\/li>\n<li>Tests on the implementation of a modified particle measuring system<\/li>\n<li>for particles with specific optical properties<\/li>\n<\/ul>\n<p>2. Software:<\/p>\n<ul>\n<li>Development of concepts for internet-based value transmission and remote diagnostics for a particle size measuring system<\/li>\n<\/ul>\n<\/div>[vc_column_text]Our dissertation students will receive a monthly monetary contribution. Regardless of the assessment of your work by the university\/technical college, an additional bonus payment may be made if the work is of particular benefit to the company.[\/vc_column_text][\/vc_column][\/vc_row]<\/p>\n<\/div>","protected":false},"excerpt":{"rendered":"<p>[vc_row gap=&#8221;15&#8243; css=&#8221;.vc_custom_1508311990615{padding-top: 70px !important;}&#8221;][vc_column width=&#8221;1\/2&#8243; css=&#8221;.vc_custom_1508312019164{padding-top: 30px !important;padding-right: 30px !important;padding-bottom: 30px !important;padding-left: 30px !important;background-color: #f5f5f5 !important;}&#8221;][vc_column_text]As an innovative company in the field of optoelectronic measurement technology, we are always looking for qualified specialists. With our latest developments in the area of particle size measuring technology, we are aiming for sustainable success in the German&hellip;<\/p>\n","protected":false},"author":1,"featured_media":0,"parent":49,"menu_order":0,"comment_status":"closed","ping_status":"closed","template":"","meta":{"footnotes":""},"class_list":["post-95","page","type-page","status-publish","hentry","description-off"],"yoast_head":"<!-- This site is optimized with the Yoast SEO plugin v25.1 - https:\/\/yoast.com\/wordpress\/plugins\/seo\/ -->\n<title>Jobs &amp; internships - Parsum EN<\/title>\n<meta name=\"robots\" content=\"index, follow, max-snippet:-1, max-image-preview:large, max-video-preview:-1\" \/>\n<link rel=\"canonical\" href=\"https:\/\/www.parsum.de\/en\/company\/jobs-internships\/\" \/>\n<meta property=\"og:locale\" content=\"en_GB\" \/>\n<meta property=\"og:type\" content=\"article\" \/>\n<meta property=\"og:title\" content=\"Jobs &amp; internships - Parsum EN\" \/>\n<meta property=\"og:description\" content=\"[vc_row gap=&#8221;15&#8243; css=&#8221;.vc_custom_1508311990615{padding-top: 70px !important;}&#8221;][vc_column width=&#8221;1\/2&#8243; css=&#8221;.vc_custom_1508312019164{padding-top: 30px !important;padding-right: 30px !important;padding-bottom: 30px !important;padding-left: 30px !important;background-color: #f5f5f5 !important;}&#8221;][vc_column_text]As an innovative company in the field of optoelectronic measurement technology, we are always looking for qualified specialists. With our latest developments in the area of particle size measuring technology, we are aiming for sustainable success in the German&hellip;\" \/>\n<meta property=\"og:url\" content=\"https:\/\/www.parsum.de\/en\/company\/jobs-internships\/\" \/>\n<meta property=\"og:site_name\" content=\"Parsum EN\" \/>\n<meta property=\"article:modified_time\" content=\"2024-04-20T20:15:11+00:00\" \/>\n<meta name=\"twitter:card\" content=\"summary_large_image\" \/>\n<meta name=\"twitter:label1\" content=\"Estimated reading time\" \/>\n\t<meta name=\"twitter:data1\" content=\"2 minutes\" \/>\n<script type=\"application\/ld+json\" class=\"yoast-schema-graph\">{\"@context\":\"https:\/\/schema.org\",\"@graph\":[{\"@type\":\"WebPage\",\"@id\":\"https:\/\/www.parsum.de\/en\/company\/jobs-internships\/\",\"url\":\"https:\/\/www.parsum.de\/en\/company\/jobs-internships\/\",\"name\":\"Jobs &amp; internships - Parsum EN\",\"isPartOf\":{\"@id\":\"https:\/\/www.parsum.de\/en\/#website\"},\"datePublished\":\"2018-04-18T11:27:41+00:00\",\"dateModified\":\"2024-04-20T20:15:11+00:00\",\"breadcrumb\":{\"@id\":\"https:\/\/www.parsum.de\/en\/company\/jobs-internships\/#breadcrumb\"},\"inLanguage\":\"en-GB\",\"potentialAction\":[{\"@type\":\"ReadAction\",\"target\":[\"https:\/\/www.parsum.de\/en\/company\/jobs-internships\/\"]}]},{\"@type\":\"BreadcrumbList\",\"@id\":\"https:\/\/www.parsum.de\/en\/company\/jobs-internships\/#breadcrumb\",\"itemListElement\":[{\"@type\":\"ListItem\",\"position\":1,\"name\":\"Startseite\",\"item\":\"https:\/\/www.parsum.de\/en\/\"},{\"@type\":\"ListItem\",\"position\":2,\"name\":\"Company\",\"item\":\"https:\/\/www.parsum.de\/en\/company\/\"},{\"@type\":\"ListItem\",\"position\":3,\"name\":\"Jobs &amp; internships\"}]},{\"@type\":\"WebSite\",\"@id\":\"https:\/\/www.parsum.de\/en\/#website\",\"url\":\"https:\/\/www.parsum.de\/en\/\",\"name\":\"Parsum EN\",\"description\":\"Gesellschaft f\u00fcr Partikel-, Str\u00f6mungs- und Umweltme\u00dftechnik mbH\",\"potentialAction\":[{\"@type\":\"SearchAction\",\"target\":{\"@type\":\"EntryPoint\",\"urlTemplate\":\"https:\/\/www.parsum.de\/en\/?s={search_term_string}\"},\"query-input\":{\"@type\":\"PropertyValueSpecification\",\"valueRequired\":true,\"valueName\":\"search_term_string\"}}],\"inLanguage\":\"en-GB\"}]}<\/script>\n<!-- \/ Yoast SEO plugin. -->","yoast_head_json":{"title":"Jobs &amp; internships - Parsum EN","robots":{"index":"index","follow":"follow","max-snippet":"max-snippet:-1","max-image-preview":"max-image-preview:large","max-video-preview":"max-video-preview:-1"},"canonical":"https:\/\/www.parsum.de\/en\/company\/jobs-internships\/","og_locale":"en_GB","og_type":"article","og_title":"Jobs &amp; internships - Parsum EN","og_description":"[vc_row gap=&#8221;15&#8243; css=&#8221;.vc_custom_1508311990615{padding-top: 70px !important;}&#8221;][vc_column width=&#8221;1\/2&#8243; css=&#8221;.vc_custom_1508312019164{padding-top: 30px !important;padding-right: 30px !important;padding-bottom: 30px !important;padding-left: 30px !important;background-color: #f5f5f5 !important;}&#8221;][vc_column_text]As an innovative company in the field of optoelectronic measurement technology, we are always looking for qualified specialists. With our latest developments in the area of particle size measuring technology, we are aiming for sustainable success in the German&hellip;","og_url":"https:\/\/www.parsum.de\/en\/company\/jobs-internships\/","og_site_name":"Parsum EN","article_modified_time":"2024-04-20T20:15:11+00:00","twitter_card":"summary_large_image","twitter_misc":{"Estimated reading time":"2 minutes"},"schema":{"@context":"https:\/\/schema.org","@graph":[{"@type":"WebPage","@id":"https:\/\/www.parsum.de\/en\/company\/jobs-internships\/","url":"https:\/\/www.parsum.de\/en\/company\/jobs-internships\/","name":"Jobs &amp; internships - Parsum EN","isPartOf":{"@id":"https:\/\/www.parsum.de\/en\/#website"},"datePublished":"2018-04-18T11:27:41+00:00","dateModified":"2024-04-20T20:15:11+00:00","breadcrumb":{"@id":"https:\/\/www.parsum.de\/en\/company\/jobs-internships\/#breadcrumb"},"inLanguage":"en-GB","potentialAction":[{"@type":"ReadAction","target":["https:\/\/www.parsum.de\/en\/company\/jobs-internships\/"]}]},{"@type":"BreadcrumbList","@id":"https:\/\/www.parsum.de\/en\/company\/jobs-internships\/#breadcrumb","itemListElement":[{"@type":"ListItem","position":1,"name":"Startseite","item":"https:\/\/www.parsum.de\/en\/"},{"@type":"ListItem","position":2,"name":"Company","item":"https:\/\/www.parsum.de\/en\/company\/"},{"@type":"ListItem","position":3,"name":"Jobs &amp; internships"}]},{"@type":"WebSite","@id":"https:\/\/www.parsum.de\/en\/#website","url":"https:\/\/www.parsum.de\/en\/","name":"Parsum EN","description":"Gesellschaft f\u00fcr Partikel-, Str\u00f6mungs- und Umweltme\u00dftechnik mbH","potentialAction":[{"@type":"SearchAction","target":{"@type":"EntryPoint","urlTemplate":"https:\/\/www.parsum.de\/en\/?s={search_term_string}"},"query-input":{"@type":"PropertyValueSpecification","valueRequired":true,"valueName":"search_term_string"}}],"inLanguage":"en-GB"}]}},"_links":{"self":[{"href":"https:\/\/www.parsum.de\/en\/wp-json\/wp\/v2\/pages\/95","targetHints":{"allow":["GET"]}}],"collection":[{"href":"https:\/\/www.parsum.de\/en\/wp-json\/wp\/v2\/pages"}],"about":[{"href":"https:\/\/www.parsum.de\/en\/wp-json\/wp\/v2\/types\/page"}],"author":[{"embeddable":true,"href":"https:\/\/www.parsum.de\/en\/wp-json\/wp\/v2\/users\/1"}],"replies":[{"embeddable":true,"href":"https:\/\/www.parsum.de\/en\/wp-json\/wp\/v2\/comments?post=95"}],"version-history":[{"count":10,"href":"https:\/\/www.parsum.de\/en\/wp-json\/wp\/v2\/pages\/95\/revisions"}],"predecessor-version":[{"id":584,"href":"https:\/\/www.parsum.de\/en\/wp-json\/wp\/v2\/pages\/95\/revisions\/584"}],"up":[{"embeddable":true,"href":"https:\/\/www.parsum.de\/en\/wp-json\/wp\/v2\/pages\/49"}],"wp:attachment":[{"href":"https:\/\/www.parsum.de\/en\/wp-json\/wp\/v2\/media?parent=95"}],"curies":[{"name":"wp","href":"https:\/\/api.w.org\/{rel}","templated":true}]}}