{"id":99,"date":"2018-04-18T13:33:41","date_gmt":"2018-04-18T11:33:41","guid":{"rendered":"http:\/\/www.parsum.de\/en\/?page_id=99"},"modified":"2024-05-30T01:15:51","modified_gmt":"2024-05-29T23:15:51","slug":"research-development","status":"publish","type":"page","link":"https:\/\/www.parsum.de\/en\/company\/research-development\/","title":{"rendered":"Research &#038; Development"},"content":{"rendered":"<div class=\"wpb-content-wrapper\"><p>[vc_row css=&#8221;.vc_custom_1508313172831{padding-top: 70px !important;}&#8221;][vc_column][vc_column_text]We are constantly improving our products and tapping into new application fields.<\/p>\n<p>We work with universities and colleges, users and plant manufacturers on a number of varied projects to develop new solutions in the field of inline particle measurement.[\/vc_column_text][\/vc_column][\/vc_row][vc_row color=&#8221;grey&#8221; align=&#8221;align_center&#8221; style=&#8221;dashed&#8221; border_width=&#8221;3&#8243; el_width=&#8221;&#8221; accent_color=&#8221;&#8221;][vc_column][vc_separator style=&#8221;dashed&#8221; border_width=&#8221;3&#8243;][\/vc_column][\/vc_row][vc_row main_heading=&#8221;Leitbild&#8221; main_heading_color=&#8221;&#8221; heading_tag=&#8221;h2&#8243; sub_heading_color=&#8221;&#8221; alignment=&#8221;center&#8221; spacer=&#8221;line_only&#8221; spacer_position=&#8221;middle&#8221; spacer_img_width=&#8221;48&#8243; line_style=&#8221;solid&#8221; line_height=&#8221;5&#8243; line_color=&#8221;&#8221; line_icon_fixer=&#8221;10&#8243; main_heading_font_size=&#8221;desktop:30px;&#8221; main_heading_line_height=&#8221;desktop:36px;&#8221; el_class=&#8221;accent-border-color&#8221; sub_heading_font_family=&#8221;font_family:|font_call:&#8221; main_heading_style=&#8221;font-weight:bold;&#8221; sub_heading_style=&#8221;font-weight:700;&#8221; line_width=&#8221;200&#8243; spacer_margin=&#8221;margin-bottom:30px;&#8221; main_heading_margin=&#8221;margin-bottom:5px;&#8221; main_heading_typograpy=&#8221;&#8221; main_heading_font_family=&#8221;&#8221; margin_design_tab_text=&#8221;&#8221; sub_heading_typograpy=&#8221;&#8221; sub_heading_font_size=&#8221;&#8221; sub_heading_line_height=&#8221;&#8221; sub_heading_margin=&#8221;&#8221; spacer_img=&#8221;&#8221;][vc_column]<div id=\"ultimate-heading-430269f465a72f72d\" class=\"uvc-heading ult-adjust-bottom-margin ultimate-heading-430269f465a72f72d uvc-9045 accent-border-color\" data-hspacer=\"line_only\"  data-halign=\"center\" style=\"text-align:center\"><div class=\"uvc-main-heading ult-responsive\"  data-ultimate-target='.uvc-heading.ultimate-heading-430269f465a72f72d h2'  data-responsive-json-new='{\"font-size\":\"desktop:30px;\",\"line-height\":\"desktop:36px;\"}' ><h2 style=\"font-weight:bold;margin-bottom:5px;\">Recent Projects<\/h2><\/div><div class=\"uvc-heading-spacer line_only\" style=\"margin-bottom:30px;height:5px;\"><span class=\"uvc-headings-line\" style=\"border-style:solid;border-bottom-width:5px;border-color:;width:200px;\"><\/span><\/div><\/div>[\/vc_column][\/vc_row][vc_row gap=&#8221;20&#8243; equal_height=&#8221;yes&#8221;][vc_column width=&#8221;1\/2&#8243; css=&#8221;.vc_custom_1513001934204{background-color: #ebebeb !important;}&#8221;]<div id=\"ultimate-heading-339969f465a72f772\" class=\"uvc-heading ult-adjust-bottom-margin ultimate-heading-339969f465a72f772 uvc-4486 accent-border-color\" data-hspacer=\"no_spacer\"  data-halign=\"left\" style=\"text-align:left\"><div class=\"uvc-heading-spacer no_spacer\" style=\"top\"><\/div><div class=\"uvc-sub-heading ult-responsive\"  data-ultimate-target='.uvc-heading.ultimate-heading-339969f465a72f772 .uvc-sub-heading '  data-responsive-json-new='{\"font-size\":\"\",\"line-height\":\"\"}'  style=\"font-weight:700;margin-bottom:10px;\">Development of an innovative roller press for continuous dry granulation for the pharmaceutical industry using process-analytical technology (PAT).<\/div><\/div>[vc_column_text]The project is funded by the German Federal Ministry for Economic Affairs and Energy as part of the Central Innovation Programme for SMEs (<em>Zentrales Innovationsprogramm Mittelstand<\/em> \u2013 ZIM).[\/vc_column_text][vc_column_text]Project partner:[\/vc_column_text][vc_row_inner][vc_column_inner width=&#8221;1\/2&#8243;][vc_single_image image=&#8221;107&#8243; img_size=&#8221;full&#8221; alignment=&#8221;center&#8221; image_hovers=&#8221;false&#8221; lazy_loading=&#8221;true&#8221;][vc_column_text]<\/p>\n<p style=\"text-align: center;\"><a href=\"https:\/\/www.tuhh.de\/spe\/home.html\" target=\"_blank\" rel=\"noopener\">Technische Universit\u00e4t Hamburg-Harburg<\/a><\/p>\n<p>[\/vc_column_text][\/vc_column_inner][vc_column_inner width=&#8221;1\/2&#8243;][vc_single_image image=&#8221;102&#8243; img_size=&#8221;full&#8221; alignment=&#8221;center&#8221; image_hovers=&#8221;false&#8221; lazy_loading=&#8221;true&#8221;][vc_column_text]<\/p>\n<p style=\"text-align: center;\"><a href=\"http:\/\/www.alexanderwerk.com\/\" target=\"_blank\" rel=\"noopener\">Alexanderwerk GmbH, Remscheid<\/a><\/p>\n<p>[\/vc_column_text][\/vc_column_inner][\/vc_row_inner][\/vc_column][vc_column width=&#8221;1\/2&#8243; css=&#8221;.vc_custom_1513001940747{background-color: #ebebeb !important;}&#8221;]<div id=\"ultimate-heading-777069f465a72f7a0\" class=\"uvc-heading ult-adjust-bottom-margin ultimate-heading-777069f465a72f7a0 uvc-4942 accent-border-color\" data-hspacer=\"no_spacer\"  data-halign=\"left\" style=\"text-align:left\"><div class=\"uvc-heading-spacer no_spacer\" style=\"top\"><\/div><div class=\"uvc-sub-heading ult-responsive\"  data-ultimate-target='.uvc-heading.ultimate-heading-777069f465a72f7a0 .uvc-sub-heading '  data-responsive-json-new='{\"font-size\":\"\",\"line-height\":\"\"}'  style=\"font-weight:700;margin-bottom:10px;\">Characterisation of energy- and resource-saving melt granulation methods in intensive mixer granulators using the fibre-optic spatial filter method<\/div><\/div>[vc_column_text]The project is funded by the German Federal Environmental Foundation as part of the \u201csustainable pharmacy\u201d funding initiative.[\/vc_column_text][vc_column_text]Project partner:[\/vc_column_text][vc_row_inner][vc_column_inner width=&#8221;1\/2&#8243;][vc_single_image image=&#8221;108&#8243; img_size=&#8221;full&#8221; alignment=&#8221;center&#8221; image_hovers=&#8221;false&#8221; lazy_loading=&#8221;true&#8221;][vc_column_text]<\/p>\n<p style=\"text-align: center;\"><a href=\"https:\/\/www.hs-owl.de\/fb4\/labore-und-technika\/pharma-technik\/fue71\/dbu-projekt-patandshear.html\" target=\"_blank\" rel=\"noopener\">Hochschule Ostwestfalen-Lippe, Pharmatechnik, Life Science Technologies, Detmold<\/a><\/p>\n<p>[\/vc_column_text][\/vc_column_inner][vc_column_inner width=&#8221;1\/2&#8243;][vc_single_image image=&#8221;104&#8243; img_size=&#8221;full&#8221; alignment=&#8221;center&#8221; image_hovers=&#8221;false&#8221; lazy_loading=&#8221;true&#8221;][vc_column_text]<\/p>\n<p style=\"text-align: center;\"><a href=\"http:\/\/www.diosna.de\/de\/the-pharma-experts\/\" target=\"_blank\" rel=\"noopener\">DIOSNA Dierks &amp; S\u00f6hne GmbH, Osnabr\u00fcck<\/a><\/p>\n<p>[\/vc_column_text][\/vc_column_inner][\/vc_row_inner][\/vc_column][\/vc_row][vc_row gap=&#8221;20&#8243;][vc_column css=&#8221;.vc_custom_1513001934204{background-color: #ebebeb !important;}&#8221;]<div id=\"ultimate-heading-542869f465a72f7c9\" class=\"uvc-heading ult-adjust-bottom-margin ultimate-heading-542869f465a72f7c9 uvc-2215 accent-border-color\" data-hspacer=\"no_spacer\"  data-halign=\"left\" style=\"text-align:left\"><div class=\"uvc-heading-spacer no_spacer\" style=\"top\"><\/div><div class=\"uvc-sub-heading ult-responsive\"  data-ultimate-target='.uvc-heading.ultimate-heading-542869f465a72f7c9 .uvc-sub-heading '  data-responsive-json-new='{\"font-size\":\"\",\"line-height\":\"\"}'  style=\"font-weight:700;margin-bottom:10px;\">Energy-related optimisation of fluidised bed processes using PAT-controlled feedback loops<\/div><\/div>[vc_column_text]The project is funded by the German Federal Environmental Foundation as part of the \u201csustainable pharmacy\u201d funding initiative.[\/vc_column_text][vc_column_text]Project partner:[\/vc_column_text][vc_row_inner][vc_column_inner width=&#8221;1\/3&#8243;][vc_single_image image=&#8221;106&#8243; img_size=&#8221;full&#8221; alignment=&#8221;center&#8221; image_hovers=&#8221;false&#8221; lazy_loading=&#8221;true&#8221;][vc_column_text]<\/p>\n<p style=\"text-align: center;\"><a href=\"http:\/\/www.pharmazie.hhu.de\/institute\/ptb.html\" target=\"_blank\" rel=\"noopener\">Heinrich Heine University D\u00fcsseldorf, Institute of Pharmaceutics and Biopharmaceutics<\/a><\/p>\n<p>[\/vc_column_text][\/vc_column_inner][vc_column_inner width=&#8221;1\/3&#8243;][vc_single_image image=&#8221;105&#8243; img_size=&#8221;full&#8221; alignment=&#8221;center&#8221; image_hovers=&#8221;false&#8221; lazy_loading=&#8221;true&#8221;][vc_column_text]<\/p>\n<p style=\"text-align: center;\"><a href=\"https:\/\/www.glatt.com\/de\/home\/\" target=\"_blank\" rel=\"noopener\">Glatt GmbH, Process Technology Pharma, Pharmaceutical Services, Binzen<\/a><\/p>\n<p>[\/vc_column_text][\/vc_column_inner][vc_column_inner width=&#8221;1\/3&#8243;][vc_single_image image=&#8221;103&#8243; img_size=&#8221;full&#8221; alignment=&#8221;center&#8221; image_hovers=&#8221;false&#8221; lazy_loading=&#8221;true&#8221;][vc_column_text]<\/p>\n<p style=\"text-align: center;\"><a href=\"https:\/\/www.boehringer-ingelheim.de\/\" target=\"_blank\" rel=\"noopener\">Boehringer Ingelheim Pharma GmbH &amp; Co. KG Process Science &amp; Packaging Development, Ingelheim am Rhein<\/a><\/p>\n<p>[\/vc_column_text][\/vc_column_inner][\/vc_row_inner][\/vc_column][\/vc_row][vc_row][vc_column][vc_empty_space height=&#8221;50px&#8221;][\/vc_column][\/vc_row][vc_row][vc_column][vc_column_text]<img loading=\"lazy\" decoding=\"async\" class=\"alignleft size-medium wp-image-109\" src=\"https:\/\/www.parsum.de\/en\/wp-content\/uploads\/sites\/2\/2018\/04\/logo-wigratec-300x150.png\" alt=\"\" width=\"300\" height=\"150\" srcset=\"https:\/\/www.parsum.de\/en\/wp-content\/uploads\/sites\/2\/2018\/04\/logo-wigratec-300x150.png 300w, https:\/\/www.parsum.de\/en\/wp-content\/uploads\/sites\/2\/2018\/04\/logo-wigratec.png 400w\" sizes=\"auto, (max-width: 300px) 100vw, 300px\" \/><\/p>\n<p>We are also a member of <a href=\"http:\/\/www.wigratec.de\/\" target=\"_blank\" rel=\"noopener\">WIGRATEC<\/a>, a research-and-development-oriented alliance of several companies and institutions in the field of fluidised bed technology. The common goal lies in the development of innovative system and process technologies that make it possible to produce new and higher-value property profiles for fine chemicals, pharmaceuticals, foodstuffs and biotechnological products. The project is funded by the German Federal Ministry for Education and Research[\/vc_column_text][\/vc_column][\/vc_row][vc_row][vc_column][vc_empty_space height=&#8221;50px&#8221;][\/vc_column][\/vc_row]<\/p>\n<\/div>","protected":false},"excerpt":{"rendered":"<p>[vc_row css=&#8221;.vc_custom_1508313172831{padding-top: 70px !important;}&#8221;][vc_column][vc_column_text]We are constantly improving our products and tapping into new application fields. We work with universities and colleges, users and plant manufacturers on a number of varied projects to develop new solutions in the field of inline particle measurement.[\/vc_column_text][\/vc_column][\/vc_row][vc_row color=&#8221;grey&#8221; align=&#8221;align_center&#8221; style=&#8221;dashed&#8221; border_width=&#8221;3&#8243; el_width=&#8221;&#8221; accent_color=&#8221;&#8221;][vc_column][vc_separator style=&#8221;dashed&#8221; border_width=&#8221;3&#8243;][\/vc_column][\/vc_row][vc_row main_heading=&#8221;Leitbild&#8221; main_heading_color=&#8221;&#8221; heading_tag=&#8221;h2&#8243; sub_heading_color=&#8221;&#8221; alignment=&#8221;center&#8221;&hellip;<\/p>\n","protected":false},"author":1,"featured_media":0,"parent":49,"menu_order":0,"comment_status":"closed","ping_status":"closed","template":"","meta":{"footnotes":""},"class_list":["post-99","page","type-page","status-publish","hentry","description-off"],"yoast_head":"<!-- This site is optimized with the Yoast SEO plugin v25.1 - https:\/\/yoast.com\/wordpress\/plugins\/seo\/ -->\n<title>Research &amp; Development - Parsum EN<\/title>\n<meta name=\"robots\" content=\"index, follow, max-snippet:-1, max-image-preview:large, max-video-preview:-1\" \/>\n<link rel=\"canonical\" href=\"https:\/\/www.parsum.de\/en\/company\/research-development\/\" \/>\n<meta property=\"og:locale\" content=\"en_GB\" \/>\n<meta property=\"og:type\" content=\"article\" \/>\n<meta property=\"og:title\" content=\"Research &amp; Development - Parsum EN\" \/>\n<meta property=\"og:description\" content=\"[vc_row css=&#8221;.vc_custom_1508313172831{padding-top: 70px !important;}&#8221;][vc_column][vc_column_text]We are constantly improving our products and tapping into new application fields. We work with universities and colleges, users and plant manufacturers on a number of varied projects to develop new solutions in the field of inline particle measurement.[\/vc_column_text][\/vc_column][\/vc_row][vc_row color=&#8221;grey&#8221; align=&#8221;align_center&#8221; style=&#8221;dashed&#8221; border_width=&#8221;3&#8243; el_width=&#8221;&#8221; accent_color=&#8221;&#8221;][vc_column][vc_separator style=&#8221;dashed&#8221; border_width=&#8221;3&#8243;][\/vc_column][\/vc_row][vc_row main_heading=&#8221;Leitbild&#8221; main_heading_color=&#8221;&#8221; heading_tag=&#8221;h2&#8243; sub_heading_color=&#8221;&#8221; alignment=&#8221;center&#8221;&hellip;\" \/>\n<meta property=\"og:url\" content=\"https:\/\/www.parsum.de\/en\/company\/research-development\/\" \/>\n<meta property=\"og:site_name\" content=\"Parsum EN\" \/>\n<meta property=\"article:modified_time\" content=\"2024-05-29T23:15:51+00:00\" \/>\n<meta property=\"og:image\" content=\"https:\/\/www.parsum.de\/en\/wp-content\/uploads\/sites\/2\/2018\/04\/logo-wigratec-300x150.png\" \/>\n<meta name=\"twitter:card\" content=\"summary_large_image\" \/>\n<meta name=\"twitter:label1\" content=\"Estimated reading time\" \/>\n\t<meta name=\"twitter:data1\" content=\"2 minutes\" \/>\n<script type=\"application\/ld+json\" class=\"yoast-schema-graph\">{\"@context\":\"https:\/\/schema.org\",\"@graph\":[{\"@type\":\"WebPage\",\"@id\":\"https:\/\/www.parsum.de\/en\/company\/research-development\/\",\"url\":\"https:\/\/www.parsum.de\/en\/company\/research-development\/\",\"name\":\"Research & Development - Parsum EN\",\"isPartOf\":{\"@id\":\"https:\/\/www.parsum.de\/en\/#website\"},\"primaryImageOfPage\":{\"@id\":\"https:\/\/www.parsum.de\/en\/company\/research-development\/#primaryimage\"},\"image\":{\"@id\":\"https:\/\/www.parsum.de\/en\/company\/research-development\/#primaryimage\"},\"thumbnailUrl\":\"https:\/\/www.parsum.de\/en\/wp-content\/uploads\/sites\/2\/2018\/04\/logo-wigratec-300x150.png\",\"datePublished\":\"2018-04-18T11:33:41+00:00\",\"dateModified\":\"2024-05-29T23:15:51+00:00\",\"breadcrumb\":{\"@id\":\"https:\/\/www.parsum.de\/en\/company\/research-development\/#breadcrumb\"},\"inLanguage\":\"en-GB\",\"potentialAction\":[{\"@type\":\"ReadAction\",\"target\":[\"https:\/\/www.parsum.de\/en\/company\/research-development\/\"]}]},{\"@type\":\"ImageObject\",\"inLanguage\":\"en-GB\",\"@id\":\"https:\/\/www.parsum.de\/en\/company\/research-development\/#primaryimage\",\"url\":\"https:\/\/www.parsum.de\/en\/wp-content\/uploads\/sites\/2\/2018\/04\/logo-wigratec.png\",\"contentUrl\":\"https:\/\/www.parsum.de\/en\/wp-content\/uploads\/sites\/2\/2018\/04\/logo-wigratec.png\",\"width\":400,\"height\":200},{\"@type\":\"BreadcrumbList\",\"@id\":\"https:\/\/www.parsum.de\/en\/company\/research-development\/#breadcrumb\",\"itemListElement\":[{\"@type\":\"ListItem\",\"position\":1,\"name\":\"Startseite\",\"item\":\"https:\/\/www.parsum.de\/en\/\"},{\"@type\":\"ListItem\",\"position\":2,\"name\":\"Company\",\"item\":\"https:\/\/www.parsum.de\/en\/company\/\"},{\"@type\":\"ListItem\",\"position\":3,\"name\":\"Research &#038; Development\"}]},{\"@type\":\"WebSite\",\"@id\":\"https:\/\/www.parsum.de\/en\/#website\",\"url\":\"https:\/\/www.parsum.de\/en\/\",\"name\":\"Parsum EN\",\"description\":\"Gesellschaft f\u00fcr Partikel-, Str\u00f6mungs- und Umweltme\u00dftechnik mbH\",\"potentialAction\":[{\"@type\":\"SearchAction\",\"target\":{\"@type\":\"EntryPoint\",\"urlTemplate\":\"https:\/\/www.parsum.de\/en\/?s={search_term_string}\"},\"query-input\":{\"@type\":\"PropertyValueSpecification\",\"valueRequired\":true,\"valueName\":\"search_term_string\"}}],\"inLanguage\":\"en-GB\"}]}<\/script>\n<!-- \/ Yoast SEO plugin. -->","yoast_head_json":{"title":"Research & Development - Parsum EN","robots":{"index":"index","follow":"follow","max-snippet":"max-snippet:-1","max-image-preview":"max-image-preview:large","max-video-preview":"max-video-preview:-1"},"canonical":"https:\/\/www.parsum.de\/en\/company\/research-development\/","og_locale":"en_GB","og_type":"article","og_title":"Research & Development - Parsum EN","og_description":"[vc_row css=&#8221;.vc_custom_1508313172831{padding-top: 70px !important;}&#8221;][vc_column][vc_column_text]We are constantly improving our products and tapping into new application fields. We work with universities and colleges, users and plant manufacturers on a number of varied projects to develop new solutions in the field of inline particle measurement.[\/vc_column_text][\/vc_column][\/vc_row][vc_row color=&#8221;grey&#8221; align=&#8221;align_center&#8221; style=&#8221;dashed&#8221; border_width=&#8221;3&#8243; el_width=&#8221;&#8221; accent_color=&#8221;&#8221;][vc_column][vc_separator style=&#8221;dashed&#8221; border_width=&#8221;3&#8243;][\/vc_column][\/vc_row][vc_row main_heading=&#8221;Leitbild&#8221; main_heading_color=&#8221;&#8221; heading_tag=&#8221;h2&#8243; sub_heading_color=&#8221;&#8221; alignment=&#8221;center&#8221;&hellip;","og_url":"https:\/\/www.parsum.de\/en\/company\/research-development\/","og_site_name":"Parsum EN","article_modified_time":"2024-05-29T23:15:51+00:00","og_image":[{"url":"https:\/\/www.parsum.de\/en\/wp-content\/uploads\/sites\/2\/2018\/04\/logo-wigratec-300x150.png","type":"","width":"","height":""}],"twitter_card":"summary_large_image","twitter_misc":{"Estimated reading time":"2 minutes"},"schema":{"@context":"https:\/\/schema.org","@graph":[{"@type":"WebPage","@id":"https:\/\/www.parsum.de\/en\/company\/research-development\/","url":"https:\/\/www.parsum.de\/en\/company\/research-development\/","name":"Research & Development - Parsum EN","isPartOf":{"@id":"https:\/\/www.parsum.de\/en\/#website"},"primaryImageOfPage":{"@id":"https:\/\/www.parsum.de\/en\/company\/research-development\/#primaryimage"},"image":{"@id":"https:\/\/www.parsum.de\/en\/company\/research-development\/#primaryimage"},"thumbnailUrl":"https:\/\/www.parsum.de\/en\/wp-content\/uploads\/sites\/2\/2018\/04\/logo-wigratec-300x150.png","datePublished":"2018-04-18T11:33:41+00:00","dateModified":"2024-05-29T23:15:51+00:00","breadcrumb":{"@id":"https:\/\/www.parsum.de\/en\/company\/research-development\/#breadcrumb"},"inLanguage":"en-GB","potentialAction":[{"@type":"ReadAction","target":["https:\/\/www.parsum.de\/en\/company\/research-development\/"]}]},{"@type":"ImageObject","inLanguage":"en-GB","@id":"https:\/\/www.parsum.de\/en\/company\/research-development\/#primaryimage","url":"https:\/\/www.parsum.de\/en\/wp-content\/uploads\/sites\/2\/2018\/04\/logo-wigratec.png","contentUrl":"https:\/\/www.parsum.de\/en\/wp-content\/uploads\/sites\/2\/2018\/04\/logo-wigratec.png","width":400,"height":200},{"@type":"BreadcrumbList","@id":"https:\/\/www.parsum.de\/en\/company\/research-development\/#breadcrumb","itemListElement":[{"@type":"ListItem","position":1,"name":"Startseite","item":"https:\/\/www.parsum.de\/en\/"},{"@type":"ListItem","position":2,"name":"Company","item":"https:\/\/www.parsum.de\/en\/company\/"},{"@type":"ListItem","position":3,"name":"Research &#038; Development"}]},{"@type":"WebSite","@id":"https:\/\/www.parsum.de\/en\/#website","url":"https:\/\/www.parsum.de\/en\/","name":"Parsum EN","description":"Gesellschaft f\u00fcr Partikel-, Str\u00f6mungs- und Umweltme\u00dftechnik mbH","potentialAction":[{"@type":"SearchAction","target":{"@type":"EntryPoint","urlTemplate":"https:\/\/www.parsum.de\/en\/?s={search_term_string}"},"query-input":{"@type":"PropertyValueSpecification","valueRequired":true,"valueName":"search_term_string"}}],"inLanguage":"en-GB"}]}},"_links":{"self":[{"href":"https:\/\/www.parsum.de\/en\/wp-json\/wp\/v2\/pages\/99","targetHints":{"allow":["GET"]}}],"collection":[{"href":"https:\/\/www.parsum.de\/en\/wp-json\/wp\/v2\/pages"}],"about":[{"href":"https:\/\/www.parsum.de\/en\/wp-json\/wp\/v2\/types\/page"}],"author":[{"embeddable":true,"href":"https:\/\/www.parsum.de\/en\/wp-json\/wp\/v2\/users\/1"}],"replies":[{"embeddable":true,"href":"https:\/\/www.parsum.de\/en\/wp-json\/wp\/v2\/comments?post=99"}],"version-history":[{"count":4,"href":"https:\/\/www.parsum.de\/en\/wp-json\/wp\/v2\/pages\/99\/revisions"}],"predecessor-version":[{"id":608,"href":"https:\/\/www.parsum.de\/en\/wp-json\/wp\/v2\/pages\/99\/revisions\/608"}],"up":[{"embeddable":true,"href":"https:\/\/www.parsum.de\/en\/wp-json\/wp\/v2\/pages\/49"}],"wp:attachment":[{"href":"https:\/\/www.parsum.de\/en\/wp-json\/wp\/v2\/media?parent=99"}],"curies":[{"name":"wp","href":"https:\/\/api.w.org\/{rel}","templated":true}]}}